{"id":43041,"date":"2026-02-10T12:46:50","date_gmt":"2026-02-10T11:46:50","guid":{"rendered":"https:\/\/product.sport.video\/cenik\/"},"modified":"2026-02-10T12:47:11","modified_gmt":"2026-02-10T11:47:11","slug":"cenik","status":"publish","type":"page","link":"https:\/\/product.sport.video\/cs\/cenik\/","title":{"rendered":"Cen\u00edk"},"content":{"rendered":"\n<div class=\"wp-block-group alignfull is-layout-flow wp-block-group-is-layout-flow\">\n<iframe src=\"https:\/\/sport.video\/embed-pricing\" id=\"iframe-pricing\" width=\"100%\" height=\"800\" style=\"border:0;\" loading=\"lazy\" referrerpolicy=\"no-referrer-when-downgrade\"><\/iframe>\n\n<script type=\"text\/javascript\">\n    const iframe = document.getElementById(\"iframe-pricing\");\n\n    window.addEventListener(\"message\", function(event) {\n        if (typeof event.data === \"number\" || typeof event.data === \"string\") {\n            iframe.height = event.data;\n        }\n    }, false);\n<\/script>\n<\/div>\n\n<div class=\"wp-block-group has-global-padding is-layout-constrained wp-block-group-is-layout-constrained\" style=\"margin-bottom:var(--wp--preset--spacing--bbe-40);padding-bottom:var(--wp--preset--spacing--bbe-80)\">\n<h2 class=\"wp-block-heading has-text-align-center\" style=\"margin-bottom:var(--wp--preset--spacing--bbe-90);letter-spacing:-0.05em;line-height:1.15\">Va\u0161e ot\u00e1zky<br\/><strong>Zodpov\u011bzeny<\/strong><\/h2>\n\n\n<div class=\"wp-block-uagb-faq uagb-faq__outer-wrap uagb-block-330deb30 uagb-faq-icon-row-reverse uagb-faq-layout-accordion uagb-faq-expand-first-false uagb-faq-inactive-other-true uagb-faq__wrap uagb-buttons-layout-wrap uagb-faq-equal-height     \" data-faqtoggle=\"true\" role=\"tablist\"><div class=\"wp-block-uagb-faq-child uagb-faq-child__outer-wrap uagb-faq-item uagb-block-11064701 \" role=\"tab\" tabindex=\"0\"><div class=\"uagb-faq-questions-button uagb-faq-questions\">\t\t\t<span class=\"uagb-icon uagb-faq-icon-wrap\">\n\t\t\t\t\t\t\t\t<svg xmlns=\"https:\/\/www.w3.org\/2000\/svg\" viewBox= \"0 0 448 512\"><path d=\"M432 256c0 17.69-14.33 32.01-32 32.01H256v144c0 17.69-14.33 31.99-32 31.99s-32-14.3-32-31.99v-144H48c-17.67 0-32-14.32-32-32.01s14.33-31.99 32-31.99H192v-144c0-17.69 14.33-32.01 32-32.01s32 14.32 32 32.01v144h144C417.7 224 432 238.3 432 256z\"><\/path><\/svg>\n\t\t\t\t\t\t\t<\/span>\n\t\t\t\t\t\t<span class=\"uagb-icon-active uagb-faq-icon-wrap\">\n\t\t\t\t\t\t\t\t<svg xmlns=\"https:\/\/www.w3.org\/2000\/svg\" viewBox= \"0 0 448 512\"><path d=\"M400 288h-352c-17.69 0-32-14.32-32-32.01s14.31-31.99 32-31.99h352c17.69 0 32 14.3 32 31.99S417.7 288 400 288z\"><\/path><\/svg>\n\t\t\t\t\t\t\t<\/span>\n\t\t\t<span class=\"uagb-question\">M\u016f\u017eeme kdykoli upgradovat nebo downgradovat n\u00e1\u0161 tarif?<\/span><\/div><div class=\"uagb-faq-content\"><p>M\u00e1te mo\u017enost vylep\u0161it si p\u0159edplatn\u00e9 upgradem na vy\u0161\u0161\u00ed \u00farove\u0148 a p\u0159echodem z m\u011bs\u00ed\u010dn\u00edho faktura\u010dn\u00edho pl\u00e1nu na ro\u010dn\u00ed. Downgrade v\u0161ak nen\u00ed podporov\u00e1n. Pokud chcete p\u0159ej\u00edt na ni\u017e\u0161\u00ed \u00farove\u0148, mus\u00edte nejprve zru\u0161it sv\u00e9 st\u00e1vaj\u00edc\u00ed p\u0159edplatn\u00e9 a po\u010dkat na jeho vypr\u0161en\u00ed. Pokud si nav\u00edc p\u0159ejete zm\u011bnit frekvenci fakturace z ro\u010dn\u00ed na m\u011bs\u00ed\u010dn\u00ed, vy\u017eaduje to tak\u00e9 p\u0159echod na p\u0159edplatn\u00e9 vy\u0161\u0161\u00ed \u00farovn\u011b.   <\/p><\/div><\/div><div class=\"wp-block-uagb-faq-child uagb-faq-child__outer-wrap uagb-faq-item uagb-block-88cfe5f4 \" role=\"tab\" tabindex=\"0\"><div class=\"uagb-faq-questions-button uagb-faq-questions\">\t\t\t<span class=\"uagb-icon uagb-faq-icon-wrap\">\n\t\t\t\t\t\t\t\t<svg xmlns=\"https:\/\/www.w3.org\/2000\/svg\" viewBox= \"0 0 448 512\"><path d=\"M432 256c0 17.69-14.33 32.01-32 32.01H256v144c0 17.69-14.33 31.99-32 31.99s-32-14.3-32-31.99v-144H48c-17.67 0-32-14.32-32-32.01s14.33-31.99 32-31.99H192v-144c0-17.69 14.33-32.01 32-32.01s32 14.32 32 32.01v144h144C417.7 224 432 238.3 432 256z\"><\/path><\/svg>\n\t\t\t\t\t\t\t<\/span>\n\t\t\t\t\t\t<span class=\"uagb-icon-active uagb-faq-icon-wrap\">\n\t\t\t\t\t\t\t\t<svg xmlns=\"https:\/\/www.w3.org\/2000\/svg\" viewBox= \"0 0 448 512\"><path d=\"M400 288h-352c-17.69 0-32-14.32-32-32.01s14.31-31.99 32-31.99h352c17.69 0 32 14.3 32 31.99S417.7 288 400 288z\"><\/path><\/svg>\n\t\t\t\t\t\t\t<\/span>\n\t\t\t<span class=\"uagb-question\">M\u016f\u017eeme si Sport.Video vyzkou\u0161et p\u0159edt\u00edm, ne\u017e se zav\u00e1\u017eeme k placen\u00e9mu tarifu?<\/span><\/div><div class=\"uagb-faq-content\"><p>Rozhodn\u011b! Sport.Video nab\u00edz\u00ed bezplatn\u00fd tarif, kter\u00fd v\u00e1m umo\u017en\u00ed vyzkou\u0161et si platformu a jej\u00ed funkce p\u0159ed rozhodnut\u00edm. <\/p><\/div><\/div><div class=\"wp-block-uagb-faq-child uagb-faq-child__outer-wrap uagb-faq-item uagb-block-edc4eea3 \" role=\"tab\" tabindex=\"0\"><div class=\"uagb-faq-questions-button uagb-faq-questions\">\t\t\t<span class=\"uagb-icon uagb-faq-icon-wrap\">\n\t\t\t\t\t\t\t\t<svg xmlns=\"https:\/\/www.w3.org\/2000\/svg\" viewBox= \"0 0 448 512\"><path d=\"M432 256c0 17.69-14.33 32.01-32 32.01H256v144c0 17.69-14.33 31.99-32 31.99s-32-14.3-32-31.99v-144H48c-17.67 0-32-14.32-32-32.01s14.33-31.99 32-31.99H192v-144c0-17.69 14.33-32.01 32-32.01s32 14.32 32 32.01v144h144C417.7 224 432 238.3 432 256z\"><\/path><\/svg>\n\t\t\t\t\t\t\t<\/span>\n\t\t\t\t\t\t<span class=\"uagb-icon-active uagb-faq-icon-wrap\">\n\t\t\t\t\t\t\t\t<svg xmlns=\"https:\/\/www.w3.org\/2000\/svg\" viewBox= \"0 0 448 512\"><path d=\"M400 288h-352c-17.69 0-32-14.32-32-32.01s14.31-31.99 32-31.99h352c17.69 0 32 14.3 32 31.99S417.7 288 400 288z\"><\/path><\/svg>\n\t\t\t\t\t\t\t<\/span>\n\t\t\t<span class=\"uagb-question\">Existuje limit pro po\u010det vide\u00ed, kter\u00e9 m\u016f\u017eeme nahr\u00e1t nebo ulo\u017eit?<\/span><\/div><div class=\"uagb-faq-content\"><p>V z\u00e1vislosti na zvolen\u00e9m tarifu existuj\u00ed limity pro nahr\u00e1v\u00e1n\u00ed. Na\u0161e cen\u00edky uv\u00e1d\u011bj\u00ed podrobnosti o konkr\u00e9tn\u00edch limitech. <\/p><\/div><\/div><div class=\"wp-block-uagb-faq-child uagb-faq-child__outer-wrap uagb-faq-item uagb-block-7dcf0e87 \" role=\"tab\" tabindex=\"0\"><div class=\"uagb-faq-questions-button uagb-faq-questions\">\t\t\t<span class=\"uagb-icon uagb-faq-icon-wrap\">\n\t\t\t\t\t\t\t\t<svg xmlns=\"https:\/\/www.w3.org\/2000\/svg\" viewBox= \"0 0 448 512\"><path d=\"M432 256c0 17.69-14.33 32.01-32 32.01H256v144c0 17.69-14.33 31.99-32 31.99s-32-14.3-32-31.99v-144H48c-17.67 0-32-14.32-32-32.01s14.33-31.99 32-31.99H192v-144c0-17.69 14.33-32.01 32-32.01s32 14.32 32 32.01v144h144C417.7 224 432 238.3 432 256z\"><\/path><\/svg>\n\t\t\t\t\t\t\t<\/span>\n\t\t\t\t\t\t<span class=\"uagb-icon-active uagb-faq-icon-wrap\">\n\t\t\t\t\t\t\t\t<svg xmlns=\"https:\/\/www.w3.org\/2000\/svg\" viewBox= \"0 0 448 512\"><path d=\"M400 288h-352c-17.69 0-32-14.32-32-32.01s14.31-31.99 32-31.99h352c17.69 0 32 14.3 32 31.99S417.7 288 400 288z\"><\/path><\/svg>\n\t\t\t\t\t\t\t<\/span>\n\t\t\t<span class=\"uagb-question\">M\u016f\u017eeme kdykoli zru\u0161it na\u0161e p\u0159edplatn\u00e9?<\/span><\/div><div class=\"uagb-faq-content\"><p>Ano, sv\u00e9 p\u0159edplatn\u00e9 m\u016f\u017eete kdykoli zru\u0161it. Upozor\u0148ujeme v\u0161ak, \u017ee za nevyu\u017eitou \u010d\u00e1st obdob\u00ed p\u0159edplatn\u00e9ho nemus\u00ed b\u00fdt k dispozici n\u00e1hrady. <\/p><\/div><\/div><div class=\"wp-block-uagb-faq-child uagb-faq-child__outer-wrap uagb-faq-item uagb-block-655afdd7 \" role=\"tab\" tabindex=\"0\"><div class=\"uagb-faq-questions-button uagb-faq-questions\">\t\t\t<span class=\"uagb-icon uagb-faq-icon-wrap\">\n\t\t\t\t\t\t\t\t<svg xmlns=\"https:\/\/www.w3.org\/2000\/svg\" viewBox= \"0 0 448 512\"><path d=\"M432 256c0 17.69-14.33 32.01-32 32.01H256v144c0 17.69-14.33 31.99-32 31.99s-32-14.3-32-31.99v-144H48c-17.67 0-32-14.32-32-32.01s14.33-31.99 32-31.99H192v-144c0-17.69 14.33-32.01 32-32.01s32 14.32 32 32.01v144h144C417.7 224 432 238.3 432 256z\"><\/path><\/svg>\n\t\t\t\t\t\t\t<\/span>\n\t\t\t\t\t\t<span class=\"uagb-icon-active uagb-faq-icon-wrap\">\n\t\t\t\t\t\t\t\t<svg xmlns=\"https:\/\/www.w3.org\/2000\/svg\" viewBox= \"0 0 448 512\"><path d=\"M400 288h-352c-17.69 0-32-14.32-32-32.01s14.31-31.99 32-31.99h352c17.69 0 32 14.3 32 31.99S417.7 288 400 288z\"><\/path><\/svg>\n\t\t\t\t\t\t\t<\/span>\n\t\t\t<span class=\"uagb-question\">Existuje sleva za ro\u010dn\u00ed platbu?<\/span><\/div><div class=\"uagb-faq-content\"><p>Ano, nab\u00edz\u00edme speci\u00e1ln\u00ed slevu 60% pro ty, kte\u0159\u00ed se rozhodnou platit ro\u010dn\u011b. To v\u00e1m umo\u017en\u00ed u\u017e\u00edvat si zna\u010dn\u00e9 \u00faspory ve srovn\u00e1n\u00ed s m\u011bs\u00ed\u010dn\u00ed platbou. <\/p><\/div><\/div><div class=\"wp-block-uagb-faq-child uagb-faq-child__outer-wrap uagb-faq-item uagb-block-03787b00 \" role=\"tab\" tabindex=\"0\"><div class=\"uagb-faq-questions-button uagb-faq-questions\">\t\t\t<span class=\"uagb-icon uagb-faq-icon-wrap\">\n\t\t\t\t\t\t\t\t<svg xmlns=\"https:\/\/www.w3.org\/2000\/svg\" viewBox= \"0 0 448 512\"><path d=\"M432 256c0 17.69-14.33 32.01-32 32.01H256v144c0 17.69-14.33 31.99-32 31.99s-32-14.3-32-31.99v-144H48c-17.67 0-32-14.32-32-32.01s14.33-31.99 32-31.99H192v-144c0-17.69 14.33-32.01 32-32.01s32 14.32 32 32.01v144h144C417.7 224 432 238.3 432 256z\"><\/path><\/svg>\n\t\t\t\t\t\t\t<\/span>\n\t\t\t\t\t\t<span class=\"uagb-icon-active uagb-faq-icon-wrap\">\n\t\t\t\t\t\t\t\t<svg xmlns=\"https:\/\/www.w3.org\/2000\/svg\" viewBox= \"0 0 448 512\"><path d=\"M400 288h-352c-17.69 0-32-14.32-32-32.01s14.31-31.99 32-31.99h352c17.69 0 32 14.3 32 31.99S417.7 288 400 288z\"><\/path><\/svg>\n\t\t\t\t\t\t\t<\/span>\n\t\t\t<span class=\"uagb-question\">Co znamen\u00e1 \u201ePo\u010det u\u017eivatel\u016f\u201c v cenov\u00e9m bal\u00ed\u010dku?<\/span><\/div><div class=\"uagb-faq-content\"><p>\u201ePo\u010det u\u017eivatel\u016f\u201c se vztahuje k r\u016fzn\u00fdm rol\u00edm ve va\u0161em kan\u00e1lu. Jako vlastn\u00edk kan\u00e1lu se po\u010d\u00edt\u00e1te jako jeden u\u017eivatel. Existuj\u00ed t\u0159i typy u\u017eivatel\u016f:  <br><strong>Vlastn\u00edk<\/strong>: Osoba, kter\u00e1 vytvo\u0159\u00ed \u00fa\u010det a kan\u00e1l.<br><strong>Editor<\/strong>: Editor, pozvan\u00fd vlastn\u00edkem, m\u00e1 opr\u00e1vn\u011bn\u00ed vytv\u00e1\u0159et, spravovat, upravovat a nat\u00e1\u010det obsah v r\u00e1mci kan\u00e1lu.<br><strong>Kameraman<\/strong>: Kameraman, pozvan\u00fd vlastn\u00edkem, m\u00e1 opr\u00e1vn\u011bn\u00ed upravovat pouze hry, kter\u00e9 nato\u010dil, a nat\u00e1\u010det nov\u00fd obsah.<\/p><\/div><\/div><div class=\"wp-block-uagb-faq-child uagb-faq-child__outer-wrap uagb-faq-item uagb-block-3996824d \" role=\"tab\" tabindex=\"0\"><div class=\"uagb-faq-questions-button uagb-faq-questions\">\t\t\t<span class=\"uagb-icon uagb-faq-icon-wrap\">\n\t\t\t\t\t\t\t\t<svg xmlns=\"https:\/\/www.w3.org\/2000\/svg\" viewBox= \"0 0 448 512\"><path d=\"M432 256c0 17.69-14.33 32.01-32 32.01H256v144c0 17.69-14.33 31.99-32 31.99s-32-14.3-32-31.99v-144H48c-17.67 0-32-14.32-32-32.01s14.33-31.99 32-31.99H192v-144c0-17.69 14.33-32.01 32-32.01s32 14.32 32 32.01v144h144C417.7 224 432 238.3 432 256z\"><\/path><\/svg>\n\t\t\t\t\t\t\t<\/span>\n\t\t\t\t\t\t<span class=\"uagb-icon-active uagb-faq-icon-wrap\">\n\t\t\t\t\t\t\t\t<svg xmlns=\"https:\/\/www.w3.org\/2000\/svg\" viewBox= \"0 0 448 512\"><path d=\"M400 288h-352c-17.69 0-32-14.32-32-32.01s14.31-31.99 32-31.99h352c17.69 0 32 14.3 32 31.99S417.7 288 400 288z\"><\/path><\/svg>\n\t\t\t\t\t\t\t<\/span>\n\t\t\t<span class=\"uagb-question\">Co je dopl\u0148kov\u00fd bal\u00ed\u010dek pro \u017eiv\u00e9 vys\u00edl\u00e1n\u00ed a jak funguje?<\/span><\/div><div class=\"uagb-faq-content\"><p>Dopl\u0148kov\u00fd bal\u00ed\u010dek pro \u017eiv\u00e9 vys\u00edl\u00e1n\u00ed v\u00e1m umo\u017e\u0148uje streamovat va\u0161e hry p\u0159\u00edmo do va\u0161eho kan\u00e1lu Sport.Video. M\u016f\u017eete si zakoupit dopl\u0148kov\u00fd bal\u00ed\u010dek pro \u017eiv\u00e9 vys\u00edl\u00e1n\u00ed. Tento bal\u00ed\u010dek obsahuje 2 \u017eiv\u00e9 streamy nav\u00edc a 200 hodin \u017eiv\u00e9ho vys\u00edl\u00e1n\u00ed. Po\u010det dopl\u0148kov\u00fdch bal\u00ed\u010dk\u016f, kter\u00e9 si u\u017eivatel m\u016f\u017ee zakoupit, nen\u00ed omezen, bez ohledu na dobu jeho p\u0159edplatn\u00e9ho. Bal\u00ed\u010dky pro \u017eiv\u00e9 vys\u00edl\u00e1n\u00ed po zakoupen\u00ed nevypr\u0161\u00ed, lze je pou\u017e\u00edt kdykoli.    <\/p><\/div><\/div><div class=\"wp-block-uagb-faq-child uagb-faq-child__outer-wrap uagb-faq-item uagb-block-c2e04fdc \" role=\"tab\" tabindex=\"0\"><div class=\"uagb-faq-questions-button uagb-faq-questions\">\t\t\t<span class=\"uagb-icon uagb-faq-icon-wrap\">\n\t\t\t\t\t\t\t\t<svg xmlns=\"https:\/\/www.w3.org\/2000\/svg\" viewBox= \"0 0 448 512\"><path d=\"M432 256c0 17.69-14.33 32.01-32 32.01H256v144c0 17.69-14.33 31.99-32 31.99s-32-14.3-32-31.99v-144H48c-17.67 0-32-14.32-32-32.01s14.33-31.99 32-31.99H192v-144c0-17.69 14.33-32.01 32-32.01s32 14.32 32 32.01v144h144C417.7 224 432 238.3 432 256z\"><\/path><\/svg>\n\t\t\t\t\t\t\t<\/span>\n\t\t\t\t\t\t<span class=\"uagb-icon-active uagb-faq-icon-wrap\">\n\t\t\t\t\t\t\t\t<svg xmlns=\"https:\/\/www.w3.org\/2000\/svg\" viewBox= \"0 0 448 512\"><path d=\"M400 288h-352c-17.69 0-32-14.32-32-32.01s14.31-31.99 32-31.99h352c17.69 0 32 14.3 32 31.99S417.7 288 400 288z\"><\/path><\/svg>\n\t\t\t\t\t\t\t<\/span>\n\t\t\t<span class=\"uagb-question\">Co znamen\u00e1 \u201eDoba sledov\u00e1n\u00ed \u017eiv\u00e9ho vys\u00edl\u00e1n\u00ed\u201c a jak se po\u010d\u00edt\u00e1?<\/span><\/div><div class=\"uagb-faq-content\"><p>Doba sledov\u00e1n\u00ed \u017eiv\u00e9ho vys\u00edl\u00e1n\u00ed se nevztahuje k d\u00e9lce samotn\u00e9ho \u017eiv\u00e9ho z\u00e1znamu, ale sp\u00ed\u0161e k celkov\u00e9 dob\u011b zhl\u00e9dnut\u00ed. Pro zjednodu\u0161en\u00ed si to p\u0159edstavte n\u00e1sledovn\u011b: 1 hodina doby sledov\u00e1n\u00ed znamen\u00e1 1 div\u00e1ka sleduj\u00edc\u00edho 1 celou hru (proto\u017ee pr\u016fm\u011brn\u00e1 hra trv\u00e1 p\u0159ibli\u017en\u011b 1 hodinu). Nap\u0159\u00edklad 400 hodin lze spot\u0159ebovat se 400 div\u00e1ky sleduj\u00edc\u00edmi celou hru nebo 800 div\u00e1ky sleduj\u00edc\u00edmi polovinu hry. Doporu\u010dujeme sledovat dobu sledov\u00e1n\u00ed \u017eiv\u00e9ho vys\u00edl\u00e1n\u00ed b\u011bhem ud\u00e1lost\u00ed, aby se nevy\u010derpala, co\u017e by br\u00e1nilo div\u00e1k\u016fm ve sledov\u00e1n\u00ed \u017eiv\u011b. Doba sledov\u00e1n\u00ed \u017eiv\u00e9ho vys\u00edl\u00e1n\u00ed se dynamicky aktualizuje po celou dobu ud\u00e1losti a zachycuje zapojen\u00ed div\u00e1k\u016f od okam\u017eiku zah\u00e1jen\u00ed streamu a\u017e do jeho ukon\u010den\u00ed. Po ukon\u010den\u00ed \u017eiv\u00e9ho vys\u00edl\u00e1n\u00ed je \u010dasto vyhrazeno dal\u0161\u00edch 48 hodin k dal\u0161\u00edmu up\u0159esn\u011bn\u00ed v\u00fdpo\u010dtu doby sledov\u00e1n\u00ed. Tato prodlou\u017een\u00e1 lh\u016fta zohled\u0148uje potenci\u00e1ln\u00ed zpo\u017ed\u011bn\u00e9 sledov\u00e1n\u00ed. N\u00e1sledn\u011b je dosa\u017eeno komplexn\u00edho a p\u0159esn\u00e9ho m\u011b\u0159en\u00ed doru\u010den\u00fdch dat, kter\u00e9 zahrnuje \u00fa\u010dast v re\u00e1ln\u00e9m \u010dase i jak\u00e9koli n\u00e1sledn\u00e9 zapojen\u00ed b\u011bhem okna po \u017eiv\u00e9m vys\u00edl\u00e1n\u00ed.       <\/p><\/div><\/div><div class=\"wp-block-uagb-faq-child uagb-faq-child__outer-wrap uagb-faq-item uagb-block-a7bb4788 \" role=\"tab\" tabindex=\"0\"><div class=\"uagb-faq-questions-button uagb-faq-questions\">\t\t\t<span class=\"uagb-icon uagb-faq-icon-wrap\">\n\t\t\t\t\t\t\t\t<svg xmlns=\"https:\/\/www.w3.org\/2000\/svg\" viewBox= \"0 0 448 512\"><path d=\"M432 256c0 17.69-14.33 32.01-32 32.01H256v144c0 17.69-14.33 31.99-32 31.99s-32-14.3-32-31.99v-144H48c-17.67 0-32-14.32-32-32.01s14.33-31.99 32-31.99H192v-144c0-17.69 14.33-32.01 32-32.01s32 14.32 32 32.01v144h144C417.7 224 432 238.3 432 256z\"><\/path><\/svg>\n\t\t\t\t\t\t\t<\/span>\n\t\t\t\t\t\t<span class=\"uagb-icon-active uagb-faq-icon-wrap\">\n\t\t\t\t\t\t\t\t<svg xmlns=\"https:\/\/www.w3.org\/2000\/svg\" viewBox= \"0 0 448 512\"><path d=\"M400 288h-352c-17.69 0-32-14.32-32-32.01s14.31-31.99 32-31.99h352c17.69 0 32 14.3 32 31.99S417.7 288 400 288z\"><\/path><\/svg>\n\t\t\t\t\t\t\t<\/span>\n\t\t\t<span class=\"uagb-question\">Pro\u010d jsem omezen na ur\u010dit\u00fd po\u010det \u017eiv\u00fdch her do kan\u00e1lu Sport.Video?<\/span><\/div><div class=\"uagb-faq-content\"><p>Omezen\u00ed po\u010dtu \u017eiv\u00fdch her je zavedeno z d\u016fvodu komplexn\u00edho zpracov\u00e1n\u00ed \u017eiv\u00fdch z\u00e1znam\u016f. Ka\u017ed\u00fd z\u00e1znam hry, kter\u00fd trv\u00e1 v pr\u016fm\u011bru 1 hodinu, vy\u017eaduje k\u00f3dov\u00e1n\u00ed a p\u0159\u00edpravu pro glob\u00e1ln\u00ed streamov\u00e1n\u00ed, co\u017e zna\u010dn\u011b zat\u011b\u017euje na\u0161e servery. Navr\u017een\u00e9 limity zaji\u0161\u0165uj\u00ed nejlep\u0161\u00ed mo\u017en\u00fd z\u00e1\u017eitek pro va\u0161e div\u00e1ky a zaru\u010duj\u00ed plynul\u00e9 doru\u010den\u00ed va\u0161eho obsahu.  <\/p><\/div><\/div><div class=\"wp-block-uagb-faq-child uagb-faq-child__outer-wrap uagb-faq-item uagb-block-857d81c1 \" role=\"tab\" tabindex=\"0\"><div class=\"uagb-faq-questions-button uagb-faq-questions\">\t\t\t<span class=\"uagb-icon uagb-faq-icon-wrap\">\n\t\t\t\t\t\t\t\t<svg xmlns=\"https:\/\/www.w3.org\/2000\/svg\" viewBox= \"0 0 448 512\"><path d=\"M432 256c0 17.69-14.33 32.01-32 32.01H256v144c0 17.69-14.33 31.99-32 31.99s-32-14.3-32-31.99v-144H48c-17.67 0-32-14.32-32-32.01s14.33-31.99 32-31.99H192v-144c0-17.69 14.33-32.01 32-32.01s32 14.32 32 32.01v144h144C417.7 224 432 238.3 432 256z\"><\/path><\/svg>\n\t\t\t\t\t\t\t<\/span>\n\t\t\t\t\t\t<span class=\"uagb-icon-active uagb-faq-icon-wrap\">\n\t\t\t\t\t\t\t\t<svg xmlns=\"https:\/\/www.w3.org\/2000\/svg\" viewBox= \"0 0 448 512\"><path d=\"M400 288h-352c-17.69 0-32-14.32-32-32.01s14.31-31.99 32-31.99h352c17.69 0 32 14.3 32 31.99S417.7 288 400 288z\"><\/path><\/svg>\n\t\t\t\t\t\t\t<\/span>\n\t\t\t<span class=\"uagb-question\">Co je multicam a jak ovliv\u0148uje m\u00e9 p\u0159edplatn\u00e9?<\/span><\/div><div class=\"uagb-faq-content\"><p>MultiCam v\u00e1m umo\u017e\u0148uje nahr\u00e1vat jednu hru pomoc\u00ed v\u00edce kamer a zachycovat nejd\u016fle\u017eit\u011bj\u0161\u00ed momenty a \u017eiv\u00e9 streamy Sport.Video z r\u016fzn\u00fdch \u00fahl\u016f. Je v\u0161ak d\u016fle\u017eit\u00e9 si uv\u011bdomit, \u017ee ka\u017ed\u00fd z\u00e1znam z kamery spot\u0159ebuje jednu hru z va\u0161eho pl\u00e1nu p\u0159edplatn\u00e9ho. Krom\u011b toho, v p\u0159\u00edpad\u011b \u017eiv\u00e9ho streamov\u00e1n\u00ed do va\u0161eho kan\u00e1lu Sport.Video (nap\u0159. ne \u017eiv\u00e9 streamov\u00e1n\u00ed na Facebook, YouTube\u2026), ka\u017ed\u00e1 streamovac\u00ed kamera spot\u0159ebuje jeden z\u00e1znam \u017eiv\u00e9ho streamu. Nap\u0159\u00edklad nahr\u00e1v\u00e1n\u00ed se 3 kamerami, z nich\u017e 2 streamuj\u00ed \u017eiv\u011b, by spot\u0159ebovalo celkem 3 hry a 2 \u017eiv\u00e9 streamy z va\u0161eho pl\u00e1nu p\u0159edplatn\u00e9ho. \u017div\u00e9 streamov\u00e1n\u00ed s MultiCam je k dispozici pouze prost\u0159ednictv\u00edm dopl\u0148kov\u00e9ho bal\u00ed\u010dku \u017eiv\u00e9ho streamov\u00e1n\u00ed Sport.Video. Pro produkci nejd\u016fle\u017eit\u011bj\u0161\u00edch moment\u016f s MultiCam neexistuj\u00ed \u017e\u00e1dn\u00e1 omezen\u00ed.     <\/p><\/div><\/div><\/div><\/div>\n\n<style>#footer-faq {\n    display: none;\n}\n<\/style>\n","protected":false},"excerpt":{"rendered":"<p>Va\u0161e ot\u00e1zkyZodpov\u011bzeny<\/p>\n","protected":false},"author":1,"featured_media":0,"parent":0,"menu_order":0,"comment_status":"closed","ping_status":"closed","template":"wp-custom-template-canvas","meta":{"_uag_custom_page_level_css":"","footnotes":""},"class_list":["post-43041","page","type-page","status-publish","hentry"],"yoast_head":"<!-- This site is optimized with the Yoast SEO Premium plugin v27.5 (Yoast SEO v27.5) - https:\/\/yoast.com\/product\/yoast-seo-premium-wordpress\/ -->\n<title>Cen\u00edk - SPORT.VIDEO<\/title>\n<meta name=\"robots\" content=\"index, follow, max-snippet:-1, max-image-preview:large, max-video-preview:-1\" \/>\n<link rel=\"canonical\" href=\"https:\/\/product.sport.video\/cs\/cenik\/\" \/>\n<meta property=\"og:locale\" content=\"cs_CZ\" \/>\n<meta property=\"og:type\" content=\"article\" \/>\n<meta property=\"og:title\" content=\"Cen\u00edk\" \/>\n<meta property=\"og:description\" content=\"Va\u0161e ot\u00e1zkyZodpov\u011bzeny\" \/>\n<meta property=\"og:url\" content=\"https:\/\/product.sport.video\/cs\/cenik\/\" \/>\n<meta property=\"og:site_name\" content=\"SPORT.VIDEO\" \/>\n<meta property=\"article:modified_time\" content=\"2026-02-10T11:47:11+00:00\" \/>\n<meta name=\"twitter:card\" content=\"summary_large_image\" \/>\n<script type=\"application\/ld+json\" class=\"yoast-schema-graph\">{\"@context\":\"https:\\\/\\\/schema.org\",\"@graph\":[{\"@type\":\"WebPage\",\"@id\":\"https:\\\/\\\/product.sport.video\\\/cs\\\/cenik\\\/\",\"url\":\"https:\\\/\\\/product.sport.video\\\/cs\\\/cenik\\\/\",\"name\":\"Cen\u00edk - SPORT.VIDEO\",\"isPartOf\":{\"@id\":\"https:\\\/\\\/product.sport.video\\\/cs\\\/#website\"},\"datePublished\":\"2026-02-10T11:46:50+00:00\",\"dateModified\":\"2026-02-10T11:47:11+00:00\",\"breadcrumb\":{\"@id\":\"https:\\\/\\\/product.sport.video\\\/cs\\\/cenik\\\/#breadcrumb\"},\"inLanguage\":\"cs\",\"potentialAction\":[{\"@type\":\"ReadAction\",\"target\":[\"https:\\\/\\\/product.sport.video\\\/cs\\\/cenik\\\/\"]}]},{\"@type\":\"BreadcrumbList\",\"@id\":\"https:\\\/\\\/product.sport.video\\\/cs\\\/cenik\\\/#breadcrumb\",\"itemListElement\":[{\"@type\":\"ListItem\",\"position\":1,\"name\":\"Home\",\"item\":\"https:\\\/\\\/product.sport.video\\\/cs\\\/\"},{\"@type\":\"ListItem\",\"position\":2,\"name\":\"Cen\u00edk\"}]},{\"@type\":\"WebSite\",\"@id\":\"https:\\\/\\\/product.sport.video\\\/cs\\\/#website\",\"url\":\"https:\\\/\\\/product.sport.video\\\/cs\\\/\",\"name\":\"Sport.Video\",\"description\":\"\",\"publisher\":{\"@id\":\"https:\\\/\\\/product.sport.video\\\/cs\\\/#organization\"},\"potentialAction\":[{\"@type\":\"SearchAction\",\"target\":{\"@type\":\"EntryPoint\",\"urlTemplate\":\"https:\\\/\\\/product.sport.video\\\/cs\\\/?s={search_term_string}\"},\"query-input\":{\"@type\":\"PropertyValueSpecification\",\"valueRequired\":true,\"valueName\":\"search_term_string\"}}],\"inLanguage\":\"cs\"},{\"@type\":\"Organization\",\"@id\":\"https:\\\/\\\/product.sport.video\\\/cs\\\/#organization\",\"name\":\"Sport.Video\",\"alternateName\":\"SV\",\"url\":\"https:\\\/\\\/product.sport.video\\\/cs\\\/\",\"logo\":{\"@type\":\"ImageObject\",\"inLanguage\":\"cs\",\"@id\":\"https:\\\/\\\/product.sport.video\\\/cs\\\/#\\\/schema\\\/logo\\\/image\\\/\",\"url\":\"https:\\\/\\\/product.sport.video\\\/wp-content\\\/uploads\\\/2026\\\/02\\\/icon.png\",\"contentUrl\":\"https:\\\/\\\/product.sport.video\\\/wp-content\\\/uploads\\\/2026\\\/02\\\/icon.png\",\"width\":512,\"height\":512,\"caption\":\"Sport.Video\"},\"image\":{\"@id\":\"https:\\\/\\\/product.sport.video\\\/cs\\\/#\\\/schema\\\/logo\\\/image\\\/\"}}]}<\/script>\n<!-- \/ Yoast SEO Premium plugin. -->","yoast_head_json":{"title":"Cen\u00edk - SPORT.VIDEO","robots":{"index":"index","follow":"follow","max-snippet":"max-snippet:-1","max-image-preview":"max-image-preview:large","max-video-preview":"max-video-preview:-1"},"canonical":"https:\/\/product.sport.video\/cs\/cenik\/","og_locale":"cs_CZ","og_type":"article","og_title":"Cen\u00edk","og_description":"Va\u0161e ot\u00e1zkyZodpov\u011bzeny","og_url":"https:\/\/product.sport.video\/cs\/cenik\/","og_site_name":"SPORT.VIDEO","article_modified_time":"2026-02-10T11:47:11+00:00","twitter_card":"summary_large_image","schema":{"@context":"https:\/\/schema.org","@graph":[{"@type":"WebPage","@id":"https:\/\/product.sport.video\/cs\/cenik\/","url":"https:\/\/product.sport.video\/cs\/cenik\/","name":"Cen\u00edk - SPORT.VIDEO","isPartOf":{"@id":"https:\/\/product.sport.video\/cs\/#website"},"datePublished":"2026-02-10T11:46:50+00:00","dateModified":"2026-02-10T11:47:11+00:00","breadcrumb":{"@id":"https:\/\/product.sport.video\/cs\/cenik\/#breadcrumb"},"inLanguage":"cs","potentialAction":[{"@type":"ReadAction","target":["https:\/\/product.sport.video\/cs\/cenik\/"]}]},{"@type":"BreadcrumbList","@id":"https:\/\/product.sport.video\/cs\/cenik\/#breadcrumb","itemListElement":[{"@type":"ListItem","position":1,"name":"Home","item":"https:\/\/product.sport.video\/cs\/"},{"@type":"ListItem","position":2,"name":"Cen\u00edk"}]},{"@type":"WebSite","@id":"https:\/\/product.sport.video\/cs\/#website","url":"https:\/\/product.sport.video\/cs\/","name":"Sport.Video","description":"","publisher":{"@id":"https:\/\/product.sport.video\/cs\/#organization"},"potentialAction":[{"@type":"SearchAction","target":{"@type":"EntryPoint","urlTemplate":"https:\/\/product.sport.video\/cs\/?s={search_term_string}"},"query-input":{"@type":"PropertyValueSpecification","valueRequired":true,"valueName":"search_term_string"}}],"inLanguage":"cs"},{"@type":"Organization","@id":"https:\/\/product.sport.video\/cs\/#organization","name":"Sport.Video","alternateName":"SV","url":"https:\/\/product.sport.video\/cs\/","logo":{"@type":"ImageObject","inLanguage":"cs","@id":"https:\/\/product.sport.video\/cs\/#\/schema\/logo\/image\/","url":"https:\/\/product.sport.video\/wp-content\/uploads\/2026\/02\/icon.png","contentUrl":"https:\/\/product.sport.video\/wp-content\/uploads\/2026\/02\/icon.png","width":512,"height":512,"caption":"Sport.Video"},"image":{"@id":"https:\/\/product.sport.video\/cs\/#\/schema\/logo\/image\/"}}]}},"uagb_featured_image_src":{"full":false,"thumbnail":false,"medium":false,"medium_large":false,"large":false,"1536x1536":false,"2048x2048":false},"uagb_author_info":{"display_name":"devadmin","author_link":"https:\/\/product.sport.video\/cs\/author\/devadmin\/"},"uagb_comment_info":0,"uagb_excerpt":"Va\u0161e ot\u00e1zkyZodpov\u011bzeny","_links":{"self":[{"href":"https:\/\/product.sport.video\/cs\/wp-json\/wp\/v2\/pages\/43041","targetHints":{"allow":["GET"]}}],"collection":[{"href":"https:\/\/product.sport.video\/cs\/wp-json\/wp\/v2\/pages"}],"about":[{"href":"https:\/\/product.sport.video\/cs\/wp-json\/wp\/v2\/types\/page"}],"author":[{"embeddable":true,"href":"https:\/\/product.sport.video\/cs\/wp-json\/wp\/v2\/users\/1"}],"replies":[{"embeddable":true,"href":"https:\/\/product.sport.video\/cs\/wp-json\/wp\/v2\/comments?post=43041"}],"version-history":[{"count":0,"href":"https:\/\/product.sport.video\/cs\/wp-json\/wp\/v2\/pages\/43041\/revisions"}],"wp:attachment":[{"href":"https:\/\/product.sport.video\/cs\/wp-json\/wp\/v2\/media?parent=43041"}],"curies":[{"name":"wp","href":"https:\/\/api.w.org\/{rel}","templated":true}]}}