{"id":42825,"date":"2026-02-09T09:20:57","date_gmt":"2026-02-09T08:20:57","guid":{"rendered":"https:\/\/product.sport.video\/preise\/"},"modified":"2026-02-10T12:43:26","modified_gmt":"2026-02-10T11:43:26","slug":"preise","status":"publish","type":"page","link":"https:\/\/product.sport.video\/de\/preise\/","title":{"rendered":"Preise"},"content":{"rendered":"\n<div class=\"wp-block-group alignfull is-layout-flow wp-block-group-is-layout-flow\">\n<iframe src=\"https:\/\/sport.video\/embed-pricing\" id=\"iframe-pricing\" width=\"100%\" height=\"800\" style=\"border:0;\" loading=\"lazy\" referrerpolicy=\"no-referrer-when-downgrade\"><\/iframe>\n\n<script type=\"text\/javascript\">\n    const iframe = document.getElementById(\"iframe-pricing\");\n\n    window.addEventListener(\"message\", function(event) {\n        if (typeof event.data === \"number\" || typeof event.data === \"string\") {\n            iframe.height = event.data;\n        }\n    }, false);\n<\/script>\n<\/div>\n\n<div class=\"wp-block-group has-global-padding is-layout-constrained wp-block-group-is-layout-constrained\" style=\"margin-bottom:var(--wp--preset--spacing--bbe-40);padding-bottom:var(--wp--preset--spacing--bbe-80)\">\n<h2 class=\"wp-block-heading has-text-align-center\" style=\"margin-bottom:var(--wp--preset--spacing--bbe-90);letter-spacing:-0.05em;line-height:1.15\">Deine Fragen<br\/><strong>beantwortet<\/strong><\/h2>\n\n\n<div class=\"wp-block-uagb-faq uagb-faq__outer-wrap uagb-block-330deb30 uagb-faq-icon-row-reverse uagb-faq-layout-accordion uagb-faq-expand-first-false uagb-faq-inactive-other-true uagb-faq__wrap uagb-buttons-layout-wrap uagb-faq-equal-height     \" data-faqtoggle=\"true\" role=\"tablist\"><div class=\"wp-block-uagb-faq-child uagb-faq-child__outer-wrap uagb-faq-item uagb-block-11064701 \" role=\"tab\" tabindex=\"0\"><div class=\"uagb-faq-questions-button uagb-faq-questions\">\t\t\t<span class=\"uagb-icon uagb-faq-icon-wrap\">\n\t\t\t\t\t\t\t\t<svg xmlns=\"https:\/\/www.w3.org\/2000\/svg\" viewBox= \"0 0 448 512\"><path d=\"M432 256c0 17.69-14.33 32.01-32 32.01H256v144c0 17.69-14.33 31.99-32 31.99s-32-14.3-32-31.99v-144H48c-17.67 0-32-14.32-32-32.01s14.33-31.99 32-31.99H192v-144c0-17.69 14.33-32.01 32-32.01s32 14.32 32 32.01v144h144C417.7 224 432 238.3 432 256z\"><\/path><\/svg>\n\t\t\t\t\t\t\t<\/span>\n\t\t\t\t\t\t<span class=\"uagb-icon-active uagb-faq-icon-wrap\">\n\t\t\t\t\t\t\t\t<svg xmlns=\"https:\/\/www.w3.org\/2000\/svg\" viewBox= \"0 0 448 512\"><path d=\"M400 288h-352c-17.69 0-32-14.32-32-32.01s14.31-31.99 32-31.99h352c17.69 0 32 14.3 32 31.99S417.7 288 400 288z\"><\/path><\/svg>\n\t\t\t\t\t\t\t<\/span>\n\t\t\t<span class=\"uagb-question\">K\u00f6nnen wir unseren Plan jederzeit upgraden oder downgraden?<\/span><\/div><div class=\"uagb-faq-content\"><p>Du hast die M\u00f6glichkeit, dein Abonnement zu erweitern, indem du auf eine h\u00f6here Stufe upgradest und von einem monatlichen auf einen j\u00e4hrlichen Abrechnungsplan wechselst. Ein Downgrade wird jedoch nicht unterst\u00fctzt. Wenn du zu einer niedrigeren Stufe wechseln m\u00f6chtest, musst du zuerst dein aktuelles Abonnement k\u00fcndigen und warten, bis es abl\u00e4uft. Wenn du deine Abrechnungsh\u00e4ufigkeit von j\u00e4hrlich auf monatlich \u00e4ndern m\u00f6chtest, ist dies ebenfalls nur durch den Wechsel zu einem Abonnement einer h\u00f6heren Stufe m\u00f6glich.   <\/p><\/div><\/div><div class=\"wp-block-uagb-faq-child uagb-faq-child__outer-wrap uagb-faq-item uagb-block-88cfe5f4 \" role=\"tab\" tabindex=\"0\"><div class=\"uagb-faq-questions-button uagb-faq-questions\">\t\t\t<span class=\"uagb-icon uagb-faq-icon-wrap\">\n\t\t\t\t\t\t\t\t<svg xmlns=\"https:\/\/www.w3.org\/2000\/svg\" viewBox= \"0 0 448 512\"><path d=\"M432 256c0 17.69-14.33 32.01-32 32.01H256v144c0 17.69-14.33 31.99-32 31.99s-32-14.3-32-31.99v-144H48c-17.67 0-32-14.32-32-32.01s14.33-31.99 32-31.99H192v-144c0-17.69 14.33-32.01 32-32.01s32 14.32 32 32.01v144h144C417.7 224 432 238.3 432 256z\"><\/path><\/svg>\n\t\t\t\t\t\t\t<\/span>\n\t\t\t\t\t\t<span class=\"uagb-icon-active uagb-faq-icon-wrap\">\n\t\t\t\t\t\t\t\t<svg xmlns=\"https:\/\/www.w3.org\/2000\/svg\" viewBox= \"0 0 448 512\"><path d=\"M400 288h-352c-17.69 0-32-14.32-32-32.01s14.31-31.99 32-31.99h352c17.69 0 32 14.3 32 31.99S417.7 288 400 288z\"><\/path><\/svg>\n\t\t\t\t\t\t\t<\/span>\n\t\t\t<span class=\"uagb-question\">K\u00f6nnen wir Sport.Video ausprobieren, bevor wir uns f\u00fcr einen kostenpflichtigen Plan entscheiden?<\/span><\/div><div class=\"uagb-faq-content\"><p>Absolut! Sport.Video bietet einen kostenlosen Plan an, damit du die Plattform und ihre Funktionen ausprobieren kannst, bevor du eine Entscheidung triffst. <\/p><\/div><\/div><div class=\"wp-block-uagb-faq-child uagb-faq-child__outer-wrap uagb-faq-item uagb-block-edc4eea3 \" role=\"tab\" tabindex=\"0\"><div class=\"uagb-faq-questions-button uagb-faq-questions\">\t\t\t<span class=\"uagb-icon uagb-faq-icon-wrap\">\n\t\t\t\t\t\t\t\t<svg xmlns=\"https:\/\/www.w3.org\/2000\/svg\" viewBox= \"0 0 448 512\"><path d=\"M432 256c0 17.69-14.33 32.01-32 32.01H256v144c0 17.69-14.33 31.99-32 31.99s-32-14.3-32-31.99v-144H48c-17.67 0-32-14.32-32-32.01s14.33-31.99 32-31.99H192v-144c0-17.69 14.33-32.01 32-32.01s32 14.32 32 32.01v144h144C417.7 224 432 238.3 432 256z\"><\/path><\/svg>\n\t\t\t\t\t\t\t<\/span>\n\t\t\t\t\t\t<span class=\"uagb-icon-active uagb-faq-icon-wrap\">\n\t\t\t\t\t\t\t\t<svg xmlns=\"https:\/\/www.w3.org\/2000\/svg\" viewBox= \"0 0 448 512\"><path d=\"M400 288h-352c-17.69 0-32-14.32-32-32.01s14.31-31.99 32-31.99h352c17.69 0 32 14.3 32 31.99S417.7 288 400 288z\"><\/path><\/svg>\n\t\t\t\t\t\t\t<\/span>\n\t\t\t<span class=\"uagb-question\">Gibt es eine Begrenzung f\u00fcr die Anzahl der Videos, die wir hochladen oder speichern k\u00f6nnen?<\/span><\/div><div class=\"uagb-faq-content\"><p>Je nach gew\u00e4hltem Plan gibt es Upload-Limits. Unsere Preispl\u00e4ne enthalten Details zu den spezifischen Limits. <\/p><\/div><\/div><div class=\"wp-block-uagb-faq-child uagb-faq-child__outer-wrap uagb-faq-item uagb-block-7dcf0e87 \" role=\"tab\" tabindex=\"0\"><div class=\"uagb-faq-questions-button uagb-faq-questions\">\t\t\t<span class=\"uagb-icon uagb-faq-icon-wrap\">\n\t\t\t\t\t\t\t\t<svg xmlns=\"https:\/\/www.w3.org\/2000\/svg\" viewBox= \"0 0 448 512\"><path d=\"M432 256c0 17.69-14.33 32.01-32 32.01H256v144c0 17.69-14.33 31.99-32 31.99s-32-14.3-32-31.99v-144H48c-17.67 0-32-14.32-32-32.01s14.33-31.99 32-31.99H192v-144c0-17.69 14.33-32.01 32-32.01s32 14.32 32 32.01v144h144C417.7 224 432 238.3 432 256z\"><\/path><\/svg>\n\t\t\t\t\t\t\t<\/span>\n\t\t\t\t\t\t<span class=\"uagb-icon-active uagb-faq-icon-wrap\">\n\t\t\t\t\t\t\t\t<svg xmlns=\"https:\/\/www.w3.org\/2000\/svg\" viewBox= \"0 0 448 512\"><path d=\"M400 288h-352c-17.69 0-32-14.32-32-32.01s14.31-31.99 32-31.99h352c17.69 0 32 14.3 32 31.99S417.7 288 400 288z\"><\/path><\/svg>\n\t\t\t\t\t\t\t<\/span>\n\t\t\t<span class=\"uagb-question\">K\u00f6nnen wir unser Abonnement jederzeit k\u00fcndigen?<\/span><\/div><div class=\"uagb-faq-content\"><p>Ja, du kannst dein Abonnement jederzeit k\u00fcndigen. Bitte beachte jedoch, dass f\u00fcr den ungenutzten Teil des Abonnementzeitraums m\u00f6glicherweise keine R\u00fcckerstattung m\u00f6glich ist. <\/p><\/div><\/div><div class=\"wp-block-uagb-faq-child uagb-faq-child__outer-wrap uagb-faq-item uagb-block-655afdd7 \" role=\"tab\" tabindex=\"0\"><div class=\"uagb-faq-questions-button uagb-faq-questions\">\t\t\t<span class=\"uagb-icon uagb-faq-icon-wrap\">\n\t\t\t\t\t\t\t\t<svg xmlns=\"https:\/\/www.w3.org\/2000\/svg\" viewBox= \"0 0 448 512\"><path d=\"M432 256c0 17.69-14.33 32.01-32 32.01H256v144c0 17.69-14.33 31.99-32 31.99s-32-14.3-32-31.99v-144H48c-17.67 0-32-14.32-32-32.01s14.33-31.99 32-31.99H192v-144c0-17.69 14.33-32.01 32-32.01s32 14.32 32 32.01v144h144C417.7 224 432 238.3 432 256z\"><\/path><\/svg>\n\t\t\t\t\t\t\t<\/span>\n\t\t\t\t\t\t<span class=\"uagb-icon-active uagb-faq-icon-wrap\">\n\t\t\t\t\t\t\t\t<svg xmlns=\"https:\/\/www.w3.org\/2000\/svg\" viewBox= \"0 0 448 512\"><path d=\"M400 288h-352c-17.69 0-32-14.32-32-32.01s14.31-31.99 32-31.99h352c17.69 0 32 14.3 32 31.99S417.7 288 400 288z\"><\/path><\/svg>\n\t\t\t\t\t\t\t<\/span>\n\t\t\t<span class=\"uagb-question\">Gibt es einen Rabatt bei j\u00e4hrlicher Zahlung?<\/span><\/div><div class=\"uagb-faq-content\"><p>Ja, wir bieten einen Sonderrabatt von 60 % f\u00fcr diejenigen an, die sich f\u00fcr eine j\u00e4hrliche Zahlung entscheiden. So kannst du im Vergleich zur monatlichen Zahlungsoption erhebliche Einsparungen erzielen. <\/p><\/div><\/div><div class=\"wp-block-uagb-faq-child uagb-faq-child__outer-wrap uagb-faq-item uagb-block-03787b00 \" role=\"tab\" tabindex=\"0\"><div class=\"uagb-faq-questions-button uagb-faq-questions\">\t\t\t<span class=\"uagb-icon uagb-faq-icon-wrap\">\n\t\t\t\t\t\t\t\t<svg xmlns=\"https:\/\/www.w3.org\/2000\/svg\" viewBox= \"0 0 448 512\"><path d=\"M432 256c0 17.69-14.33 32.01-32 32.01H256v144c0 17.69-14.33 31.99-32 31.99s-32-14.3-32-31.99v-144H48c-17.67 0-32-14.32-32-32.01s14.33-31.99 32-31.99H192v-144c0-17.69 14.33-32.01 32-32.01s32 14.32 32 32.01v144h144C417.7 224 432 238.3 432 256z\"><\/path><\/svg>\n\t\t\t\t\t\t\t<\/span>\n\t\t\t\t\t\t<span class=\"uagb-icon-active uagb-faq-icon-wrap\">\n\t\t\t\t\t\t\t\t<svg xmlns=\"https:\/\/www.w3.org\/2000\/svg\" viewBox= \"0 0 448 512\"><path d=\"M400 288h-352c-17.69 0-32-14.32-32-32.01s14.31-31.99 32-31.99h352c17.69 0 32 14.3 32 31.99S417.7 288 400 288z\"><\/path><\/svg>\n\t\t\t\t\t\t\t<\/span>\n\t\t\t<span class=\"uagb-question\">Was bedeutet \u201eAnzahl der Benutzer\u201c im Preisplan?<\/span><\/div><div class=\"uagb-faq-content\"><p>Die \u201eAnzahl der Benutzer\u201c bezieht sich auf die verschiedenen Rollen innerhalb deines Kanals. Als Kanalinhaber z\u00e4hlst du als ein Benutzer. Es gibt drei Arten von Benutzern:  <br><strong>Inhaber<\/strong>: Die Person, die das Konto und den Kanal erstellt.<br><strong>Editor<\/strong>: Vom Inhaber eingeladen, hat ein Editor die Berechtigung, Inhalte innerhalb des Kanals zu erstellen, zu verwalten, zu bearbeiten und zu filmen.<br><strong>Kameramann<\/strong>: Vom Inhaber eingeladen, hat ein Kameramann die Berechtigung, nur die von ihm gefilmten Spiele zu bearbeiten und neue Inhalte zu filmen.<\/p><\/div><\/div><div class=\"wp-block-uagb-faq-child uagb-faq-child__outer-wrap uagb-faq-item uagb-block-3996824d \" role=\"tab\" tabindex=\"0\"><div class=\"uagb-faq-questions-button uagb-faq-questions\">\t\t\t<span class=\"uagb-icon uagb-faq-icon-wrap\">\n\t\t\t\t\t\t\t\t<svg xmlns=\"https:\/\/www.w3.org\/2000\/svg\" viewBox= \"0 0 448 512\"><path d=\"M432 256c0 17.69-14.33 32.01-32 32.01H256v144c0 17.69-14.33 31.99-32 31.99s-32-14.3-32-31.99v-144H48c-17.67 0-32-14.32-32-32.01s14.33-31.99 32-31.99H192v-144c0-17.69 14.33-32.01 32-32.01s32 14.32 32 32.01v144h144C417.7 224 432 238.3 432 256z\"><\/path><\/svg>\n\t\t\t\t\t\t\t<\/span>\n\t\t\t\t\t\t<span class=\"uagb-icon-active uagb-faq-icon-wrap\">\n\t\t\t\t\t\t\t\t<svg xmlns=\"https:\/\/www.w3.org\/2000\/svg\" viewBox= \"0 0 448 512\"><path d=\"M400 288h-352c-17.69 0-32-14.32-32-32.01s14.31-31.99 32-31.99h352c17.69 0 32 14.3 32 31.99S417.7 288 400 288z\"><\/path><\/svg>\n\t\t\t\t\t\t\t<\/span>\n\t\t\t<span class=\"uagb-question\">Was ist das zus\u00e4tzliche Livestreaming-Paket und wie funktioniert es?<\/span><\/div><div class=\"uagb-faq-content\"><p>Das zus\u00e4tzliche Livestreaming-Paket erm\u00f6glicht es dir, deine Spiele direkt auf deinen Sport.Video-Kanal zu streamen. Du kannst ein zus\u00e4tzliches Livestreaming-Paket erwerben. Dieses Paket beinhaltet 2 zus\u00e4tzliche Livestreams und 200 Livestream-Stunden. Es gibt keine Begrenzung f\u00fcr die Anzahl der zus\u00e4tzlichen Pakete, die ein Benutzer kaufen kann, unabh\u00e4ngig von seinem Abonnementzeitraum. Die Livestreaming-Pakete verfallen nicht, sobald du sie gekauft hast, sie k\u00f6nnen jederzeit verwendet werden.    <\/p><\/div><\/div><div class=\"wp-block-uagb-faq-child uagb-faq-child__outer-wrap uagb-faq-item uagb-block-c2e04fdc \" role=\"tab\" tabindex=\"0\"><div class=\"uagb-faq-questions-button uagb-faq-questions\">\t\t\t<span class=\"uagb-icon uagb-faq-icon-wrap\">\n\t\t\t\t\t\t\t\t<svg xmlns=\"https:\/\/www.w3.org\/2000\/svg\" viewBox= \"0 0 448 512\"><path d=\"M432 256c0 17.69-14.33 32.01-32 32.01H256v144c0 17.69-14.33 31.99-32 31.99s-32-14.3-32-31.99v-144H48c-17.67 0-32-14.32-32-32.01s14.33-31.99 32-31.99H192v-144c0-17.69 14.33-32.01 32-32.01s32 14.32 32 32.01v144h144C417.7 224 432 238.3 432 256z\"><\/path><\/svg>\n\t\t\t\t\t\t\t<\/span>\n\t\t\t\t\t\t<span class=\"uagb-icon-active uagb-faq-icon-wrap\">\n\t\t\t\t\t\t\t\t<svg xmlns=\"https:\/\/www.w3.org\/2000\/svg\" viewBox= \"0 0 448 512\"><path d=\"M400 288h-352c-17.69 0-32-14.32-32-32.01s14.31-31.99 32-31.99h352c17.69 0 32 14.3 32 31.99S417.7 288 400 288z\"><\/path><\/svg>\n\t\t\t\t\t\t\t<\/span>\n\t\t\t<span class=\"uagb-question\">Was bedeutet \u201eLivestream-Wiedergabezeit\u201c und wie wird sie berechnet?<\/span><\/div><div class=\"uagb-faq-content\"><p>Die Livestream-Wiedergabezeit bezieht sich nicht auf die L\u00e4nge der Live-Aufnahme selbst, sondern auf die gesamte Dauer der Aufrufe. Vereinfacht ausgedr\u00fcckt: 1 Stunde Wiedergabezeit bedeutet, dass 1 Zuschauer ein komplettes Spiel (da ein durchschnittliches Spiel etwa 1 Stunde dauert) ansieht. Zum Beispiel k\u00f6nnen 400 Stunden verbraucht werden, wenn 400 Zuschauer ein komplettes Spiel oder 800 Zuschauer die H\u00e4lfte des Spiels ansehen. Wir empfehlen, die Livestream-Wiedergabezeit w\u00e4hrend der Events im Auge zu behalten, damit sie nicht ersch\u00f6pft wird, was Live-Zuschauer am Ansehen hindern w\u00fcrde. Die Livestream-Wiedergabezeit wird w\u00e4hrend des gesamten Events dynamisch aktualisiert und erfasst die Beteiligung der Zuschauer vom Beginn des Streams bis zu seinem Abschluss. Nach dem Ende des Livestreams wird oft ein zus\u00e4tzlicher Zeitraum von 48 Stunden festgelegt, um die Berechnung der Wiedergabezeit weiter zu verfeinern. Dieser verl\u00e4ngerte Zeitraum ber\u00fccksichtigt potenzielle verz\u00f6gerte Aufrufe. Anschlie\u00dfend wird ein umfassendes und genaues Ma\u00df der gelieferten Daten erreicht, das sowohl die Echtzeit-Teilnahme als auch jegliches sp\u00e4tere Engagement w\u00e4hrend des Zeitfensters nach dem Livestream umfasst.       <\/p><\/div><\/div><div class=\"wp-block-uagb-faq-child uagb-faq-child__outer-wrap uagb-faq-item uagb-block-a7bb4788 \" role=\"tab\" tabindex=\"0\"><div class=\"uagb-faq-questions-button uagb-faq-questions\">\t\t\t<span class=\"uagb-icon uagb-faq-icon-wrap\">\n\t\t\t\t\t\t\t\t<svg xmlns=\"https:\/\/www.w3.org\/2000\/svg\" viewBox= \"0 0 448 512\"><path d=\"M432 256c0 17.69-14.33 32.01-32 32.01H256v144c0 17.69-14.33 31.99-32 31.99s-32-14.3-32-31.99v-144H48c-17.67 0-32-14.32-32-32.01s14.33-31.99 32-31.99H192v-144c0-17.69 14.33-32.01 32-32.01s32 14.32 32 32.01v144h144C417.7 224 432 238.3 432 256z\"><\/path><\/svg>\n\t\t\t\t\t\t\t<\/span>\n\t\t\t\t\t\t<span class=\"uagb-icon-active uagb-faq-icon-wrap\">\n\t\t\t\t\t\t\t\t<svg xmlns=\"https:\/\/www.w3.org\/2000\/svg\" viewBox= \"0 0 448 512\"><path d=\"M400 288h-352c-17.69 0-32-14.32-32-32.01s14.31-31.99 32-31.99h352c17.69 0 32 14.3 32 31.99S417.7 288 400 288z\"><\/path><\/svg>\n\t\t\t\t\t\t\t<\/span>\n\t\t\t<span class=\"uagb-question\">Warum bin ich auf eine bestimmte Anzahl von Live-Spielen auf dem Sport.Video-Kanal beschr\u00e4nkt?<\/span><\/div><div class=\"uagb-faq-content\"><p>Die Begrenzung der Anzahl der Live-Spiele ist auf die umfassende Verarbeitung von Live-Aufnahmen zur\u00fcckzuf\u00fchren. Jede Spielaufnahme, die durchschnittlich 1 Stunde dauert, erfordert eine Kodierung und Vorbereitung f\u00fcr das globale Streaming, was unsere Server erheblich belastet. Die festgelegten Limits gew\u00e4hrleisten das bestm\u00f6gliche Erlebnis f\u00fcr deine Zuschauer und garantieren die reibungslose Bereitstellung deiner Inhalte.  <\/p><\/div><\/div><div class=\"wp-block-uagb-faq-child uagb-faq-child__outer-wrap uagb-faq-item uagb-block-857d81c1 \" role=\"tab\" tabindex=\"0\"><div class=\"uagb-faq-questions-button uagb-faq-questions\">\t\t\t<span class=\"uagb-icon uagb-faq-icon-wrap\">\n\t\t\t\t\t\t\t\t<svg xmlns=\"https:\/\/www.w3.org\/2000\/svg\" viewBox= \"0 0 448 512\"><path d=\"M432 256c0 17.69-14.33 32.01-32 32.01H256v144c0 17.69-14.33 31.99-32 31.99s-32-14.3-32-31.99v-144H48c-17.67 0-32-14.32-32-32.01s14.33-31.99 32-31.99H192v-144c0-17.69 14.33-32.01 32-32.01s32 14.32 32 32.01v144h144C417.7 224 432 238.3 432 256z\"><\/path><\/svg>\n\t\t\t\t\t\t\t<\/span>\n\t\t\t\t\t\t<span class=\"uagb-icon-active uagb-faq-icon-wrap\">\n\t\t\t\t\t\t\t\t<svg xmlns=\"https:\/\/www.w3.org\/2000\/svg\" viewBox= \"0 0 448 512\"><path d=\"M400 288h-352c-17.69 0-32-14.32-32-32.01s14.31-31.99 32-31.99h352c17.69 0 32 14.3 32 31.99S417.7 288 400 288z\"><\/path><\/svg>\n\t\t\t\t\t\t\t<\/span>\n\t\t\t<span class=\"uagb-question\">Was ist MultiCam und wie wirkt es sich auf mein Abonnement aus?<\/span><\/div><div class=\"uagb-faq-content\"><p>MultiCam erm\u00f6glicht es dir, ein einzelnes Spiel mit mehreren Kameras aufzunehmen und Highlights sowie Sport.Video-Livestreams aus verschiedenen Blickwinkeln zu erfassen. Es ist jedoch wichtig zu beachten, dass jede Kameraaufnahme ein Spiel deines Abonnementplans verbraucht. Zus\u00e4tzlich verbraucht im Falle eines Livestreamings auf deinen Sport.Video-Kanal (z. B. nicht auf Facebook, YouTube\u2026) jede Livestreaming-Kamera eine Livestream-Aufnahme. Zum Beispiel w\u00fcrde die Aufnahme mit 3 Kameras, von denen 2 Livestreaming sind, insgesamt 3 Spiele und 2 Livestreamings von deinem Abonnementplan verbrauchen. Livestreaming mit MultiCam ist nur \u00fcber ein zus\u00e4tzliches Sport.Video-Livestreaming-Paket verf\u00fcgbar. F\u00fcr die Highlight-Produktion mit MultiCam gibt es keine Einschr\u00e4nkungen.     <\/p><\/div><\/div><\/div><\/div>\n\n<style>#footer-faq {\n    display: none;\n}\n<\/style>\n","protected":false},"excerpt":{"rendered":"<p>Deine Fragenbeantwortet<\/p>\n","protected":false},"author":1,"featured_media":0,"parent":0,"menu_order":0,"comment_status":"closed","ping_status":"closed","template":"wp-custom-template-canvas","meta":{"_uag_custom_page_level_css":"","footnotes":""},"class_list":["post-42825","page","type-page","status-publish","hentry"],"yoast_head":"<!-- This site is optimized with the Yoast SEO Premium plugin v27.5 (Yoast SEO v27.5) - https:\/\/yoast.com\/product\/yoast-seo-premium-wordpress\/ -->\n<title>Preise - SPORT.VIDEO<\/title>\n<meta name=\"robots\" content=\"index, follow, max-snippet:-1, max-image-preview:large, max-video-preview:-1\" \/>\n<link rel=\"canonical\" href=\"https:\/\/product.sport.video\/de\/preise\/\" \/>\n<meta property=\"og:locale\" content=\"de_DE\" \/>\n<meta property=\"og:type\" content=\"article\" \/>\n<meta property=\"og:title\" content=\"Preise\" \/>\n<meta property=\"og:description\" content=\"Deine Fragenbeantwortet\" \/>\n<meta property=\"og:url\" content=\"https:\/\/product.sport.video\/de\/preise\/\" \/>\n<meta property=\"og:site_name\" content=\"SPORT.VIDEO\" \/>\n<meta property=\"article:modified_time\" content=\"2026-02-10T11:43:26+00:00\" \/>\n<meta name=\"twitter:card\" content=\"summary_large_image\" \/>\n<script type=\"application\/ld+json\" class=\"yoast-schema-graph\">{\"@context\":\"https:\\\/\\\/schema.org\",\"@graph\":[{\"@type\":\"WebPage\",\"@id\":\"https:\\\/\\\/product.sport.video\\\/de\\\/preise\\\/\",\"url\":\"https:\\\/\\\/product.sport.video\\\/de\\\/preise\\\/\",\"name\":\"Preise - SPORT.VIDEO\",\"isPartOf\":{\"@id\":\"https:\\\/\\\/product.sport.video\\\/de\\\/#website\"},\"datePublished\":\"2026-02-09T08:20:57+00:00\",\"dateModified\":\"2026-02-10T11:43:26+00:00\",\"breadcrumb\":{\"@id\":\"https:\\\/\\\/product.sport.video\\\/de\\\/preise\\\/#breadcrumb\"},\"inLanguage\":\"de\",\"potentialAction\":[{\"@type\":\"ReadAction\",\"target\":[\"https:\\\/\\\/product.sport.video\\\/de\\\/preise\\\/\"]}]},{\"@type\":\"BreadcrumbList\",\"@id\":\"https:\\\/\\\/product.sport.video\\\/de\\\/preise\\\/#breadcrumb\",\"itemListElement\":[{\"@type\":\"ListItem\",\"position\":1,\"name\":\"Home\",\"item\":\"https:\\\/\\\/product.sport.video\\\/de\\\/\"},{\"@type\":\"ListItem\",\"position\":2,\"name\":\"Preise\"}]},{\"@type\":\"WebSite\",\"@id\":\"https:\\\/\\\/product.sport.video\\\/de\\\/#website\",\"url\":\"https:\\\/\\\/product.sport.video\\\/de\\\/\",\"name\":\"Sport.Video\",\"description\":\"\",\"publisher\":{\"@id\":\"https:\\\/\\\/product.sport.video\\\/de\\\/#organization\"},\"potentialAction\":[{\"@type\":\"SearchAction\",\"target\":{\"@type\":\"EntryPoint\",\"urlTemplate\":\"https:\\\/\\\/product.sport.video\\\/de\\\/?s={search_term_string}\"},\"query-input\":{\"@type\":\"PropertyValueSpecification\",\"valueRequired\":true,\"valueName\":\"search_term_string\"}}],\"inLanguage\":\"de\"},{\"@type\":\"Organization\",\"@id\":\"https:\\\/\\\/product.sport.video\\\/de\\\/#organization\",\"name\":\"Sport.Video\",\"alternateName\":\"SV\",\"url\":\"https:\\\/\\\/product.sport.video\\\/de\\\/\",\"logo\":{\"@type\":\"ImageObject\",\"inLanguage\":\"de\",\"@id\":\"https:\\\/\\\/product.sport.video\\\/de\\\/#\\\/schema\\\/logo\\\/image\\\/\",\"url\":\"https:\\\/\\\/product.sport.video\\\/wp-content\\\/uploads\\\/2026\\\/02\\\/icon.png\",\"contentUrl\":\"https:\\\/\\\/product.sport.video\\\/wp-content\\\/uploads\\\/2026\\\/02\\\/icon.png\",\"width\":512,\"height\":512,\"caption\":\"Sport.Video\"},\"image\":{\"@id\":\"https:\\\/\\\/product.sport.video\\\/de\\\/#\\\/schema\\\/logo\\\/image\\\/\"}}]}<\/script>\n<!-- \/ Yoast SEO Premium plugin. -->","yoast_head_json":{"title":"Preise - SPORT.VIDEO","robots":{"index":"index","follow":"follow","max-snippet":"max-snippet:-1","max-image-preview":"max-image-preview:large","max-video-preview":"max-video-preview:-1"},"canonical":"https:\/\/product.sport.video\/de\/preise\/","og_locale":"de_DE","og_type":"article","og_title":"Preise","og_description":"Deine Fragenbeantwortet","og_url":"https:\/\/product.sport.video\/de\/preise\/","og_site_name":"SPORT.VIDEO","article_modified_time":"2026-02-10T11:43:26+00:00","twitter_card":"summary_large_image","schema":{"@context":"https:\/\/schema.org","@graph":[{"@type":"WebPage","@id":"https:\/\/product.sport.video\/de\/preise\/","url":"https:\/\/product.sport.video\/de\/preise\/","name":"Preise - SPORT.VIDEO","isPartOf":{"@id":"https:\/\/product.sport.video\/de\/#website"},"datePublished":"2026-02-09T08:20:57+00:00","dateModified":"2026-02-10T11:43:26+00:00","breadcrumb":{"@id":"https:\/\/product.sport.video\/de\/preise\/#breadcrumb"},"inLanguage":"de","potentialAction":[{"@type":"ReadAction","target":["https:\/\/product.sport.video\/de\/preise\/"]}]},{"@type":"BreadcrumbList","@id":"https:\/\/product.sport.video\/de\/preise\/#breadcrumb","itemListElement":[{"@type":"ListItem","position":1,"name":"Home","item":"https:\/\/product.sport.video\/de\/"},{"@type":"ListItem","position":2,"name":"Preise"}]},{"@type":"WebSite","@id":"https:\/\/product.sport.video\/de\/#website","url":"https:\/\/product.sport.video\/de\/","name":"Sport.Video","description":"","publisher":{"@id":"https:\/\/product.sport.video\/de\/#organization"},"potentialAction":[{"@type":"SearchAction","target":{"@type":"EntryPoint","urlTemplate":"https:\/\/product.sport.video\/de\/?s={search_term_string}"},"query-input":{"@type":"PropertyValueSpecification","valueRequired":true,"valueName":"search_term_string"}}],"inLanguage":"de"},{"@type":"Organization","@id":"https:\/\/product.sport.video\/de\/#organization","name":"Sport.Video","alternateName":"SV","url":"https:\/\/product.sport.video\/de\/","logo":{"@type":"ImageObject","inLanguage":"de","@id":"https:\/\/product.sport.video\/de\/#\/schema\/logo\/image\/","url":"https:\/\/product.sport.video\/wp-content\/uploads\/2026\/02\/icon.png","contentUrl":"https:\/\/product.sport.video\/wp-content\/uploads\/2026\/02\/icon.png","width":512,"height":512,"caption":"Sport.Video"},"image":{"@id":"https:\/\/product.sport.video\/de\/#\/schema\/logo\/image\/"}}]}},"uagb_featured_image_src":{"full":false,"thumbnail":false,"medium":false,"medium_large":false,"large":false,"1536x1536":false,"2048x2048":false},"uagb_author_info":{"display_name":"devadmin","author_link":"https:\/\/product.sport.video\/de\/author\/devadmin\/"},"uagb_comment_info":0,"uagb_excerpt":"Deine Fragenbeantwortet","_links":{"self":[{"href":"https:\/\/product.sport.video\/de\/wp-json\/wp\/v2\/pages\/42825","targetHints":{"allow":["GET"]}}],"collection":[{"href":"https:\/\/product.sport.video\/de\/wp-json\/wp\/v2\/pages"}],"about":[{"href":"https:\/\/product.sport.video\/de\/wp-json\/wp\/v2\/types\/page"}],"author":[{"embeddable":true,"href":"https:\/\/product.sport.video\/de\/wp-json\/wp\/v2\/users\/1"}],"replies":[{"embeddable":true,"href":"https:\/\/product.sport.video\/de\/wp-json\/wp\/v2\/comments?post=42825"}],"version-history":[{"count":0,"href":"https:\/\/product.sport.video\/de\/wp-json\/wp\/v2\/pages\/42825\/revisions"}],"wp:attachment":[{"href":"https:\/\/product.sport.video\/de\/wp-json\/wp\/v2\/media?parent=42825"}],"curies":[{"name":"wp","href":"https:\/\/api.w.org\/{rel}","templated":true}]}}