{"id":44065,"date":"2026-02-11T18:41:31","date_gmt":"2026-02-11T17:41:31","guid":{"rendered":"https:\/\/product.sport.video\/precios\/"},"modified":"2026-02-11T18:44:21","modified_gmt":"2026-02-11T17:44:21","slug":"precios","status":"publish","type":"page","link":"https:\/\/product.sport.video\/es\/precios\/","title":{"rendered":"Precios"},"content":{"rendered":"\n<div class=\"wp-block-group alignfull is-layout-flow wp-block-group-is-layout-flow\">\n<iframe src=\"https:\/\/sport.video\/embed-pricing\" id=\"iframe-pricing\" width=\"100%\" height=\"800\" style=\"border:0;\" loading=\"lazy\" referrerpolicy=\"no-referrer-when-downgrade\"><\/iframe>\n\n<script type=\"text\/javascript\">\n    const iframe = document.getElementById(\"iframe-pricing\");\n\n    window.addEventListener(\"message\", function(event) {\n        if (typeof event.data === \"number\" || typeof event.data === \"string\") {\n            iframe.height = event.data;\n        }\n    }, false);\n<\/script>\n<\/div>\n\n<div class=\"wp-block-group has-global-padding is-layout-constrained wp-block-group-is-layout-constrained\" style=\"margin-bottom:var(--wp--preset--spacing--bbe-40);padding-bottom:var(--wp--preset--spacing--bbe-80)\">\n<h2 class=\"wp-block-heading has-text-align-center\" style=\"margin-bottom:var(--wp--preset--spacing--bbe-90);letter-spacing:-0.05em;line-height:1.15\">Tus Preguntas<br\/><strong>Respondidas<\/strong><\/h2>\n\n\n<div class=\"wp-block-uagb-faq uagb-faq__outer-wrap uagb-block-330deb30 uagb-faq-icon-row-reverse uagb-faq-layout-accordion uagb-faq-expand-first-false uagb-faq-inactive-other-true uagb-faq__wrap uagb-buttons-layout-wrap uagb-faq-equal-height     \" data-faqtoggle=\"true\" role=\"tablist\"><div class=\"wp-block-uagb-faq-child uagb-faq-child__outer-wrap uagb-faq-item uagb-block-11064701 \" role=\"tab\" tabindex=\"0\"><div class=\"uagb-faq-questions-button uagb-faq-questions\">\t\t\t<span class=\"uagb-icon uagb-faq-icon-wrap\">\n\t\t\t\t\t\t\t\t<svg xmlns=\"https:\/\/www.w3.org\/2000\/svg\" viewBox= \"0 0 448 512\"><path d=\"M432 256c0 17.69-14.33 32.01-32 32.01H256v144c0 17.69-14.33 31.99-32 31.99s-32-14.3-32-31.99v-144H48c-17.67 0-32-14.32-32-32.01s14.33-31.99 32-31.99H192v-144c0-17.69 14.33-32.01 32-32.01s32 14.32 32 32.01v144h144C417.7 224 432 238.3 432 256z\"><\/path><\/svg>\n\t\t\t\t\t\t\t<\/span>\n\t\t\t\t\t\t<span class=\"uagb-icon-active uagb-faq-icon-wrap\">\n\t\t\t\t\t\t\t\t<svg xmlns=\"https:\/\/www.w3.org\/2000\/svg\" viewBox= \"0 0 448 512\"><path d=\"M400 288h-352c-17.69 0-32-14.32-32-32.01s14.31-31.99 32-31.99h352c17.69 0 32 14.3 32 31.99S417.7 288 400 288z\"><\/path><\/svg>\n\t\t\t\t\t\t\t<\/span>\n\t\t\t<span class=\"uagb-question\">\u00bfPodemos mejorar o reducir nuestro plan en cualquier momento?<\/span><\/div><div class=\"uagb-faq-content\"><p>Tienes la opci\u00f3n de mejorar tu suscripci\u00f3n actualizando a un nivel superior y pasando de un plan de facturaci\u00f3n mensual a uno anual. Sin embargo, la reducci\u00f3n de plan no es compatible. Si deseas cambiar a un nivel inferior, primero debes cancelar tu suscripci\u00f3n actual y esperar a que expire. Adem\u00e1s, si deseas cambiar la frecuencia de facturaci\u00f3n de anual a mensual, esto tambi\u00e9n requiere pasar a un nivel de suscripci\u00f3n superior.<\/p><\/div><\/div><div class=\"wp-block-uagb-faq-child uagb-faq-child__outer-wrap uagb-faq-item uagb-block-88cfe5f4 \" role=\"tab\" tabindex=\"0\"><div class=\"uagb-faq-questions-button uagb-faq-questions\">\t\t\t<span class=\"uagb-icon uagb-faq-icon-wrap\">\n\t\t\t\t\t\t\t\t<svg xmlns=\"https:\/\/www.w3.org\/2000\/svg\" viewBox= \"0 0 448 512\"><path d=\"M432 256c0 17.69-14.33 32.01-32 32.01H256v144c0 17.69-14.33 31.99-32 31.99s-32-14.3-32-31.99v-144H48c-17.67 0-32-14.32-32-32.01s14.33-31.99 32-31.99H192v-144c0-17.69 14.33-32.01 32-32.01s32 14.32 32 32.01v144h144C417.7 224 432 238.3 432 256z\"><\/path><\/svg>\n\t\t\t\t\t\t\t<\/span>\n\t\t\t\t\t\t<span class=\"uagb-icon-active uagb-faq-icon-wrap\">\n\t\t\t\t\t\t\t\t<svg xmlns=\"https:\/\/www.w3.org\/2000\/svg\" viewBox= \"0 0 448 512\"><path d=\"M400 288h-352c-17.69 0-32-14.32-32-32.01s14.31-31.99 32-31.99h352c17.69 0 32 14.3 32 31.99S417.7 288 400 288z\"><\/path><\/svg>\n\t\t\t\t\t\t\t<\/span>\n\t\t\t<span class=\"uagb-question\">\u00bfPodemos probar Sport.Video antes de contratar un plan de pago?<\/span><\/div><div class=\"uagb-faq-content\"><p>\u00a1Por supuesto! Sport.Video ofrece un plan gratuito, que te permite experimentar la plataforma y sus funcionalidades antes de tomar una decisi\u00f3n.<\/p><\/div><\/div><div class=\"wp-block-uagb-faq-child uagb-faq-child__outer-wrap uagb-faq-item uagb-block-edc4eea3 \" role=\"tab\" tabindex=\"0\"><div class=\"uagb-faq-questions-button uagb-faq-questions\">\t\t\t<span class=\"uagb-icon uagb-faq-icon-wrap\">\n\t\t\t\t\t\t\t\t<svg xmlns=\"https:\/\/www.w3.org\/2000\/svg\" viewBox= \"0 0 448 512\"><path d=\"M432 256c0 17.69-14.33 32.01-32 32.01H256v144c0 17.69-14.33 31.99-32 31.99s-32-14.3-32-31.99v-144H48c-17.67 0-32-14.32-32-32.01s14.33-31.99 32-31.99H192v-144c0-17.69 14.33-32.01 32-32.01s32 14.32 32 32.01v144h144C417.7 224 432 238.3 432 256z\"><\/path><\/svg>\n\t\t\t\t\t\t\t<\/span>\n\t\t\t\t\t\t<span class=\"uagb-icon-active uagb-faq-icon-wrap\">\n\t\t\t\t\t\t\t\t<svg xmlns=\"https:\/\/www.w3.org\/2000\/svg\" viewBox= \"0 0 448 512\"><path d=\"M400 288h-352c-17.69 0-32-14.32-32-32.01s14.31-31.99 32-31.99h352c17.69 0 32 14.3 32 31.99S417.7 288 400 288z\"><\/path><\/svg>\n\t\t\t\t\t\t\t<\/span>\n\t\t\t<span class=\"uagb-question\">\u00bfHay un l\u00edmite en la cantidad de v\u00eddeos que podemos subir o almacenar?<\/span><\/div><div class=\"uagb-faq-content\"><p>Dependiendo del plan elegido, hay l\u00edmites de subida. Nuestros planes de precios proporcionan detalles sobre los l\u00edmites espec\u00edficos.<\/p><\/div><\/div><div class=\"wp-block-uagb-faq-child uagb-faq-child__outer-wrap uagb-faq-item uagb-block-7dcf0e87 \" role=\"tab\" tabindex=\"0\"><div class=\"uagb-faq-questions-button uagb-faq-questions\">\t\t\t<span class=\"uagb-icon uagb-faq-icon-wrap\">\n\t\t\t\t\t\t\t\t<svg xmlns=\"https:\/\/www.w3.org\/2000\/svg\" viewBox= \"0 0 448 512\"><path d=\"M432 256c0 17.69-14.33 32.01-32 32.01H256v144c0 17.69-14.33 31.99-32 31.99s-32-14.3-32-31.99v-144H48c-17.67 0-32-14.32-32-32.01s14.33-31.99 32-31.99H192v-144c0-17.69 14.33-32.01 32-32.01s32 14.32 32 32.01v144h144C417.7 224 432 238.3 432 256z\"><\/path><\/svg>\n\t\t\t\t\t\t\t<\/span>\n\t\t\t\t\t\t<span class=\"uagb-icon-active uagb-faq-icon-wrap\">\n\t\t\t\t\t\t\t\t<svg xmlns=\"https:\/\/www.w3.org\/2000\/svg\" viewBox= \"0 0 448 512\"><path d=\"M400 288h-352c-17.69 0-32-14.32-32-32.01s14.31-31.99 32-31.99h352c17.69 0 32 14.3 32 31.99S417.7 288 400 288z\"><\/path><\/svg>\n\t\t\t\t\t\t\t<\/span>\n\t\t\t<span class=\"uagb-question\">\u00bfPodemos cancelar nuestra suscripci\u00f3n en cualquier momento?<\/span><\/div><div class=\"uagb-faq-content\"><p>S\u00ed, puedes cancelar tu suscripci\u00f3n en cualquier momento. Sin embargo, ten en cuenta que es posible que no se realicen reembolsos por la parte no utilizada del per\u00edodo de suscripci\u00f3n.<\/p><\/div><\/div><div class=\"wp-block-uagb-faq-child uagb-faq-child__outer-wrap uagb-faq-item uagb-block-655afdd7 \" role=\"tab\" tabindex=\"0\"><div class=\"uagb-faq-questions-button uagb-faq-questions\">\t\t\t<span class=\"uagb-icon uagb-faq-icon-wrap\">\n\t\t\t\t\t\t\t\t<svg xmlns=\"https:\/\/www.w3.org\/2000\/svg\" viewBox= \"0 0 448 512\"><path d=\"M432 256c0 17.69-14.33 32.01-32 32.01H256v144c0 17.69-14.33 31.99-32 31.99s-32-14.3-32-31.99v-144H48c-17.67 0-32-14.32-32-32.01s14.33-31.99 32-31.99H192v-144c0-17.69 14.33-32.01 32-32.01s32 14.32 32 32.01v144h144C417.7 224 432 238.3 432 256z\"><\/path><\/svg>\n\t\t\t\t\t\t\t<\/span>\n\t\t\t\t\t\t<span class=\"uagb-icon-active uagb-faq-icon-wrap\">\n\t\t\t\t\t\t\t\t<svg xmlns=\"https:\/\/www.w3.org\/2000\/svg\" viewBox= \"0 0 448 512\"><path d=\"M400 288h-352c-17.69 0-32-14.32-32-32.01s14.31-31.99 32-31.99h352c17.69 0 32 14.3 32 31.99S417.7 288 400 288z\"><\/path><\/svg>\n\t\t\t\t\t\t\t<\/span>\n\t\t\t<span class=\"uagb-question\">\u00bfHay descuento por pagar anualmente?<\/span><\/div><div class=\"uagb-faq-content\"><p>S\u00ed, ofrecemos un descuento especial del 60% para quienes eligen pagar anualmente. Esto te permite disfrutar de ahorros significativos en comparaci\u00f3n con la opci\u00f3n de pago mensual.<\/p><\/div><\/div><div class=\"wp-block-uagb-faq-child uagb-faq-child__outer-wrap uagb-faq-item uagb-block-03787b00 \" role=\"tab\" tabindex=\"0\"><div class=\"uagb-faq-questions-button uagb-faq-questions\">\t\t\t<span class=\"uagb-icon uagb-faq-icon-wrap\">\n\t\t\t\t\t\t\t\t<svg xmlns=\"https:\/\/www.w3.org\/2000\/svg\" viewBox= \"0 0 448 512\"><path d=\"M432 256c0 17.69-14.33 32.01-32 32.01H256v144c0 17.69-14.33 31.99-32 31.99s-32-14.3-32-31.99v-144H48c-17.67 0-32-14.32-32-32.01s14.33-31.99 32-31.99H192v-144c0-17.69 14.33-32.01 32-32.01s32 14.32 32 32.01v144h144C417.7 224 432 238.3 432 256z\"><\/path><\/svg>\n\t\t\t\t\t\t\t<\/span>\n\t\t\t\t\t\t<span class=\"uagb-icon-active uagb-faq-icon-wrap\">\n\t\t\t\t\t\t\t\t<svg xmlns=\"https:\/\/www.w3.org\/2000\/svg\" viewBox= \"0 0 448 512\"><path d=\"M400 288h-352c-17.69 0-32-14.32-32-32.01s14.31-31.99 32-31.99h352c17.69 0 32 14.3 32 31.99S417.7 288 400 288z\"><\/path><\/svg>\n\t\t\t\t\t\t\t<\/span>\n\t\t\t<span class=\"uagb-question\">\u00bfQu\u00e9 significa \u00abN\u00famero de Usuarios\u00bb en el paquete de precios?<\/span><\/div><div class=\"uagb-faq-content\"><p>El \u00abN\u00famero de Usuarios\u00bb se refiere a los diferentes roles dentro de tu canal. Como propietario del canal, cuentas como un usuario. Hay tres tipos de usuarios:<br><strong>Propietario<\/strong>: La persona que crea la cuenta y el canal.<br><strong>Editor<\/strong>: Invitado por el propietario, un editor tiene permiso para crear, gestionar, editar y grabar contenido dentro del canal.<br><strong>Camar\u00f3grafo<\/strong>: Invitado por el propietario, un camar\u00f3grafo tiene permiso para editar solo los partidos que ha grabado y para grabar nuevo contenido.<\/p><\/div><\/div><div class=\"wp-block-uagb-faq-child uagb-faq-child__outer-wrap uagb-faq-item uagb-block-3996824d \" role=\"tab\" tabindex=\"0\"><div class=\"uagb-faq-questions-button uagb-faq-questions\">\t\t\t<span class=\"uagb-icon uagb-faq-icon-wrap\">\n\t\t\t\t\t\t\t\t<svg xmlns=\"https:\/\/www.w3.org\/2000\/svg\" viewBox= \"0 0 448 512\"><path d=\"M432 256c0 17.69-14.33 32.01-32 32.01H256v144c0 17.69-14.33 31.99-32 31.99s-32-14.3-32-31.99v-144H48c-17.67 0-32-14.32-32-32.01s14.33-31.99 32-31.99H192v-144c0-17.69 14.33-32.01 32-32.01s32 14.32 32 32.01v144h144C417.7 224 432 238.3 432 256z\"><\/path><\/svg>\n\t\t\t\t\t\t\t<\/span>\n\t\t\t\t\t\t<span class=\"uagb-icon-active uagb-faq-icon-wrap\">\n\t\t\t\t\t\t\t\t<svg xmlns=\"https:\/\/www.w3.org\/2000\/svg\" viewBox= \"0 0 448 512\"><path d=\"M400 288h-352c-17.69 0-32-14.32-32-32.01s14.31-31.99 32-31.99h352c17.69 0 32 14.3 32 31.99S417.7 288 400 288z\"><\/path><\/svg>\n\t\t\t\t\t\t\t<\/span>\n\t\t\t<span class=\"uagb-question\">\u00bfQu\u00e9 es el paquete adicional de transmisi\u00f3n en directo y c\u00f3mo funciona?<\/span><\/div><div class=\"uagb-faq-content\"><p>El paquete adicional de transmisi\u00f3n en directo te permite transmitir tus partidos directamente a tu canal Sport.Video. Puedes adquirir un paquete adicional de transmisi\u00f3n en directo. Este paquete incluye 2 transmisiones en directo adicionales y 200 horas de transmisi\u00f3n en directo. No hay l\u00edmite en la cantidad de paquetes adicionales que un usuario puede comprar, independientemente de su per\u00edodo de suscripci\u00f3n. Los paquetes de transmisi\u00f3n en directo no caducan una vez que los compras, se pueden utilizar en cualquier momento.<\/p><\/div><\/div><div class=\"wp-block-uagb-faq-child uagb-faq-child__outer-wrap uagb-faq-item uagb-block-c2e04fdc \" role=\"tab\" tabindex=\"0\"><div class=\"uagb-faq-questions-button uagb-faq-questions\">\t\t\t<span class=\"uagb-icon uagb-faq-icon-wrap\">\n\t\t\t\t\t\t\t\t<svg xmlns=\"https:\/\/www.w3.org\/2000\/svg\" viewBox= \"0 0 448 512\"><path d=\"M432 256c0 17.69-14.33 32.01-32 32.01H256v144c0 17.69-14.33 31.99-32 31.99s-32-14.3-32-31.99v-144H48c-17.67 0-32-14.32-32-32.01s14.33-31.99 32-31.99H192v-144c0-17.69 14.33-32.01 32-32.01s32 14.32 32 32.01v144h144C417.7 224 432 238.3 432 256z\"><\/path><\/svg>\n\t\t\t\t\t\t\t<\/span>\n\t\t\t\t\t\t<span class=\"uagb-icon-active uagb-faq-icon-wrap\">\n\t\t\t\t\t\t\t\t<svg xmlns=\"https:\/\/www.w3.org\/2000\/svg\" viewBox= \"0 0 448 512\"><path d=\"M400 288h-352c-17.69 0-32-14.32-32-32.01s14.31-31.99 32-31.99h352c17.69 0 32 14.3 32 31.99S417.7 288 400 288z\"><\/path><\/svg>\n\t\t\t\t\t\t\t<\/span>\n\t\t\t<span class=\"uagb-question\">\u00bfQu\u00e9 significa \u00abTiempo de Visualizaci\u00f3n en Directo\u00bb y c\u00f3mo se calcula?<\/span><\/div><div class=\"uagb-faq-content\"><p>El tiempo de visualizaci\u00f3n en directo no se refiere a la duraci\u00f3n de la grabaci\u00f3n en directo en s\u00ed, sino a la duraci\u00f3n total de las visualizaciones. Para simplificar, imag\u00ednalo de la siguiente manera: 1 hora de tiempo de visualizaci\u00f3n significa 1 espectador viendo 1 partido completo (ya que el partido promedio dura aproximadamente 1 hora). Por ejemplo, 400 horas pueden consumirse con 400 espectadores viendo un partido completo o 800 espectadores viendo la mitad del partido. Recomendamos estar atento al tiempo de visualizaci\u00f3n en directo durante los eventos, para que no se agote, lo que impedir\u00eda a los espectadores en directo seguir viendo. El tiempo de visualizaci\u00f3n en directo se actualiza din\u00e1micamente durante todo el evento, capturando la participaci\u00f3n de los espectadores desde el momento en que comienza la transmisi\u00f3n hasta su conclusi\u00f3n. M\u00e1s all\u00e1 de la conclusi\u00f3n de la transmisi\u00f3n en directo, se suele designar un per\u00edodo adicional de 48 horas para refinar a\u00fan m\u00e1s el c\u00e1lculo del tiempo de visualizaci\u00f3n. Este per\u00edodo extendido contempla la posible visualizaci\u00f3n diferida. Posteriormente, se obtiene una medida completa y precisa de los datos entregados, que abarca tanto la participaci\u00f3n en tiempo real como cualquier interacci\u00f3n posterior durante la ventana post-transmisi\u00f3n.<\/p><\/div><\/div><div class=\"wp-block-uagb-faq-child uagb-faq-child__outer-wrap uagb-faq-item uagb-block-a7bb4788 \" role=\"tab\" tabindex=\"0\"><div class=\"uagb-faq-questions-button uagb-faq-questions\">\t\t\t<span class=\"uagb-icon uagb-faq-icon-wrap\">\n\t\t\t\t\t\t\t\t<svg xmlns=\"https:\/\/www.w3.org\/2000\/svg\" viewBox= \"0 0 448 512\"><path d=\"M432 256c0 17.69-14.33 32.01-32 32.01H256v144c0 17.69-14.33 31.99-32 31.99s-32-14.3-32-31.99v-144H48c-17.67 0-32-14.32-32-32.01s14.33-31.99 32-31.99H192v-144c0-17.69 14.33-32.01 32-32.01s32 14.32 32 32.01v144h144C417.7 224 432 238.3 432 256z\"><\/path><\/svg>\n\t\t\t\t\t\t\t<\/span>\n\t\t\t\t\t\t<span class=\"uagb-icon-active uagb-faq-icon-wrap\">\n\t\t\t\t\t\t\t\t<svg xmlns=\"https:\/\/www.w3.org\/2000\/svg\" viewBox= \"0 0 448 512\"><path d=\"M400 288h-352c-17.69 0-32-14.32-32-32.01s14.31-31.99 32-31.99h352c17.69 0 32 14.3 32 31.99S417.7 288 400 288z\"><\/path><\/svg>\n\t\t\t\t\t\t\t<\/span>\n\t\t\t<span class=\"uagb-question\">\u00bfPor qu\u00e9 estoy limitado a un n\u00famero espec\u00edfico de partidos en directo en el canal Sport.Video?<\/span><\/div><div class=\"uagb-faq-content\"><p>La limitaci\u00f3n en el n\u00famero de partidos en directo existe debido al procesamiento integral de las grabaciones en directo. Cada grabaci\u00f3n de partido, con una duraci\u00f3n promedio de 1 hora, requiere codificaci\u00f3n y preparaci\u00f3n para la transmisi\u00f3n global, generando una carga sustancial en nuestros servidores. Los l\u00edmites establecidos garantizan la mejor experiencia posible para tus espectadores y aseguran la entrega fluida de tu contenido.<\/p><\/div><\/div><div class=\"wp-block-uagb-faq-child uagb-faq-child__outer-wrap uagb-faq-item uagb-block-857d81c1 \" role=\"tab\" tabindex=\"0\"><div class=\"uagb-faq-questions-button uagb-faq-questions\">\t\t\t<span class=\"uagb-icon uagb-faq-icon-wrap\">\n\t\t\t\t\t\t\t\t<svg xmlns=\"https:\/\/www.w3.org\/2000\/svg\" viewBox= \"0 0 448 512\"><path d=\"M432 256c0 17.69-14.33 32.01-32 32.01H256v144c0 17.69-14.33 31.99-32 31.99s-32-14.3-32-31.99v-144H48c-17.67 0-32-14.32-32-32.01s14.33-31.99 32-31.99H192v-144c0-17.69 14.33-32.01 32-32.01s32 14.32 32 32.01v144h144C417.7 224 432 238.3 432 256z\"><\/path><\/svg>\n\t\t\t\t\t\t\t<\/span>\n\t\t\t\t\t\t<span class=\"uagb-icon-active uagb-faq-icon-wrap\">\n\t\t\t\t\t\t\t\t<svg xmlns=\"https:\/\/www.w3.org\/2000\/svg\" viewBox= \"0 0 448 512\"><path d=\"M400 288h-352c-17.69 0-32-14.32-32-32.01s14.31-31.99 32-31.99h352c17.69 0 32 14.3 32 31.99S417.7 288 400 288z\"><\/path><\/svg>\n\t\t\t\t\t\t\t<\/span>\n\t\t\t<span class=\"uagb-question\">\u00bfQu\u00e9 es multicam y c\u00f3mo afecta a mi suscripci\u00f3n?<\/span><\/div><div class=\"uagb-faq-content\"><p>MultiCam te permite grabar un solo partido usando m\u00faltiples c\u00e1maras, capturando highlights y transmisiones en directo de Sport.Video desde diferentes \u00e1ngulos. Sin embargo, es importante tener en cuenta que cada grabaci\u00f3n de c\u00e1mara consume un partido de tu plan de suscripci\u00f3n. Adem\u00e1s, en el caso de transmisi\u00f3n en directo a tu canal Sport.Video (es decir, no transmitiendo a Facebook, YouTube\u2026), cada c\u00e1mara de transmisi\u00f3n en directo consume una grabaci\u00f3n de transmisi\u00f3n. Por ejemplo, grabar con 3 c\u00e1maras, 2 de las cuales transmiten en directo, consumir\u00eda un total de 3 partidos y 2 transmisiones de tu plan de suscripci\u00f3n. La transmisi\u00f3n en directo con MultiCam est\u00e1 disponible solo a trav\u00e9s del paquete adicional de transmisi\u00f3n en directo de Sport.Video. Para la producci\u00f3n de highlights con MultiCam, no hay limitaciones.<\/p><\/div><\/div><\/div><\/div>\n\n<style>\n#footer-faq {\n    display: none;\n}\n<\/style>\n","protected":false},"excerpt":{"rendered":"<p>Tus PreguntasRespondidas<\/p>\n","protected":false},"author":1,"featured_media":0,"parent":0,"menu_order":0,"comment_status":"closed","ping_status":"closed","template":"wp-custom-template-canvas","meta":{"_uag_custom_page_level_css":"","footnotes":""},"class_list":["post-44065","page","type-page","status-publish","hentry"],"yoast_head":"<!-- This site is optimized with the Yoast SEO Premium plugin v27.5 (Yoast SEO v27.5) - https:\/\/yoast.com\/product\/yoast-seo-premium-wordpress\/ -->\n<title>Precios - SPORT.VIDEO<\/title>\n<meta name=\"robots\" content=\"index, follow, max-snippet:-1, max-image-preview:large, max-video-preview:-1\" \/>\n<link rel=\"canonical\" href=\"https:\/\/product.sport.video\/es\/precios\/\" \/>\n<meta property=\"og:locale\" content=\"es_ES\" \/>\n<meta property=\"og:type\" content=\"article\" \/>\n<meta property=\"og:title\" content=\"Precios\" \/>\n<meta property=\"og:description\" content=\"Tus PreguntasRespondidas\" \/>\n<meta property=\"og:url\" content=\"https:\/\/product.sport.video\/es\/precios\/\" \/>\n<meta property=\"og:site_name\" content=\"SPORT.VIDEO\" \/>\n<meta property=\"article:modified_time\" content=\"2026-02-11T17:44:21+00:00\" \/>\n<meta name=\"twitter:card\" content=\"summary_large_image\" \/>\n<script type=\"application\/ld+json\" class=\"yoast-schema-graph\">{\"@context\":\"https:\\\/\\\/schema.org\",\"@graph\":[{\"@type\":\"WebPage\",\"@id\":\"https:\\\/\\\/product.sport.video\\\/es\\\/precios\\\/\",\"url\":\"https:\\\/\\\/product.sport.video\\\/es\\\/precios\\\/\",\"name\":\"Precios - SPORT.VIDEO\",\"isPartOf\":{\"@id\":\"https:\\\/\\\/product.sport.video\\\/es\\\/#website\"},\"datePublished\":\"2026-02-11T17:41:31+00:00\",\"dateModified\":\"2026-02-11T17:44:21+00:00\",\"breadcrumb\":{\"@id\":\"https:\\\/\\\/product.sport.video\\\/es\\\/precios\\\/#breadcrumb\"},\"inLanguage\":\"es\",\"potentialAction\":[{\"@type\":\"ReadAction\",\"target\":[\"https:\\\/\\\/product.sport.video\\\/es\\\/precios\\\/\"]}]},{\"@type\":\"BreadcrumbList\",\"@id\":\"https:\\\/\\\/product.sport.video\\\/es\\\/precios\\\/#breadcrumb\",\"itemListElement\":[{\"@type\":\"ListItem\",\"position\":1,\"name\":\"Home\",\"item\":\"https:\\\/\\\/product.sport.video\\\/es\\\/producto\\\/\"},{\"@type\":\"ListItem\",\"position\":2,\"name\":\"Precios\"}]},{\"@type\":\"WebSite\",\"@id\":\"https:\\\/\\\/product.sport.video\\\/es\\\/#website\",\"url\":\"https:\\\/\\\/product.sport.video\\\/es\\\/\",\"name\":\"Sport.Video\",\"description\":\"\",\"publisher\":{\"@id\":\"https:\\\/\\\/product.sport.video\\\/es\\\/#organization\"},\"potentialAction\":[{\"@type\":\"SearchAction\",\"target\":{\"@type\":\"EntryPoint\",\"urlTemplate\":\"https:\\\/\\\/product.sport.video\\\/es\\\/?s={search_term_string}\"},\"query-input\":{\"@type\":\"PropertyValueSpecification\",\"valueRequired\":true,\"valueName\":\"search_term_string\"}}],\"inLanguage\":\"es\"},{\"@type\":\"Organization\",\"@id\":\"https:\\\/\\\/product.sport.video\\\/es\\\/#organization\",\"name\":\"Sport.Video\",\"alternateName\":\"SV\",\"url\":\"https:\\\/\\\/product.sport.video\\\/es\\\/\",\"logo\":{\"@type\":\"ImageObject\",\"inLanguage\":\"es\",\"@id\":\"https:\\\/\\\/product.sport.video\\\/es\\\/#\\\/schema\\\/logo\\\/image\\\/\",\"url\":\"https:\\\/\\\/product.sport.video\\\/wp-content\\\/uploads\\\/2026\\\/02\\\/icon.png\",\"contentUrl\":\"https:\\\/\\\/product.sport.video\\\/wp-content\\\/uploads\\\/2026\\\/02\\\/icon.png\",\"width\":512,\"height\":512,\"caption\":\"Sport.Video\"},\"image\":{\"@id\":\"https:\\\/\\\/product.sport.video\\\/es\\\/#\\\/schema\\\/logo\\\/image\\\/\"}}]}<\/script>\n<!-- \/ Yoast SEO Premium plugin. -->","yoast_head_json":{"title":"Precios - SPORT.VIDEO","robots":{"index":"index","follow":"follow","max-snippet":"max-snippet:-1","max-image-preview":"max-image-preview:large","max-video-preview":"max-video-preview:-1"},"canonical":"https:\/\/product.sport.video\/es\/precios\/","og_locale":"es_ES","og_type":"article","og_title":"Precios","og_description":"Tus PreguntasRespondidas","og_url":"https:\/\/product.sport.video\/es\/precios\/","og_site_name":"SPORT.VIDEO","article_modified_time":"2026-02-11T17:44:21+00:00","twitter_card":"summary_large_image","schema":{"@context":"https:\/\/schema.org","@graph":[{"@type":"WebPage","@id":"https:\/\/product.sport.video\/es\/precios\/","url":"https:\/\/product.sport.video\/es\/precios\/","name":"Precios - SPORT.VIDEO","isPartOf":{"@id":"https:\/\/product.sport.video\/es\/#website"},"datePublished":"2026-02-11T17:41:31+00:00","dateModified":"2026-02-11T17:44:21+00:00","breadcrumb":{"@id":"https:\/\/product.sport.video\/es\/precios\/#breadcrumb"},"inLanguage":"es","potentialAction":[{"@type":"ReadAction","target":["https:\/\/product.sport.video\/es\/precios\/"]}]},{"@type":"BreadcrumbList","@id":"https:\/\/product.sport.video\/es\/precios\/#breadcrumb","itemListElement":[{"@type":"ListItem","position":1,"name":"Home","item":"https:\/\/product.sport.video\/es\/producto\/"},{"@type":"ListItem","position":2,"name":"Precios"}]},{"@type":"WebSite","@id":"https:\/\/product.sport.video\/es\/#website","url":"https:\/\/product.sport.video\/es\/","name":"Sport.Video","description":"","publisher":{"@id":"https:\/\/product.sport.video\/es\/#organization"},"potentialAction":[{"@type":"SearchAction","target":{"@type":"EntryPoint","urlTemplate":"https:\/\/product.sport.video\/es\/?s={search_term_string}"},"query-input":{"@type":"PropertyValueSpecification","valueRequired":true,"valueName":"search_term_string"}}],"inLanguage":"es"},{"@type":"Organization","@id":"https:\/\/product.sport.video\/es\/#organization","name":"Sport.Video","alternateName":"SV","url":"https:\/\/product.sport.video\/es\/","logo":{"@type":"ImageObject","inLanguage":"es","@id":"https:\/\/product.sport.video\/es\/#\/schema\/logo\/image\/","url":"https:\/\/product.sport.video\/wp-content\/uploads\/2026\/02\/icon.png","contentUrl":"https:\/\/product.sport.video\/wp-content\/uploads\/2026\/02\/icon.png","width":512,"height":512,"caption":"Sport.Video"},"image":{"@id":"https:\/\/product.sport.video\/es\/#\/schema\/logo\/image\/"}}]}},"uagb_featured_image_src":{"full":false,"thumbnail":false,"medium":false,"medium_large":false,"large":false,"1536x1536":false,"2048x2048":false},"uagb_author_info":{"display_name":"devadmin","author_link":"https:\/\/product.sport.video\/es\/author\/devadmin\/"},"uagb_comment_info":0,"uagb_excerpt":"Tus PreguntasRespondidas","_links":{"self":[{"href":"https:\/\/product.sport.video\/es\/wp-json\/wp\/v2\/pages\/44065","targetHints":{"allow":["GET"]}}],"collection":[{"href":"https:\/\/product.sport.video\/es\/wp-json\/wp\/v2\/pages"}],"about":[{"href":"https:\/\/product.sport.video\/es\/wp-json\/wp\/v2\/types\/page"}],"author":[{"embeddable":true,"href":"https:\/\/product.sport.video\/es\/wp-json\/wp\/v2\/users\/1"}],"replies":[{"embeddable":true,"href":"https:\/\/product.sport.video\/es\/wp-json\/wp\/v2\/comments?post=44065"}],"version-history":[{"count":0,"href":"https:\/\/product.sport.video\/es\/wp-json\/wp\/v2\/pages\/44065\/revisions"}],"wp:attachment":[{"href":"https:\/\/product.sport.video\/es\/wp-json\/wp\/v2\/media?parent=44065"}],"curies":[{"name":"wp","href":"https:\/\/api.w.org\/{rel}","templated":true}]}}