{"id":43071,"date":"2026-02-10T12:48:45","date_gmt":"2026-02-10T11:48:45","guid":{"rendered":"https:\/\/product.sport.video\/cennik\/"},"modified":"2026-02-10T12:49:12","modified_gmt":"2026-02-10T11:49:12","slug":"cennik","status":"publish","type":"page","link":"https:\/\/product.sport.video\/pl\/cennik\/","title":{"rendered":"Cennik"},"content":{"rendered":"\n<div class=\"wp-block-group alignfull is-layout-flow wp-block-group-is-layout-flow\">\n<iframe src=\"https:\/\/sport.video\/embed-pricing\" id=\"iframe-pricing\" width=\"100%\" height=\"800\" style=\"border:0;\" loading=\"lazy\" referrerpolicy=\"no-referrer-when-downgrade\"><\/iframe>\n\n<script type=\"text\/javascript\">\n    const iframe = document.getElementById(\"iframe-pricing\");\n\n    window.addEventListener(\"message\", function(event) {\n        if (typeof event.data === \"number\" || typeof event.data === \"string\") {\n            iframe.height = event.data;\n        }\n    }, false);\n<\/script>\n<\/div>\n\n<div class=\"wp-block-group has-global-padding is-layout-constrained wp-block-group-is-layout-constrained\" style=\"margin-bottom:var(--wp--preset--spacing--bbe-40);padding-bottom:var(--wp--preset--spacing--bbe-80)\">\n<h2 class=\"wp-block-heading has-text-align-center\" style=\"margin-bottom:var(--wp--preset--spacing--bbe-90);letter-spacing:-0.05em;line-height:1.15\">Twoje pytania<br\/><strong>z odpowiedziami<\/strong><\/h2>\n\n\n<div class=\"wp-block-uagb-faq uagb-faq__outer-wrap uagb-block-330deb30 uagb-faq-icon-row-reverse uagb-faq-layout-accordion uagb-faq-expand-first-false uagb-faq-inactive-other-true uagb-faq__wrap uagb-buttons-layout-wrap uagb-faq-equal-height     \" data-faqtoggle=\"true\" role=\"tablist\"><div class=\"wp-block-uagb-faq-child uagb-faq-child__outer-wrap uagb-faq-item uagb-block-11064701 \" role=\"tab\" tabindex=\"0\"><div class=\"uagb-faq-questions-button uagb-faq-questions\">\t\t\t<span class=\"uagb-icon uagb-faq-icon-wrap\">\n\t\t\t\t\t\t\t\t<svg xmlns=\"https:\/\/www.w3.org\/2000\/svg\" viewBox= \"0 0 448 512\"><path d=\"M432 256c0 17.69-14.33 32.01-32 32.01H256v144c0 17.69-14.33 31.99-32 31.99s-32-14.3-32-31.99v-144H48c-17.67 0-32-14.32-32-32.01s14.33-31.99 32-31.99H192v-144c0-17.69 14.33-32.01 32-32.01s32 14.32 32 32.01v144h144C417.7 224 432 238.3 432 256z\"><\/path><\/svg>\n\t\t\t\t\t\t\t<\/span>\n\t\t\t\t\t\t<span class=\"uagb-icon-active uagb-faq-icon-wrap\">\n\t\t\t\t\t\t\t\t<svg xmlns=\"https:\/\/www.w3.org\/2000\/svg\" viewBox= \"0 0 448 512\"><path d=\"M400 288h-352c-17.69 0-32-14.32-32-32.01s14.31-31.99 32-31.99h352c17.69 0 32 14.3 32 31.99S417.7 288 400 288z\"><\/path><\/svg>\n\t\t\t\t\t\t\t<\/span>\n\t\t\t<span class=\"uagb-question\">Czy mo\u017cemy w ka\u017cdej chwili zmieni\u0107 nasz plan na wy\u017cszy lub ni\u017cszy?<\/span><\/div><div class=\"uagb-faq-content\"><p>Masz mo\u017cliwo\u015b\u0107 ulepszenia swojej subskrypcji poprzez przej\u015bcie na wy\u017cszy poziom i zmian\u0119 z miesi\u0119cznego planu rozliczeniowego na roczny. Jednak obni\u017cenie planu nie jest obs\u0142ugiwane. Je\u015bli chcesz przej\u015b\u0107 na ni\u017cszy poziom, musisz najpierw anulowa\u0107 swoj\u0105 obecn\u0105 subskrypcj\u0119 i poczeka\u0107, a\u017c wyga\u015bnie. Dodatkowo, je\u015bli chcesz zmieni\u0107 cz\u0119stotliwo\u015b\u0107 rozlicze\u0144 z rocznej na miesi\u0119czn\u0105, wymaga to r\u00f3wnie\u017c przej\u015bcia na subskrypcj\u0119 wy\u017cszego poziomu.   <\/p><\/div><\/div><div class=\"wp-block-uagb-faq-child uagb-faq-child__outer-wrap uagb-faq-item uagb-block-88cfe5f4 \" role=\"tab\" tabindex=\"0\"><div class=\"uagb-faq-questions-button uagb-faq-questions\">\t\t\t<span class=\"uagb-icon uagb-faq-icon-wrap\">\n\t\t\t\t\t\t\t\t<svg xmlns=\"https:\/\/www.w3.org\/2000\/svg\" viewBox= \"0 0 448 512\"><path d=\"M432 256c0 17.69-14.33 32.01-32 32.01H256v144c0 17.69-14.33 31.99-32 31.99s-32-14.3-32-31.99v-144H48c-17.67 0-32-14.32-32-32.01s14.33-31.99 32-31.99H192v-144c0-17.69 14.33-32.01 32-32.01s32 14.32 32 32.01v144h144C417.7 224 432 238.3 432 256z\"><\/path><\/svg>\n\t\t\t\t\t\t\t<\/span>\n\t\t\t\t\t\t<span class=\"uagb-icon-active uagb-faq-icon-wrap\">\n\t\t\t\t\t\t\t\t<svg xmlns=\"https:\/\/www.w3.org\/2000\/svg\" viewBox= \"0 0 448 512\"><path d=\"M400 288h-352c-17.69 0-32-14.32-32-32.01s14.31-31.99 32-31.99h352c17.69 0 32 14.3 32 31.99S417.7 288 400 288z\"><\/path><\/svg>\n\t\t\t\t\t\t\t<\/span>\n\t\t\t<span class=\"uagb-question\">Czy mo\u017cemy wypr\u00f3bowa\u0107 Sport.Video przed zobowi\u0105zaniem si\u0119 do p\u0142atnego planu?<\/span><\/div><div class=\"uagb-faq-content\"><p>Oczywi\u015bcie! Sport.Video oferuje darmowy plan, kt\u00f3ry pozwala pozna\u0107 platform\u0119 i jej funkcje przed podj\u0119ciem decyzji. <\/p><\/div><\/div><div class=\"wp-block-uagb-faq-child uagb-faq-child__outer-wrap uagb-faq-item uagb-block-edc4eea3 \" role=\"tab\" tabindex=\"0\"><div class=\"uagb-faq-questions-button uagb-faq-questions\">\t\t\t<span class=\"uagb-icon uagb-faq-icon-wrap\">\n\t\t\t\t\t\t\t\t<svg xmlns=\"https:\/\/www.w3.org\/2000\/svg\" viewBox= \"0 0 448 512\"><path d=\"M432 256c0 17.69-14.33 32.01-32 32.01H256v144c0 17.69-14.33 31.99-32 31.99s-32-14.3-32-31.99v-144H48c-17.67 0-32-14.32-32-32.01s14.33-31.99 32-31.99H192v-144c0-17.69 14.33-32.01 32-32.01s32 14.32 32 32.01v144h144C417.7 224 432 238.3 432 256z\"><\/path><\/svg>\n\t\t\t\t\t\t\t<\/span>\n\t\t\t\t\t\t<span class=\"uagb-icon-active uagb-faq-icon-wrap\">\n\t\t\t\t\t\t\t\t<svg xmlns=\"https:\/\/www.w3.org\/2000\/svg\" viewBox= \"0 0 448 512\"><path d=\"M400 288h-352c-17.69 0-32-14.32-32-32.01s14.31-31.99 32-31.99h352c17.69 0 32 14.3 32 31.99S417.7 288 400 288z\"><\/path><\/svg>\n\t\t\t\t\t\t\t<\/span>\n\t\t\t<span class=\"uagb-question\">Czy istnieje limit liczby film\u00f3w, kt\u00f3re mo\u017cemy przes\u0142a\u0107 lub przechowywa\u0107?<\/span><\/div><div class=\"uagb-faq-content\"><p>W zale\u017cno\u015bci od wybranego planu obowi\u0105zuj\u0105 limity przesy\u0142ania. Nasze plany cenowe zawieraj\u0105 szczeg\u00f3\u0142y dotycz\u0105ce konkretnych limit\u00f3w. <\/p><\/div><\/div><div class=\"wp-block-uagb-faq-child uagb-faq-child__outer-wrap uagb-faq-item uagb-block-7dcf0e87 \" role=\"tab\" tabindex=\"0\"><div class=\"uagb-faq-questions-button uagb-faq-questions\">\t\t\t<span class=\"uagb-icon uagb-faq-icon-wrap\">\n\t\t\t\t\t\t\t\t<svg xmlns=\"https:\/\/www.w3.org\/2000\/svg\" viewBox= \"0 0 448 512\"><path d=\"M432 256c0 17.69-14.33 32.01-32 32.01H256v144c0 17.69-14.33 31.99-32 31.99s-32-14.3-32-31.99v-144H48c-17.67 0-32-14.32-32-32.01s14.33-31.99 32-31.99H192v-144c0-17.69 14.33-32.01 32-32.01s32 14.32 32 32.01v144h144C417.7 224 432 238.3 432 256z\"><\/path><\/svg>\n\t\t\t\t\t\t\t<\/span>\n\t\t\t\t\t\t<span class=\"uagb-icon-active uagb-faq-icon-wrap\">\n\t\t\t\t\t\t\t\t<svg xmlns=\"https:\/\/www.w3.org\/2000\/svg\" viewBox= \"0 0 448 512\"><path d=\"M400 288h-352c-17.69 0-32-14.32-32-32.01s14.31-31.99 32-31.99h352c17.69 0 32 14.3 32 31.99S417.7 288 400 288z\"><\/path><\/svg>\n\t\t\t\t\t\t\t<\/span>\n\t\t\t<span class=\"uagb-question\">Czy mo\u017cemy anulowa\u0107 nasz\u0105 subskrypcj\u0119 w ka\u017cdej chwili?<\/span><\/div><div class=\"uagb-faq-content\"><p>Tak, mo\u017cesz anulowa\u0107 swoj\u0105 subskrypcj\u0119 w ka\u017cdej chwili. Nale\u017cy jednak pami\u0119ta\u0107, \u017ce zwroty mog\u0105 nie by\u0107 dost\u0119pne za niewykorzystan\u0105 cz\u0119\u015b\u0107 okresu subskrypcji. <\/p><\/div><\/div><div class=\"wp-block-uagb-faq-child uagb-faq-child__outer-wrap uagb-faq-item uagb-block-655afdd7 \" role=\"tab\" tabindex=\"0\"><div class=\"uagb-faq-questions-button uagb-faq-questions\">\t\t\t<span class=\"uagb-icon uagb-faq-icon-wrap\">\n\t\t\t\t\t\t\t\t<svg xmlns=\"https:\/\/www.w3.org\/2000\/svg\" viewBox= \"0 0 448 512\"><path d=\"M432 256c0 17.69-14.33 32.01-32 32.01H256v144c0 17.69-14.33 31.99-32 31.99s-32-14.3-32-31.99v-144H48c-17.67 0-32-14.32-32-32.01s14.33-31.99 32-31.99H192v-144c0-17.69 14.33-32.01 32-32.01s32 14.32 32 32.01v144h144C417.7 224 432 238.3 432 256z\"><\/path><\/svg>\n\t\t\t\t\t\t\t<\/span>\n\t\t\t\t\t\t<span class=\"uagb-icon-active uagb-faq-icon-wrap\">\n\t\t\t\t\t\t\t\t<svg xmlns=\"https:\/\/www.w3.org\/2000\/svg\" viewBox= \"0 0 448 512\"><path d=\"M400 288h-352c-17.69 0-32-14.32-32-32.01s14.31-31.99 32-31.99h352c17.69 0 32 14.3 32 31.99S417.7 288 400 288z\"><\/path><\/svg>\n\t\t\t\t\t\t\t<\/span>\n\t\t\t<span class=\"uagb-question\">Czy jest zni\u017cka za p\u0142atno\u015b\u0107 roczn\u0105?<\/span><\/div><div class=\"uagb-faq-content\"><p>Tak, oferujemy specjaln\u0105 zni\u017ck\u0119 60% dla tych, kt\u00f3rzy wybieraj\u0105 p\u0142atno\u015b\u0107 roczn\u0105. Pozwala to na znaczne oszcz\u0119dno\u015bci w por\u00f3wnaniu z opcj\u0105 p\u0142atno\u015bci miesi\u0119cznej. <\/p><\/div><\/div><div class=\"wp-block-uagb-faq-child uagb-faq-child__outer-wrap uagb-faq-item uagb-block-03787b00 \" role=\"tab\" tabindex=\"0\"><div class=\"uagb-faq-questions-button uagb-faq-questions\">\t\t\t<span class=\"uagb-icon uagb-faq-icon-wrap\">\n\t\t\t\t\t\t\t\t<svg xmlns=\"https:\/\/www.w3.org\/2000\/svg\" viewBox= \"0 0 448 512\"><path d=\"M432 256c0 17.69-14.33 32.01-32 32.01H256v144c0 17.69-14.33 31.99-32 31.99s-32-14.3-32-31.99v-144H48c-17.67 0-32-14.32-32-32.01s14.33-31.99 32-31.99H192v-144c0-17.69 14.33-32.01 32-32.01s32 14.32 32 32.01v144h144C417.7 224 432 238.3 432 256z\"><\/path><\/svg>\n\t\t\t\t\t\t\t<\/span>\n\t\t\t\t\t\t<span class=\"uagb-icon-active uagb-faq-icon-wrap\">\n\t\t\t\t\t\t\t\t<svg xmlns=\"https:\/\/www.w3.org\/2000\/svg\" viewBox= \"0 0 448 512\"><path d=\"M400 288h-352c-17.69 0-32-14.32-32-32.01s14.31-31.99 32-31.99h352c17.69 0 32 14.3 32 31.99S417.7 288 400 288z\"><\/path><\/svg>\n\t\t\t\t\t\t\t<\/span>\n\t\t\t<span class=\"uagb-question\">Co oznacza &#8222;Liczba u\u017cytkownik\u00f3w&#8221; w pakiecie cenowym?<\/span><\/div><div class=\"uagb-faq-content\"><p>&#8222;Liczba u\u017cytkownik\u00f3w&#8221; odnosi si\u0119 do r\u00f3\u017cnych r\u00f3l w Twoim kanale. Jako w\u0142a\u015bciciel kana\u0142u liczysz si\u0119 jako jeden u\u017cytkownik. Istniej\u0105 trzy typy u\u017cytkownik\u00f3w:  <br><strong>W\u0142a\u015bciciel<\/strong>: Osoba, kt\u00f3ra tworzy konto i kana\u0142.<br><strong>Edytor<\/strong>: Zaproszony przez w\u0142a\u015bciciela, edytor ma uprawnienia do tworzenia, zarz\u0105dzania, edytowania i filmowania tre\u015bci w kanale.<br><strong>Kamerzysta<\/strong>: Zaproszony przez w\u0142a\u015bciciela, kamerzysta ma uprawnienia do edytowania tylko gier, kt\u00f3re sfilmowa\u0142, oraz do filmowania nowych tre\u015bci.<\/p><\/div><\/div><div class=\"wp-block-uagb-faq-child uagb-faq-child__outer-wrap uagb-faq-item uagb-block-3996824d \" role=\"tab\" tabindex=\"0\"><div class=\"uagb-faq-questions-button uagb-faq-questions\">\t\t\t<span class=\"uagb-icon uagb-faq-icon-wrap\">\n\t\t\t\t\t\t\t\t<svg xmlns=\"https:\/\/www.w3.org\/2000\/svg\" viewBox= \"0 0 448 512\"><path d=\"M432 256c0 17.69-14.33 32.01-32 32.01H256v144c0 17.69-14.33 31.99-32 31.99s-32-14.3-32-31.99v-144H48c-17.67 0-32-14.32-32-32.01s14.33-31.99 32-31.99H192v-144c0-17.69 14.33-32.01 32-32.01s32 14.32 32 32.01v144h144C417.7 224 432 238.3 432 256z\"><\/path><\/svg>\n\t\t\t\t\t\t\t<\/span>\n\t\t\t\t\t\t<span class=\"uagb-icon-active uagb-faq-icon-wrap\">\n\t\t\t\t\t\t\t\t<svg xmlns=\"https:\/\/www.w3.org\/2000\/svg\" viewBox= \"0 0 448 512\"><path d=\"M400 288h-352c-17.69 0-32-14.32-32-32.01s14.31-31.99 32-31.99h352c17.69 0 32 14.3 32 31.99S417.7 288 400 288z\"><\/path><\/svg>\n\t\t\t\t\t\t\t<\/span>\n\t\t\t<span class=\"uagb-question\">Co to jest dodatkowy pakiet transmisji na \u017cywo i jak dzia\u0142a?<\/span><\/div><div class=\"uagb-faq-content\"><p>Dodatkowy pakiet transmisji na \u017cywo pozwala streamowa\u0107 Twoje gry bezpo\u015brednio na Tw\u00f3j kana\u0142 Sport.Video. Mo\u017cesz kupi\u0107 dodatkowy pakiet transmisji na \u017cywo. Ten pakiet obejmuje 2 dodatkowe transmisje na \u017cywo i 200 godzin transmisji na \u017cywo. Nie ma limitu liczby dodatkowych pakiet\u00f3w, kt\u00f3re u\u017cytkownik mo\u017ce kupi\u0107, niezale\u017cnie od okresu subskrypcji. Pakiety transmisji na \u017cywo nie wygasaj\u0105 po zakupie i mo\u017cna z nich korzysta\u0107 w ka\u017cdej chwili.    <\/p><\/div><\/div><div class=\"wp-block-uagb-faq-child uagb-faq-child__outer-wrap uagb-faq-item uagb-block-c2e04fdc \" role=\"tab\" tabindex=\"0\"><div class=\"uagb-faq-questions-button uagb-faq-questions\">\t\t\t<span class=\"uagb-icon uagb-faq-icon-wrap\">\n\t\t\t\t\t\t\t\t<svg xmlns=\"https:\/\/www.w3.org\/2000\/svg\" viewBox= \"0 0 448 512\"><path d=\"M432 256c0 17.69-14.33 32.01-32 32.01H256v144c0 17.69-14.33 31.99-32 31.99s-32-14.3-32-31.99v-144H48c-17.67 0-32-14.32-32-32.01s14.33-31.99 32-31.99H192v-144c0-17.69 14.33-32.01 32-32.01s32 14.32 32 32.01v144h144C417.7 224 432 238.3 432 256z\"><\/path><\/svg>\n\t\t\t\t\t\t\t<\/span>\n\t\t\t\t\t\t<span class=\"uagb-icon-active uagb-faq-icon-wrap\">\n\t\t\t\t\t\t\t\t<svg xmlns=\"https:\/\/www.w3.org\/2000\/svg\" viewBox= \"0 0 448 512\"><path d=\"M400 288h-352c-17.69 0-32-14.32-32-32.01s14.31-31.99 32-31.99h352c17.69 0 32 14.3 32 31.99S417.7 288 400 288z\"><\/path><\/svg>\n\t\t\t\t\t\t\t<\/span>\n\t\t\t<span class=\"uagb-question\">Co oznacza &#8222;Czas ogl\u0105dania transmisji na \u017cywo&#8221; i jak jest obliczany?<\/span><\/div><div class=\"uagb-faq-content\"><p>Czas ogl\u0105dania transmisji na \u017cywo nie odnosi si\u0119 do d\u0142ugo\u015bci samego nagrania na \u017cywo, ale raczej do ca\u0142kowitego czasu ogl\u0105dania. \u017beby upro\u015bci\u0107, wyobra\u017a sobie to tak: 1 godzina czasu ogl\u0105dania oznacza 1 widza ogl\u0105daj\u0105cego 1 kompletn\u0105 gr\u0119 (poniewa\u017c \u015brednia gra trwa oko\u0142o 1 godziny). Na przyk\u0142ad 400 godzin mo\u017ce by\u0107 wykorzystane przez 400 widz\u00f3w ogl\u0105daj\u0105cych pe\u0142n\u0105 gr\u0119 lub 800 widz\u00f3w ogl\u0105daj\u0105cych po\u0142ow\u0119 gry. Zalecamy \u015bledzenie czasu ogl\u0105dania transmisji na \u017cywo podczas wydarze\u0144, \u017ceby si\u0119 nie wyczerpa\u0142, co utrudni\u0142oby ogl\u0105danie widzom na \u017cywo. Czas ogl\u0105dania transmisji na \u017cywo jest dynamicznie aktualizowany podczas wydarzenia, rejestruj\u0105c zaanga\u017cowanie widz\u00f3w od momentu rozpocz\u0119cia transmisji do jej zako\u0144czenia. Po zako\u0144czeniu transmisji na \u017cywo cz\u0119sto wyznacza si\u0119 dodatkowy 48-godzinny okres, \u017ceby dalej precyzowa\u0107 obliczenia czasu ogl\u0105dania. Ten przed\u0142u\u017cony czas uwzgl\u0119dnia potencjalne op\u00f3\u017anione ogl\u0105danie. Nast\u0119pnie uzyskuje si\u0119 kompleksow\u0105 i dok\u0142adn\u0105 miar\u0119 dostarczonych danych, obejmuj\u0105c\u0105 zar\u00f3wno uczestnictwo w czasie rzeczywistym, jak i wszelkie p\u00f3\u017aniejsze zaanga\u017cowanie podczas okna po transmisji na \u017cywo.       <\/p><\/div><\/div><div class=\"wp-block-uagb-faq-child uagb-faq-child__outer-wrap uagb-faq-item uagb-block-a7bb4788 \" role=\"tab\" tabindex=\"0\"><div class=\"uagb-faq-questions-button uagb-faq-questions\">\t\t\t<span class=\"uagb-icon uagb-faq-icon-wrap\">\n\t\t\t\t\t\t\t\t<svg xmlns=\"https:\/\/www.w3.org\/2000\/svg\" viewBox= \"0 0 448 512\"><path d=\"M432 256c0 17.69-14.33 32.01-32 32.01H256v144c0 17.69-14.33 31.99-32 31.99s-32-14.3-32-31.99v-144H48c-17.67 0-32-14.32-32-32.01s14.33-31.99 32-31.99H192v-144c0-17.69 14.33-32.01 32-32.01s32 14.32 32 32.01v144h144C417.7 224 432 238.3 432 256z\"><\/path><\/svg>\n\t\t\t\t\t\t\t<\/span>\n\t\t\t\t\t\t<span class=\"uagb-icon-active uagb-faq-icon-wrap\">\n\t\t\t\t\t\t\t\t<svg xmlns=\"https:\/\/www.w3.org\/2000\/svg\" viewBox= \"0 0 448 512\"><path d=\"M400 288h-352c-17.69 0-32-14.32-32-32.01s14.31-31.99 32-31.99h352c17.69 0 32 14.3 32 31.99S417.7 288 400 288z\"><\/path><\/svg>\n\t\t\t\t\t\t\t<\/span>\n\t\t\t<span class=\"uagb-question\">Dlaczego jestem ograniczony do okre\u015blonej liczby gier na \u017cywo na kanale Sport.Video?<\/span><\/div><div class=\"uagb-faq-content\"><p>Ograniczenie liczby gier na \u017cywo jest wprowadzone ze wzgl\u0119du na kompleksowe przetwarzanie nagra\u0144 na \u017cywo. Ka\u017cde nagranie gry, trwaj\u0105ce \u015brednio 1 godzin\u0119, wymaga kodowania i przygotowania do globalnego streamingu, co znacznie obci\u0105\u017ca nasze serwery. Zaprojektowane limity zapewniaj\u0105 najlepsze mo\u017cliwe do\u015bwiadczenie dla Twoich widz\u00f3w i gwarantuj\u0105 p\u0142ynne dostarczanie Twoich tre\u015bci.  <\/p><\/div><\/div><div class=\"wp-block-uagb-faq-child uagb-faq-child__outer-wrap uagb-faq-item uagb-block-857d81c1 \" role=\"tab\" tabindex=\"0\"><div class=\"uagb-faq-questions-button uagb-faq-questions\">\t\t\t<span class=\"uagb-icon uagb-faq-icon-wrap\">\n\t\t\t\t\t\t\t\t<svg xmlns=\"https:\/\/www.w3.org\/2000\/svg\" viewBox= \"0 0 448 512\"><path d=\"M432 256c0 17.69-14.33 32.01-32 32.01H256v144c0 17.69-14.33 31.99-32 31.99s-32-14.3-32-31.99v-144H48c-17.67 0-32-14.32-32-32.01s14.33-31.99 32-31.99H192v-144c0-17.69 14.33-32.01 32-32.01s32 14.32 32 32.01v144h144C417.7 224 432 238.3 432 256z\"><\/path><\/svg>\n\t\t\t\t\t\t\t<\/span>\n\t\t\t\t\t\t<span class=\"uagb-icon-active uagb-faq-icon-wrap\">\n\t\t\t\t\t\t\t\t<svg xmlns=\"https:\/\/www.w3.org\/2000\/svg\" viewBox= \"0 0 448 512\"><path d=\"M400 288h-352c-17.69 0-32-14.32-32-32.01s14.31-31.99 32-31.99h352c17.69 0 32 14.3 32 31.99S417.7 288 400 288z\"><\/path><\/svg>\n\t\t\t\t\t\t\t<\/span>\n\t\t\t<span class=\"uagb-question\">Co to jest multicam i jak wp\u0142ywa na moj\u0105 subskrypcj\u0119?<\/span><\/div><div class=\"uagb-faq-content\"><p>MultiCam pozwala nagrywa\u0107 pojedyncz\u0105 gr\u0119 za pomoc\u0105 wielu kamer, rejestruj\u0105c najwa\u017cniejsze momenty i transmisje na \u017cywo Sport.Video z r\u00f3\u017cnych k\u0105t\u00f3w. Wa\u017cne jest jednak, \u017ceby pami\u0119ta\u0107, \u017ce ka\u017cde nagranie z kamery zu\u017cywa jedn\u0105 gr\u0119 z Twojego planu subskrypcji. Dodatkowo, w przypadku transmisji na \u017cywo na Tw\u00f3j kana\u0142 Sport.Video (np. nie streamuj\u0105c na Facebook, YouTube\u2026), ka\u017cda kamera transmituj\u0105ca na \u017cywo zu\u017cywa jedno nagranie transmisji na \u017cywo. Na przyk\u0142ad nagrywanie 3 kamerami, z kt\u00f3rych 2 transmituj\u0105 na \u017cywo, zu\u017cy\u0142oby \u0142\u0105cznie 3 gry i 2 transmisje na \u017cywo z Twojego planu subskrypcji. Transmisja na \u017cywo z MultiCam jest dost\u0119pna tylko poprzez dodatkowy pakiet transmisji na \u017cywo Sport.Video. Dla produkcji najwa\u017cniejszych moment\u00f3w z MultiCam nie ma ogranicze\u0144.     <\/p><\/div><\/div><\/div><\/div>\n\n<style>#footer-faq {\n    display: none;\n}\n<\/style>\n","protected":false},"excerpt":{"rendered":"<p>Twoje pytaniaz odpowiedziami<\/p>\n","protected":false},"author":1,"featured_media":0,"parent":0,"menu_order":0,"comment_status":"closed","ping_status":"closed","template":"wp-custom-template-canvas","meta":{"_uag_custom_page_level_css":"","footnotes":""},"class_list":["post-43071","page","type-page","status-publish","hentry"],"yoast_head":"<!-- This site is optimized with the Yoast SEO Premium plugin v27.5 (Yoast SEO v27.5) - https:\/\/yoast.com\/product\/yoast-seo-premium-wordpress\/ -->\n<title>Cennik - SPORT.VIDEO<\/title>\n<meta name=\"robots\" content=\"index, follow, max-snippet:-1, max-image-preview:large, max-video-preview:-1\" \/>\n<link rel=\"canonical\" href=\"https:\/\/product.sport.video\/pl\/cennik\/\" \/>\n<meta property=\"og:locale\" content=\"pl_PL\" \/>\n<meta property=\"og:type\" content=\"article\" \/>\n<meta property=\"og:title\" content=\"Cennik\" \/>\n<meta property=\"og:description\" content=\"Twoje pytaniaz odpowiedziami\" \/>\n<meta property=\"og:url\" content=\"https:\/\/product.sport.video\/pl\/cennik\/\" \/>\n<meta property=\"og:site_name\" content=\"SPORT.VIDEO\" \/>\n<meta property=\"article:modified_time\" content=\"2026-02-10T11:49:12+00:00\" \/>\n<meta name=\"twitter:card\" content=\"summary_large_image\" \/>\n<script type=\"application\/ld+json\" class=\"yoast-schema-graph\">{\"@context\":\"https:\\\/\\\/schema.org\",\"@graph\":[{\"@type\":\"WebPage\",\"@id\":\"https:\\\/\\\/product.sport.video\\\/pl\\\/cennik\\\/\",\"url\":\"https:\\\/\\\/product.sport.video\\\/pl\\\/cennik\\\/\",\"name\":\"Cennik - SPORT.VIDEO\",\"isPartOf\":{\"@id\":\"https:\\\/\\\/product.sport.video\\\/pl\\\/#website\"},\"datePublished\":\"2026-02-10T11:48:45+00:00\",\"dateModified\":\"2026-02-10T11:49:12+00:00\",\"breadcrumb\":{\"@id\":\"https:\\\/\\\/product.sport.video\\\/pl\\\/cennik\\\/#breadcrumb\"},\"inLanguage\":\"pl-PL\",\"potentialAction\":[{\"@type\":\"ReadAction\",\"target\":[\"https:\\\/\\\/product.sport.video\\\/pl\\\/cennik\\\/\"]}]},{\"@type\":\"BreadcrumbList\",\"@id\":\"https:\\\/\\\/product.sport.video\\\/pl\\\/cennik\\\/#breadcrumb\",\"itemListElement\":[{\"@type\":\"ListItem\",\"position\":1,\"name\":\"Home\",\"item\":\"https:\\\/\\\/product.sport.video\\\/pl\\\/\"},{\"@type\":\"ListItem\",\"position\":2,\"name\":\"Cennik\"}]},{\"@type\":\"WebSite\",\"@id\":\"https:\\\/\\\/product.sport.video\\\/pl\\\/#website\",\"url\":\"https:\\\/\\\/product.sport.video\\\/pl\\\/\",\"name\":\"Sport.Video\",\"description\":\"\",\"publisher\":{\"@id\":\"https:\\\/\\\/product.sport.video\\\/pl\\\/#organization\"},\"potentialAction\":[{\"@type\":\"SearchAction\",\"target\":{\"@type\":\"EntryPoint\",\"urlTemplate\":\"https:\\\/\\\/product.sport.video\\\/pl\\\/?s={search_term_string}\"},\"query-input\":{\"@type\":\"PropertyValueSpecification\",\"valueRequired\":true,\"valueName\":\"search_term_string\"}}],\"inLanguage\":\"pl-PL\"},{\"@type\":\"Organization\",\"@id\":\"https:\\\/\\\/product.sport.video\\\/pl\\\/#organization\",\"name\":\"Sport.Video\",\"alternateName\":\"SV\",\"url\":\"https:\\\/\\\/product.sport.video\\\/pl\\\/\",\"logo\":{\"@type\":\"ImageObject\",\"inLanguage\":\"pl-PL\",\"@id\":\"https:\\\/\\\/product.sport.video\\\/pl\\\/#\\\/schema\\\/logo\\\/image\\\/\",\"url\":\"https:\\\/\\\/product.sport.video\\\/wp-content\\\/uploads\\\/2026\\\/02\\\/icon.png\",\"contentUrl\":\"https:\\\/\\\/product.sport.video\\\/wp-content\\\/uploads\\\/2026\\\/02\\\/icon.png\",\"width\":512,\"height\":512,\"caption\":\"Sport.Video\"},\"image\":{\"@id\":\"https:\\\/\\\/product.sport.video\\\/pl\\\/#\\\/schema\\\/logo\\\/image\\\/\"}}]}<\/script>\n<!-- \/ Yoast SEO Premium plugin. -->","yoast_head_json":{"title":"Cennik - SPORT.VIDEO","robots":{"index":"index","follow":"follow","max-snippet":"max-snippet:-1","max-image-preview":"max-image-preview:large","max-video-preview":"max-video-preview:-1"},"canonical":"https:\/\/product.sport.video\/pl\/cennik\/","og_locale":"pl_PL","og_type":"article","og_title":"Cennik","og_description":"Twoje pytaniaz odpowiedziami","og_url":"https:\/\/product.sport.video\/pl\/cennik\/","og_site_name":"SPORT.VIDEO","article_modified_time":"2026-02-10T11:49:12+00:00","twitter_card":"summary_large_image","schema":{"@context":"https:\/\/schema.org","@graph":[{"@type":"WebPage","@id":"https:\/\/product.sport.video\/pl\/cennik\/","url":"https:\/\/product.sport.video\/pl\/cennik\/","name":"Cennik - SPORT.VIDEO","isPartOf":{"@id":"https:\/\/product.sport.video\/pl\/#website"},"datePublished":"2026-02-10T11:48:45+00:00","dateModified":"2026-02-10T11:49:12+00:00","breadcrumb":{"@id":"https:\/\/product.sport.video\/pl\/cennik\/#breadcrumb"},"inLanguage":"pl-PL","potentialAction":[{"@type":"ReadAction","target":["https:\/\/product.sport.video\/pl\/cennik\/"]}]},{"@type":"BreadcrumbList","@id":"https:\/\/product.sport.video\/pl\/cennik\/#breadcrumb","itemListElement":[{"@type":"ListItem","position":1,"name":"Home","item":"https:\/\/product.sport.video\/pl\/"},{"@type":"ListItem","position":2,"name":"Cennik"}]},{"@type":"WebSite","@id":"https:\/\/product.sport.video\/pl\/#website","url":"https:\/\/product.sport.video\/pl\/","name":"Sport.Video","description":"","publisher":{"@id":"https:\/\/product.sport.video\/pl\/#organization"},"potentialAction":[{"@type":"SearchAction","target":{"@type":"EntryPoint","urlTemplate":"https:\/\/product.sport.video\/pl\/?s={search_term_string}"},"query-input":{"@type":"PropertyValueSpecification","valueRequired":true,"valueName":"search_term_string"}}],"inLanguage":"pl-PL"},{"@type":"Organization","@id":"https:\/\/product.sport.video\/pl\/#organization","name":"Sport.Video","alternateName":"SV","url":"https:\/\/product.sport.video\/pl\/","logo":{"@type":"ImageObject","inLanguage":"pl-PL","@id":"https:\/\/product.sport.video\/pl\/#\/schema\/logo\/image\/","url":"https:\/\/product.sport.video\/wp-content\/uploads\/2026\/02\/icon.png","contentUrl":"https:\/\/product.sport.video\/wp-content\/uploads\/2026\/02\/icon.png","width":512,"height":512,"caption":"Sport.Video"},"image":{"@id":"https:\/\/product.sport.video\/pl\/#\/schema\/logo\/image\/"}}]}},"uagb_featured_image_src":{"full":false,"thumbnail":false,"medium":false,"medium_large":false,"large":false,"1536x1536":false,"2048x2048":false},"uagb_author_info":{"display_name":"devadmin","author_link":"https:\/\/product.sport.video\/pl\/author\/devadmin\/"},"uagb_comment_info":0,"uagb_excerpt":"Twoje pytaniaz odpowiedziami","_links":{"self":[{"href":"https:\/\/product.sport.video\/pl\/wp-json\/wp\/v2\/pages\/43071","targetHints":{"allow":["GET"]}}],"collection":[{"href":"https:\/\/product.sport.video\/pl\/wp-json\/wp\/v2\/pages"}],"about":[{"href":"https:\/\/product.sport.video\/pl\/wp-json\/wp\/v2\/types\/page"}],"author":[{"embeddable":true,"href":"https:\/\/product.sport.video\/pl\/wp-json\/wp\/v2\/users\/1"}],"replies":[{"embeddable":true,"href":"https:\/\/product.sport.video\/pl\/wp-json\/wp\/v2\/comments?post=43071"}],"version-history":[{"count":0,"href":"https:\/\/product.sport.video\/pl\/wp-json\/wp\/v2\/pages\/43071\/revisions"}],"wp:attachment":[{"href":"https:\/\/product.sport.video\/pl\/wp-json\/wp\/v2\/media?parent=43071"}],"curies":[{"name":"wp","href":"https:\/\/api.w.org\/{rel}","templated":true}]}}