{"id":43055,"date":"2026-02-10T12:47:41","date_gmt":"2026-02-10T11:47:41","guid":{"rendered":"https:\/\/product.sport.video\/precos\/"},"modified":"2026-02-10T12:48:04","modified_gmt":"2026-02-10T11:48:04","slug":"precos","status":"publish","type":"page","link":"https:\/\/product.sport.video\/pt-br\/precos\/","title":{"rendered":"Pre\u00e7os"},"content":{"rendered":"\n<div class=\"wp-block-group alignfull is-layout-flow wp-block-group-is-layout-flow\">\n<iframe src=\"https:\/\/sport.video\/embed-pricing\" id=\"iframe-pricing\" width=\"100%\" height=\"800\" style=\"border:0;\" loading=\"lazy\" referrerpolicy=\"no-referrer-when-downgrade\"><\/iframe>\n\n<script type=\"text\/javascript\">\n    const iframe = document.getElementById(\"iframe-pricing\");\n\n    window.addEventListener(\"message\", function(event) {\n        if (typeof event.data === \"number\" || typeof event.data === \"string\") {\n            iframe.height = event.data;\n        }\n    }, false);\n<\/script>\n<\/div>\n\n<div class=\"wp-block-group has-global-padding is-layout-constrained wp-block-group-is-layout-constrained\" style=\"margin-bottom:var(--wp--preset--spacing--bbe-40);padding-bottom:var(--wp--preset--spacing--bbe-80)\">\n<h2 class=\"wp-block-heading has-text-align-center\" style=\"margin-bottom:var(--wp--preset--spacing--bbe-90);letter-spacing:-0.05em;line-height:1.15\">Suas Perguntas<br\/><strong>Respondidas<\/strong><\/h2>\n\n\n<div class=\"wp-block-uagb-faq uagb-faq__outer-wrap uagb-block-330deb30 uagb-faq-icon-row-reverse uagb-faq-layout-accordion uagb-faq-expand-first-false uagb-faq-inactive-other-true uagb-faq__wrap uagb-buttons-layout-wrap uagb-faq-equal-height     \" data-faqtoggle=\"true\" role=\"tablist\"><div class=\"wp-block-uagb-faq-child uagb-faq-child__outer-wrap uagb-faq-item uagb-block-11064701 \" role=\"tab\" tabindex=\"0\"><div class=\"uagb-faq-questions-button uagb-faq-questions\">\t\t\t<span class=\"uagb-icon uagb-faq-icon-wrap\">\n\t\t\t\t\t\t\t\t<svg xmlns=\"https:\/\/www.w3.org\/2000\/svg\" viewBox= \"0 0 448 512\"><path d=\"M432 256c0 17.69-14.33 32.01-32 32.01H256v144c0 17.69-14.33 31.99-32 31.99s-32-14.3-32-31.99v-144H48c-17.67 0-32-14.32-32-32.01s14.33-31.99 32-31.99H192v-144c0-17.69 14.33-32.01 32-32.01s32 14.32 32 32.01v144h144C417.7 224 432 238.3 432 256z\"><\/path><\/svg>\n\t\t\t\t\t\t\t<\/span>\n\t\t\t\t\t\t<span class=\"uagb-icon-active uagb-faq-icon-wrap\">\n\t\t\t\t\t\t\t\t<svg xmlns=\"https:\/\/www.w3.org\/2000\/svg\" viewBox= \"0 0 448 512\"><path d=\"M400 288h-352c-17.69 0-32-14.32-32-32.01s14.31-31.99 32-31.99h352c17.69 0 32 14.3 32 31.99S417.7 288 400 288z\"><\/path><\/svg>\n\t\t\t\t\t\t\t<\/span>\n\t\t\t<span class=\"uagb-question\">Podemos fazer upgrade ou downgrade do nosso plano a qualquer momento?<\/span><\/div><div class=\"uagb-faq-content\"><p>Voc\u00ea tem a op\u00e7\u00e3o de aprimorar sua assinatura fazendo upgrade para um n\u00edvel superior e mudando de um plano de cobran\u00e7a mensal para um anual. No entanto, o downgrade n\u00e3o \u00e9 suportado. Se voc\u00ea deseja mudar para um n\u00edvel inferior, deve primeiro cancelar sua assinatura atual e esperar que ela expire. Al\u00e9m disso, se voc\u00ea deseja alterar sua frequ\u00eancia de cobran\u00e7a de anual para mensal, isso tamb\u00e9m exige a transi\u00e7\u00e3o para uma assinatura de n\u00edvel superior.   <\/p><\/div><\/div><div class=\"wp-block-uagb-faq-child uagb-faq-child__outer-wrap uagb-faq-item uagb-block-88cfe5f4 \" role=\"tab\" tabindex=\"0\"><div class=\"uagb-faq-questions-button uagb-faq-questions\">\t\t\t<span class=\"uagb-icon uagb-faq-icon-wrap\">\n\t\t\t\t\t\t\t\t<svg xmlns=\"https:\/\/www.w3.org\/2000\/svg\" viewBox= \"0 0 448 512\"><path d=\"M432 256c0 17.69-14.33 32.01-32 32.01H256v144c0 17.69-14.33 31.99-32 31.99s-32-14.3-32-31.99v-144H48c-17.67 0-32-14.32-32-32.01s14.33-31.99 32-31.99H192v-144c0-17.69 14.33-32.01 32-32.01s32 14.32 32 32.01v144h144C417.7 224 432 238.3 432 256z\"><\/path><\/svg>\n\t\t\t\t\t\t\t<\/span>\n\t\t\t\t\t\t<span class=\"uagb-icon-active uagb-faq-icon-wrap\">\n\t\t\t\t\t\t\t\t<svg xmlns=\"https:\/\/www.w3.org\/2000\/svg\" viewBox= \"0 0 448 512\"><path d=\"M400 288h-352c-17.69 0-32-14.32-32-32.01s14.31-31.99 32-31.99h352c17.69 0 32 14.3 32 31.99S417.7 288 400 288z\"><\/path><\/svg>\n\t\t\t\t\t\t\t<\/span>\n\t\t\t<span class=\"uagb-question\">Podemos experimentar o Sport.Video antes de nos comprometermos com um plano pago?<\/span><\/div><div class=\"uagb-faq-content\"><p>Com certeza! O Sport.Video oferece um plano gratuito, permitindo que voc\u00ea experimente a plataforma e seus recursos antes de tomar uma decis\u00e3o. <\/p><\/div><\/div><div class=\"wp-block-uagb-faq-child uagb-faq-child__outer-wrap uagb-faq-item uagb-block-edc4eea3 \" role=\"tab\" tabindex=\"0\"><div class=\"uagb-faq-questions-button uagb-faq-questions\">\t\t\t<span class=\"uagb-icon uagb-faq-icon-wrap\">\n\t\t\t\t\t\t\t\t<svg xmlns=\"https:\/\/www.w3.org\/2000\/svg\" viewBox= \"0 0 448 512\"><path d=\"M432 256c0 17.69-14.33 32.01-32 32.01H256v144c0 17.69-14.33 31.99-32 31.99s-32-14.3-32-31.99v-144H48c-17.67 0-32-14.32-32-32.01s14.33-31.99 32-31.99H192v-144c0-17.69 14.33-32.01 32-32.01s32 14.32 32 32.01v144h144C417.7 224 432 238.3 432 256z\"><\/path><\/svg>\n\t\t\t\t\t\t\t<\/span>\n\t\t\t\t\t\t<span class=\"uagb-icon-active uagb-faq-icon-wrap\">\n\t\t\t\t\t\t\t\t<svg xmlns=\"https:\/\/www.w3.org\/2000\/svg\" viewBox= \"0 0 448 512\"><path d=\"M400 288h-352c-17.69 0-32-14.32-32-32.01s14.31-31.99 32-31.99h352c17.69 0 32 14.3 32 31.99S417.7 288 400 288z\"><\/path><\/svg>\n\t\t\t\t\t\t\t<\/span>\n\t\t\t<span class=\"uagb-question\">Existe um limite para o n\u00famero de v\u00eddeos que podemos enviar ou armazenar?<\/span><\/div><div class=\"uagb-faq-content\"><p>Dependendo do plano escolhido, existem limites de upload. Nossos planos de pre\u00e7os fornecem detalhes sobre os limites espec\u00edficos. <\/p><\/div><\/div><div class=\"wp-block-uagb-faq-child uagb-faq-child__outer-wrap uagb-faq-item uagb-block-7dcf0e87 \" role=\"tab\" tabindex=\"0\"><div class=\"uagb-faq-questions-button uagb-faq-questions\">\t\t\t<span class=\"uagb-icon uagb-faq-icon-wrap\">\n\t\t\t\t\t\t\t\t<svg xmlns=\"https:\/\/www.w3.org\/2000\/svg\" viewBox= \"0 0 448 512\"><path d=\"M432 256c0 17.69-14.33 32.01-32 32.01H256v144c0 17.69-14.33 31.99-32 31.99s-32-14.3-32-31.99v-144H48c-17.67 0-32-14.32-32-32.01s14.33-31.99 32-31.99H192v-144c0-17.69 14.33-32.01 32-32.01s32 14.32 32 32.01v144h144C417.7 224 432 238.3 432 256z\"><\/path><\/svg>\n\t\t\t\t\t\t\t<\/span>\n\t\t\t\t\t\t<span class=\"uagb-icon-active uagb-faq-icon-wrap\">\n\t\t\t\t\t\t\t\t<svg xmlns=\"https:\/\/www.w3.org\/2000\/svg\" viewBox= \"0 0 448 512\"><path d=\"M400 288h-352c-17.69 0-32-14.32-32-32.01s14.31-31.99 32-31.99h352c17.69 0 32 14.3 32 31.99S417.7 288 400 288z\"><\/path><\/svg>\n\t\t\t\t\t\t\t<\/span>\n\t\t\t<span class=\"uagb-question\">Podemos cancelar nossa assinatura a qualquer momento?<\/span><\/div><div class=\"uagb-faq-content\"><p>Sim, voc\u00ea pode cancelar sua assinatura a qualquer momento. No entanto, observe que os reembolsos podem n\u00e3o estar dispon\u00edveis para a parte n\u00e3o utilizada do per\u00edodo da assinatura. <\/p><\/div><\/div><div class=\"wp-block-uagb-faq-child uagb-faq-child__outer-wrap uagb-faq-item uagb-block-655afdd7 \" role=\"tab\" tabindex=\"0\"><div class=\"uagb-faq-questions-button uagb-faq-questions\">\t\t\t<span class=\"uagb-icon uagb-faq-icon-wrap\">\n\t\t\t\t\t\t\t\t<svg xmlns=\"https:\/\/www.w3.org\/2000\/svg\" viewBox= \"0 0 448 512\"><path d=\"M432 256c0 17.69-14.33 32.01-32 32.01H256v144c0 17.69-14.33 31.99-32 31.99s-32-14.3-32-31.99v-144H48c-17.67 0-32-14.32-32-32.01s14.33-31.99 32-31.99H192v-144c0-17.69 14.33-32.01 32-32.01s32 14.32 32 32.01v144h144C417.7 224 432 238.3 432 256z\"><\/path><\/svg>\n\t\t\t\t\t\t\t<\/span>\n\t\t\t\t\t\t<span class=\"uagb-icon-active uagb-faq-icon-wrap\">\n\t\t\t\t\t\t\t\t<svg xmlns=\"https:\/\/www.w3.org\/2000\/svg\" viewBox= \"0 0 448 512\"><path d=\"M400 288h-352c-17.69 0-32-14.32-32-32.01s14.31-31.99 32-31.99h352c17.69 0 32 14.3 32 31.99S417.7 288 400 288z\"><\/path><\/svg>\n\t\t\t\t\t\t\t<\/span>\n\t\t\t<span class=\"uagb-question\">Existe um desconto para pagamento anual?<\/span><\/div><div class=\"uagb-faq-content\"><p>Sim, oferecemos um desconto especial de 60% para quem optar por pagar anualmente. Isso permite que voc\u00ea desfrute de economias significativas em compara\u00e7\u00e3o com a op\u00e7\u00e3o de pagamento mensal. <\/p><\/div><\/div><div class=\"wp-block-uagb-faq-child uagb-faq-child__outer-wrap uagb-faq-item uagb-block-03787b00 \" role=\"tab\" tabindex=\"0\"><div class=\"uagb-faq-questions-button uagb-faq-questions\">\t\t\t<span class=\"uagb-icon uagb-faq-icon-wrap\">\n\t\t\t\t\t\t\t\t<svg xmlns=\"https:\/\/www.w3.org\/2000\/svg\" viewBox= \"0 0 448 512\"><path d=\"M432 256c0 17.69-14.33 32.01-32 32.01H256v144c0 17.69-14.33 31.99-32 31.99s-32-14.3-32-31.99v-144H48c-17.67 0-32-14.32-32-32.01s14.33-31.99 32-31.99H192v-144c0-17.69 14.33-32.01 32-32.01s32 14.32 32 32.01v144h144C417.7 224 432 238.3 432 256z\"><\/path><\/svg>\n\t\t\t\t\t\t\t<\/span>\n\t\t\t\t\t\t<span class=\"uagb-icon-active uagb-faq-icon-wrap\">\n\t\t\t\t\t\t\t\t<svg xmlns=\"https:\/\/www.w3.org\/2000\/svg\" viewBox= \"0 0 448 512\"><path d=\"M400 288h-352c-17.69 0-32-14.32-32-32.01s14.31-31.99 32-31.99h352c17.69 0 32 14.3 32 31.99S417.7 288 400 288z\"><\/path><\/svg>\n\t\t\t\t\t\t\t<\/span>\n\t\t\t<span class=\"uagb-question\">O que significa &#8220;N\u00famero de Usu\u00e1rios&#8221; no pacote de pre\u00e7os?<\/span><\/div><div class=\"uagb-faq-content\"><p>O &#8220;N\u00famero de Usu\u00e1rios&#8221; refere-se \u00e0s diferentes fun\u00e7\u00f5es dentro do seu canal. Como propriet\u00e1rio do canal, voc\u00ea conta como um usu\u00e1rio. Existem tr\u00eas tipos de usu\u00e1rios:  <br><strong>Propriet\u00e1rio<\/strong>: A pessoa que cria a conta e o canal.<br><strong>Editor<\/strong>: Convidado pelo propriet\u00e1rio, um editor tem permiss\u00e3o para criar, gerenciar, editar e filmar conte\u00fado dentro do canal.<br><strong>Cinegrafista<\/strong>: Convidado pelo propriet\u00e1rio, um cinegrafista tem permiss\u00e3o para editar apenas os jogos que filmou e para filmar novo conte\u00fado.<\/p><\/div><\/div><div class=\"wp-block-uagb-faq-child uagb-faq-child__outer-wrap uagb-faq-item uagb-block-3996824d \" role=\"tab\" tabindex=\"0\"><div class=\"uagb-faq-questions-button uagb-faq-questions\">\t\t\t<span class=\"uagb-icon uagb-faq-icon-wrap\">\n\t\t\t\t\t\t\t\t<svg xmlns=\"https:\/\/www.w3.org\/2000\/svg\" viewBox= \"0 0 448 512\"><path d=\"M432 256c0 17.69-14.33 32.01-32 32.01H256v144c0 17.69-14.33 31.99-32 31.99s-32-14.3-32-31.99v-144H48c-17.67 0-32-14.32-32-32.01s14.33-31.99 32-31.99H192v-144c0-17.69 14.33-32.01 32-32.01s32 14.32 32 32.01v144h144C417.7 224 432 238.3 432 256z\"><\/path><\/svg>\n\t\t\t\t\t\t\t<\/span>\n\t\t\t\t\t\t<span class=\"uagb-icon-active uagb-faq-icon-wrap\">\n\t\t\t\t\t\t\t\t<svg xmlns=\"https:\/\/www.w3.org\/2000\/svg\" viewBox= \"0 0 448 512\"><path d=\"M400 288h-352c-17.69 0-32-14.32-32-32.01s14.31-31.99 32-31.99h352c17.69 0 32 14.3 32 31.99S417.7 288 400 288z\"><\/path><\/svg>\n\t\t\t\t\t\t\t<\/span>\n\t\t\t<span class=\"uagb-question\">O que \u00e9 o pacote adicional de transmiss\u00e3o ao vivo e como ele funciona?<\/span><\/div><div class=\"uagb-faq-content\"><p>O pacote adicional de transmiss\u00e3o ao vivo permite que voc\u00ea transmita seus jogos diretamente para o seu canal Sport.Video. Voc\u00ea pode adquirir um pacote adicional de transmiss\u00e3o ao vivo. Este pacote inclui 2 transmiss\u00f5es ao vivo extras e 200 horas de transmiss\u00e3o ao vivo. N\u00e3o h\u00e1 limite para o n\u00famero de pacotes adicionais que um usu\u00e1rio pode comprar, independentemente do per\u00edodo de sua assinatura. Os pacotes de transmiss\u00e3o ao vivo n\u00e3o expiram depois de comprados, eles podem ser usados a qualquer momento.    <\/p><\/div><\/div><div class=\"wp-block-uagb-faq-child uagb-faq-child__outer-wrap uagb-faq-item uagb-block-c2e04fdc \" role=\"tab\" tabindex=\"0\"><div class=\"uagb-faq-questions-button uagb-faq-questions\">\t\t\t<span class=\"uagb-icon uagb-faq-icon-wrap\">\n\t\t\t\t\t\t\t\t<svg xmlns=\"https:\/\/www.w3.org\/2000\/svg\" viewBox= \"0 0 448 512\"><path d=\"M432 256c0 17.69-14.33 32.01-32 32.01H256v144c0 17.69-14.33 31.99-32 31.99s-32-14.3-32-31.99v-144H48c-17.67 0-32-14.32-32-32.01s14.33-31.99 32-31.99H192v-144c0-17.69 14.33-32.01 32-32.01s32 14.32 32 32.01v144h144C417.7 224 432 238.3 432 256z\"><\/path><\/svg>\n\t\t\t\t\t\t\t<\/span>\n\t\t\t\t\t\t<span class=\"uagb-icon-active uagb-faq-icon-wrap\">\n\t\t\t\t\t\t\t\t<svg xmlns=\"https:\/\/www.w3.org\/2000\/svg\" viewBox= \"0 0 448 512\"><path d=\"M400 288h-352c-17.69 0-32-14.32-32-32.01s14.31-31.99 32-31.99h352c17.69 0 32 14.3 32 31.99S417.7 288 400 288z\"><\/path><\/svg>\n\t\t\t\t\t\t\t<\/span>\n\t\t\t<span class=\"uagb-question\">O que significa &#8220;Tempo de Visualiza\u00e7\u00e3o da Transmiss\u00e3o ao Vivo&#8221; e como ele \u00e9 calculado?<\/span><\/div><div class=\"uagb-faq-content\"><p>O tempo de visualiza\u00e7\u00e3o da transmiss\u00e3o ao vivo n\u00e3o se refere \u00e0 dura\u00e7\u00e3o da grava\u00e7\u00e3o ao vivo em si, mas sim \u00e0 dura\u00e7\u00e3o total das visualiza\u00e7\u00f5es. Para simplificar, imagine da seguinte forma: 1 hora de tempo de visualiza\u00e7\u00e3o significa 1 espectador assistindo a 1 jogo completo (j\u00e1 que o jogo m\u00e9dio dura aproximadamente 1 hora). Por exemplo, 400 horas podem ser consumidas com 400 espectadores assistindo a um jogo completo ou 800 espectadores assistindo a metade do jogo. Recomendamos ficar de olho no seu tempo de visualiza\u00e7\u00e3o da transmiss\u00e3o ao vivo durante os eventos, para que ele n\u00e3o se esgote, o que impediria os espectadores ao vivo de assistir. O tempo de visualiza\u00e7\u00e3o da transmiss\u00e3o ao vivo \u00e9 atualizado dinamicamente durante todo o evento, capturando o engajamento dos espectadores desde o in\u00edcio da transmiss\u00e3o at\u00e9 sua conclus\u00e3o. Al\u00e9m da conclus\u00e3o da transmiss\u00e3o ao vivo, um per\u00edodo adicional de 48 horas \u00e9 frequentemente designado para refinar ainda mais o c\u00e1lculo do tempo de visualiza\u00e7\u00e3o. Este prazo estendido acomoda poss\u00edveis visualiza\u00e7\u00f5es atrasadas. Posteriormente, uma medida abrangente e precisa dos dados entregues \u00e9 alcan\u00e7ada, englobando tanto a participa\u00e7\u00e3o em tempo real quanto qualquer engajamento subsequente durante a janela p\u00f3s-transmiss\u00e3o ao vivo.       <\/p><\/div><\/div><div class=\"wp-block-uagb-faq-child uagb-faq-child__outer-wrap uagb-faq-item uagb-block-a7bb4788 \" role=\"tab\" tabindex=\"0\"><div class=\"uagb-faq-questions-button uagb-faq-questions\">\t\t\t<span class=\"uagb-icon uagb-faq-icon-wrap\">\n\t\t\t\t\t\t\t\t<svg xmlns=\"https:\/\/www.w3.org\/2000\/svg\" viewBox= \"0 0 448 512\"><path d=\"M432 256c0 17.69-14.33 32.01-32 32.01H256v144c0 17.69-14.33 31.99-32 31.99s-32-14.3-32-31.99v-144H48c-17.67 0-32-14.32-32-32.01s14.33-31.99 32-31.99H192v-144c0-17.69 14.33-32.01 32-32.01s32 14.32 32 32.01v144h144C417.7 224 432 238.3 432 256z\"><\/path><\/svg>\n\t\t\t\t\t\t\t<\/span>\n\t\t\t\t\t\t<span class=\"uagb-icon-active uagb-faq-icon-wrap\">\n\t\t\t\t\t\t\t\t<svg xmlns=\"https:\/\/www.w3.org\/2000\/svg\" viewBox= \"0 0 448 512\"><path d=\"M400 288h-352c-17.69 0-32-14.32-32-32.01s14.31-31.99 32-31.99h352c17.69 0 32 14.3 32 31.99S417.7 288 400 288z\"><\/path><\/svg>\n\t\t\t\t\t\t\t<\/span>\n\t\t\t<span class=\"uagb-question\">Por que sou limitado a um n\u00famero espec\u00edfico de jogos ao vivo no canal Sport.Video?<\/span><\/div><div class=\"uagb-faq-content\"><p>A limita\u00e7\u00e3o no n\u00famero de jogos ao vivo est\u00e1 em vigor devido ao processamento abrangente das grava\u00e7\u00f5es ao vivo. Cada grava\u00e7\u00e3o de jogo, com uma m\u00e9dia de 1 hora de dura\u00e7\u00e3o, requer codifica\u00e7\u00e3o e prepara\u00e7\u00e3o para transmiss\u00e3o global, o que imp\u00f5e uma carga substancial em nossos servidores. Os limites projetados garantem a melhor experi\u00eancia poss\u00edvel para seus espectadores e garantem a entrega suave do seu conte\u00fado.  <\/p><\/div><\/div><div class=\"wp-block-uagb-faq-child uagb-faq-child__outer-wrap uagb-faq-item uagb-block-857d81c1 \" role=\"tab\" tabindex=\"0\"><div class=\"uagb-faq-questions-button uagb-faq-questions\">\t\t\t<span class=\"uagb-icon uagb-faq-icon-wrap\">\n\t\t\t\t\t\t\t\t<svg xmlns=\"https:\/\/www.w3.org\/2000\/svg\" viewBox= \"0 0 448 512\"><path d=\"M432 256c0 17.69-14.33 32.01-32 32.01H256v144c0 17.69-14.33 31.99-32 31.99s-32-14.3-32-31.99v-144H48c-17.67 0-32-14.32-32-32.01s14.33-31.99 32-31.99H192v-144c0-17.69 14.33-32.01 32-32.01s32 14.32 32 32.01v144h144C417.7 224 432 238.3 432 256z\"><\/path><\/svg>\n\t\t\t\t\t\t\t<\/span>\n\t\t\t\t\t\t<span class=\"uagb-icon-active uagb-faq-icon-wrap\">\n\t\t\t\t\t\t\t\t<svg xmlns=\"https:\/\/www.w3.org\/2000\/svg\" viewBox= \"0 0 448 512\"><path d=\"M400 288h-352c-17.69 0-32-14.32-32-32.01s14.31-31.99 32-31.99h352c17.69 0 32 14.3 32 31.99S417.7 288 400 288z\"><\/path><\/svg>\n\t\t\t\t\t\t\t<\/span>\n\t\t\t<span class=\"uagb-question\">O que \u00e9 multicam e como isso afeta minha assinatura?<\/span><\/div><div class=\"uagb-faq-content\"><p>O MultiCam permite que voc\u00ea grave um \u00fanico jogo usando v\u00e1rias c\u00e2meras, capturando destaques e transmiss\u00f5es ao vivo do Sport.Video de diferentes \u00e2ngulos. No entanto, \u00e9 importante notar que cada grava\u00e7\u00e3o de c\u00e2mera consome um jogo do seu plano de assinatura. Al\u00e9m disso, no caso de transmiss\u00e3o ao vivo para o seu canal Sport.Video (por exemplo, n\u00e3o transmitindo para Facebook, YouTube\u2026), cada c\u00e2mera de transmiss\u00e3o ao vivo consome uma grava\u00e7\u00e3o de transmiss\u00e3o ao vivo. Por exemplo, gravar com 3 c\u00e2meras, 2 das quais est\u00e3o transmitindo ao vivo, consumiria um total de 3 jogos e 2 transmiss\u00f5es ao vivo do seu plano de assinatura. A transmiss\u00e3o ao vivo com MultiCam est\u00e1 dispon\u00edvel apenas atrav\u00e9s do pacote adicional de transmiss\u00e3o ao vivo do Sport.Video. Para produ\u00e7\u00e3o de destaques com MultiCam, n\u00e3o h\u00e1 limita\u00e7\u00f5es.     <\/p><\/div><\/div><\/div><\/div>\n\n<style>#footer-faq {\n    display: none;\n}\n<\/style>\n","protected":false},"excerpt":{"rendered":"<p>Suas PerguntasRespondidas<\/p>\n","protected":false},"author":1,"featured_media":0,"parent":0,"menu_order":0,"comment_status":"closed","ping_status":"closed","template":"wp-custom-template-canvas","meta":{"_uag_custom_page_level_css":"","footnotes":""},"class_list":["post-43055","page","type-page","status-publish","hentry"],"yoast_head":"<!-- This site is optimized with the Yoast SEO Premium plugin v27.5 (Yoast SEO v27.5) - https:\/\/yoast.com\/product\/yoast-seo-premium-wordpress\/ -->\n<title>Pre\u00e7os - SPORT.VIDEO<\/title>\n<meta name=\"robots\" content=\"index, follow, max-snippet:-1, max-image-preview:large, max-video-preview:-1\" \/>\n<link rel=\"canonical\" href=\"https:\/\/product.sport.video\/pt-br\/precos\/\" \/>\n<meta property=\"og:locale\" content=\"pt_BR\" \/>\n<meta property=\"og:type\" content=\"article\" \/>\n<meta property=\"og:title\" content=\"Pre\u00e7os\" \/>\n<meta property=\"og:description\" content=\"Suas PerguntasRespondidas\" \/>\n<meta property=\"og:url\" content=\"https:\/\/product.sport.video\/pt-br\/precos\/\" \/>\n<meta property=\"og:site_name\" content=\"SPORT.VIDEO\" \/>\n<meta property=\"article:modified_time\" content=\"2026-02-10T11:48:04+00:00\" \/>\n<meta name=\"twitter:card\" content=\"summary_large_image\" \/>\n<script type=\"application\/ld+json\" class=\"yoast-schema-graph\">{\"@context\":\"https:\\\/\\\/schema.org\",\"@graph\":[{\"@type\":\"WebPage\",\"@id\":\"https:\\\/\\\/product.sport.video\\\/pt-br\\\/precos\\\/\",\"url\":\"https:\\\/\\\/product.sport.video\\\/pt-br\\\/precos\\\/\",\"name\":\"Pre\u00e7os - SPORT.VIDEO\",\"isPartOf\":{\"@id\":\"https:\\\/\\\/product.sport.video\\\/pt-br\\\/#website\"},\"datePublished\":\"2026-02-10T11:47:41+00:00\",\"dateModified\":\"2026-02-10T11:48:04+00:00\",\"breadcrumb\":{\"@id\":\"https:\\\/\\\/product.sport.video\\\/pt-br\\\/precos\\\/#breadcrumb\"},\"inLanguage\":\"pt-BR\",\"potentialAction\":[{\"@type\":\"ReadAction\",\"target\":[\"https:\\\/\\\/product.sport.video\\\/pt-br\\\/precos\\\/\"]}]},{\"@type\":\"BreadcrumbList\",\"@id\":\"https:\\\/\\\/product.sport.video\\\/pt-br\\\/precos\\\/#breadcrumb\",\"itemListElement\":[{\"@type\":\"ListItem\",\"position\":1,\"name\":\"Home\",\"item\":\"https:\\\/\\\/product.sport.video\\\/pt-br\\\/\"},{\"@type\":\"ListItem\",\"position\":2,\"name\":\"Pre\u00e7os\"}]},{\"@type\":\"WebSite\",\"@id\":\"https:\\\/\\\/product.sport.video\\\/pt-br\\\/#website\",\"url\":\"https:\\\/\\\/product.sport.video\\\/pt-br\\\/\",\"name\":\"Sport.Video\",\"description\":\"\",\"publisher\":{\"@id\":\"https:\\\/\\\/product.sport.video\\\/pt-br\\\/#organization\"},\"potentialAction\":[{\"@type\":\"SearchAction\",\"target\":{\"@type\":\"EntryPoint\",\"urlTemplate\":\"https:\\\/\\\/product.sport.video\\\/pt-br\\\/?s={search_term_string}\"},\"query-input\":{\"@type\":\"PropertyValueSpecification\",\"valueRequired\":true,\"valueName\":\"search_term_string\"}}],\"inLanguage\":\"pt-BR\"},{\"@type\":\"Organization\",\"@id\":\"https:\\\/\\\/product.sport.video\\\/pt-br\\\/#organization\",\"name\":\"Sport.Video\",\"alternateName\":\"SV\",\"url\":\"https:\\\/\\\/product.sport.video\\\/pt-br\\\/\",\"logo\":{\"@type\":\"ImageObject\",\"inLanguage\":\"pt-BR\",\"@id\":\"https:\\\/\\\/product.sport.video\\\/pt-br\\\/#\\\/schema\\\/logo\\\/image\\\/\",\"url\":\"https:\\\/\\\/product.sport.video\\\/wp-content\\\/uploads\\\/2026\\\/02\\\/icon.png\",\"contentUrl\":\"https:\\\/\\\/product.sport.video\\\/wp-content\\\/uploads\\\/2026\\\/02\\\/icon.png\",\"width\":512,\"height\":512,\"caption\":\"Sport.Video\"},\"image\":{\"@id\":\"https:\\\/\\\/product.sport.video\\\/pt-br\\\/#\\\/schema\\\/logo\\\/image\\\/\"}}]}<\/script>\n<!-- \/ Yoast SEO Premium plugin. -->","yoast_head_json":{"title":"Pre\u00e7os - SPORT.VIDEO","robots":{"index":"index","follow":"follow","max-snippet":"max-snippet:-1","max-image-preview":"max-image-preview:large","max-video-preview":"max-video-preview:-1"},"canonical":"https:\/\/product.sport.video\/pt-br\/precos\/","og_locale":"pt_BR","og_type":"article","og_title":"Pre\u00e7os","og_description":"Suas PerguntasRespondidas","og_url":"https:\/\/product.sport.video\/pt-br\/precos\/","og_site_name":"SPORT.VIDEO","article_modified_time":"2026-02-10T11:48:04+00:00","twitter_card":"summary_large_image","schema":{"@context":"https:\/\/schema.org","@graph":[{"@type":"WebPage","@id":"https:\/\/product.sport.video\/pt-br\/precos\/","url":"https:\/\/product.sport.video\/pt-br\/precos\/","name":"Pre\u00e7os - SPORT.VIDEO","isPartOf":{"@id":"https:\/\/product.sport.video\/pt-br\/#website"},"datePublished":"2026-02-10T11:47:41+00:00","dateModified":"2026-02-10T11:48:04+00:00","breadcrumb":{"@id":"https:\/\/product.sport.video\/pt-br\/precos\/#breadcrumb"},"inLanguage":"pt-BR","potentialAction":[{"@type":"ReadAction","target":["https:\/\/product.sport.video\/pt-br\/precos\/"]}]},{"@type":"BreadcrumbList","@id":"https:\/\/product.sport.video\/pt-br\/precos\/#breadcrumb","itemListElement":[{"@type":"ListItem","position":1,"name":"Home","item":"https:\/\/product.sport.video\/pt-br\/"},{"@type":"ListItem","position":2,"name":"Pre\u00e7os"}]},{"@type":"WebSite","@id":"https:\/\/product.sport.video\/pt-br\/#website","url":"https:\/\/product.sport.video\/pt-br\/","name":"Sport.Video","description":"","publisher":{"@id":"https:\/\/product.sport.video\/pt-br\/#organization"},"potentialAction":[{"@type":"SearchAction","target":{"@type":"EntryPoint","urlTemplate":"https:\/\/product.sport.video\/pt-br\/?s={search_term_string}"},"query-input":{"@type":"PropertyValueSpecification","valueRequired":true,"valueName":"search_term_string"}}],"inLanguage":"pt-BR"},{"@type":"Organization","@id":"https:\/\/product.sport.video\/pt-br\/#organization","name":"Sport.Video","alternateName":"SV","url":"https:\/\/product.sport.video\/pt-br\/","logo":{"@type":"ImageObject","inLanguage":"pt-BR","@id":"https:\/\/product.sport.video\/pt-br\/#\/schema\/logo\/image\/","url":"https:\/\/product.sport.video\/wp-content\/uploads\/2026\/02\/icon.png","contentUrl":"https:\/\/product.sport.video\/wp-content\/uploads\/2026\/02\/icon.png","width":512,"height":512,"caption":"Sport.Video"},"image":{"@id":"https:\/\/product.sport.video\/pt-br\/#\/schema\/logo\/image\/"}}]}},"uagb_featured_image_src":{"full":false,"thumbnail":false,"medium":false,"medium_large":false,"large":false,"1536x1536":false,"2048x2048":false},"uagb_author_info":{"display_name":"devadmin","author_link":"https:\/\/product.sport.video\/pt-br\/author\/devadmin\/"},"uagb_comment_info":0,"uagb_excerpt":"Suas PerguntasRespondidas","_links":{"self":[{"href":"https:\/\/product.sport.video\/pt-br\/wp-json\/wp\/v2\/pages\/43055","targetHints":{"allow":["GET"]}}],"collection":[{"href":"https:\/\/product.sport.video\/pt-br\/wp-json\/wp\/v2\/pages"}],"about":[{"href":"https:\/\/product.sport.video\/pt-br\/wp-json\/wp\/v2\/types\/page"}],"author":[{"embeddable":true,"href":"https:\/\/product.sport.video\/pt-br\/wp-json\/wp\/v2\/users\/1"}],"replies":[{"embeddable":true,"href":"https:\/\/product.sport.video\/pt-br\/wp-json\/wp\/v2\/comments?post=43055"}],"version-history":[{"count":0,"href":"https:\/\/product.sport.video\/pt-br\/wp-json\/wp\/v2\/pages\/43055\/revisions"}],"wp:attachment":[{"href":"https:\/\/product.sport.video\/pt-br\/wp-json\/wp\/v2\/media?parent=43055"}],"curies":[{"name":"wp","href":"https:\/\/api.w.org\/{rel}","templated":true}]}}