{"id":42455,"date":"2026-02-06T14:45:18","date_gmt":"2026-02-06T13:45:18","guid":{"rendered":"https:\/\/product.sport.video\/precos\/"},"modified":"2026-02-10T12:49:10","modified_gmt":"2026-02-10T11:49:10","slug":"precos","status":"publish","type":"page","link":"https:\/\/product.sport.video\/pt-pt\/precos\/","title":{"rendered":"Pre\u00e7os"},"content":{"rendered":"\n<div class=\"wp-block-group alignfull is-layout-flow wp-block-group-is-layout-flow\">\n<iframe src=\"https:\/\/sport.video\/embed-pricing\" id=\"iframe-pricing\" width=\"100%\" height=\"800\" style=\"border:0;\" loading=\"lazy\" referrerpolicy=\"no-referrer-when-downgrade\"><\/iframe>\n\n<script type=\"text\/javascript\">\n    const iframe = document.getElementById(\"iframe-pricing\");\n\n    window.addEventListener(\"message\", function(event) {\n        if (typeof event.data === \"number\" || typeof event.data === \"string\") {\n            iframe.height = event.data;\n        }\n    }, false);\n<\/script>\n<\/div>\n\n<div class=\"wp-block-group has-global-padding is-layout-constrained wp-block-group-is-layout-constrained\" style=\"margin-bottom:var(--wp--preset--spacing--bbe-40);padding-bottom:var(--wp--preset--spacing--bbe-80)\">\n<h2 class=\"wp-block-heading has-text-align-center\" style=\"margin-bottom:var(--wp--preset--spacing--bbe-90);letter-spacing:-0.05em;line-height:1.15\">As suas perguntas<br\/><strong>Respondidas<\/strong><\/h2>\n\n\n<div class=\"wp-block-uagb-faq uagb-faq__outer-wrap uagb-block-330deb30 uagb-faq-icon-row-reverse uagb-faq-layout-accordion uagb-faq-expand-first-false uagb-faq-inactive-other-true uagb-faq__wrap uagb-buttons-layout-wrap uagb-faq-equal-height     \" data-faqtoggle=\"true\" role=\"tablist\"><div class=\"wp-block-uagb-faq-child uagb-faq-child__outer-wrap uagb-faq-item uagb-block-11064701 \" role=\"tab\" tabindex=\"0\"><div class=\"uagb-faq-questions-button uagb-faq-questions\">\t\t\t<span class=\"uagb-icon uagb-faq-icon-wrap\">\n\t\t\t\t\t\t\t\t<svg xmlns=\"https:\/\/www.w3.org\/2000\/svg\" viewBox= \"0 0 448 512\"><path d=\"M432 256c0 17.69-14.33 32.01-32 32.01H256v144c0 17.69-14.33 31.99-32 31.99s-32-14.3-32-31.99v-144H48c-17.67 0-32-14.32-32-32.01s14.33-31.99 32-31.99H192v-144c0-17.69 14.33-32.01 32-32.01s32 14.32 32 32.01v144h144C417.7 224 432 238.3 432 256z\"><\/path><\/svg>\n\t\t\t\t\t\t\t<\/span>\n\t\t\t\t\t\t<span class=\"uagb-icon-active uagb-faq-icon-wrap\">\n\t\t\t\t\t\t\t\t<svg xmlns=\"https:\/\/www.w3.org\/2000\/svg\" viewBox= \"0 0 448 512\"><path d=\"M400 288h-352c-17.69 0-32-14.32-32-32.01s14.31-31.99 32-31.99h352c17.69 0 32 14.3 32 31.99S417.7 288 400 288z\"><\/path><\/svg>\n\t\t\t\t\t\t\t<\/span>\n\t\t\t<span class=\"uagb-question\">Podemos atualizar ou fazer um downgrade do nosso plano a qualquer momento?<\/span><\/div><div class=\"uagb-faq-content\"><p>Tem a op\u00e7\u00e3o de melhorar a sua subscri\u00e7\u00e3o ao atualizar para um n\u00edvel superior e ao fazer a transi\u00e7\u00e3o de um plano de fatura\u00e7\u00e3o mensal para um anual. No entanto, o downgrade n\u00e3o \u00e9 suportado. Se pretender mudar para um n\u00edvel inferior, primeiro tem de cancelar a sua subscri\u00e7\u00e3o atual e aguardar que esta expire. Al\u00e9m disso, se pretender alterar a sua frequ\u00eancia de fatura\u00e7\u00e3o de anual para mensal, tal tamb\u00e9m requer a transi\u00e7\u00e3o para uma subscri\u00e7\u00e3o de n\u00edvel superior.   <\/p><\/div><\/div><div class=\"wp-block-uagb-faq-child uagb-faq-child__outer-wrap uagb-faq-item uagb-block-88cfe5f4 \" role=\"tab\" tabindex=\"0\"><div class=\"uagb-faq-questions-button uagb-faq-questions\">\t\t\t<span class=\"uagb-icon uagb-faq-icon-wrap\">\n\t\t\t\t\t\t\t\t<svg xmlns=\"https:\/\/www.w3.org\/2000\/svg\" viewBox= \"0 0 448 512\"><path d=\"M432 256c0 17.69-14.33 32.01-32 32.01H256v144c0 17.69-14.33 31.99-32 31.99s-32-14.3-32-31.99v-144H48c-17.67 0-32-14.32-32-32.01s14.33-31.99 32-31.99H192v-144c0-17.69 14.33-32.01 32-32.01s32 14.32 32 32.01v144h144C417.7 224 432 238.3 432 256z\"><\/path><\/svg>\n\t\t\t\t\t\t\t<\/span>\n\t\t\t\t\t\t<span class=\"uagb-icon-active uagb-faq-icon-wrap\">\n\t\t\t\t\t\t\t\t<svg xmlns=\"https:\/\/www.w3.org\/2000\/svg\" viewBox= \"0 0 448 512\"><path d=\"M400 288h-352c-17.69 0-32-14.32-32-32.01s14.31-31.99 32-31.99h352c17.69 0 32 14.3 32 31.99S417.7 288 400 288z\"><\/path><\/svg>\n\t\t\t\t\t\t\t<\/span>\n\t\t\t<span class=\"uagb-question\">Podemos experimentar o Sport.Video antes de nos comprometermos com um plano pago?<\/span><\/div><div class=\"uagb-faq-content\"><p>Absolutamente! O Sport.Video oferece um plano gratuito, permitindo-lhe experimentar a plataforma e as suas funcionalidades antes de tomar uma decis\u00e3o. <\/p><\/div><\/div><div class=\"wp-block-uagb-faq-child uagb-faq-child__outer-wrap uagb-faq-item uagb-block-edc4eea3 \" role=\"tab\" tabindex=\"0\"><div class=\"uagb-faq-questions-button uagb-faq-questions\">\t\t\t<span class=\"uagb-icon uagb-faq-icon-wrap\">\n\t\t\t\t\t\t\t\t<svg xmlns=\"https:\/\/www.w3.org\/2000\/svg\" viewBox= \"0 0 448 512\"><path d=\"M432 256c0 17.69-14.33 32.01-32 32.01H256v144c0 17.69-14.33 31.99-32 31.99s-32-14.3-32-31.99v-144H48c-17.67 0-32-14.32-32-32.01s14.33-31.99 32-31.99H192v-144c0-17.69 14.33-32.01 32-32.01s32 14.32 32 32.01v144h144C417.7 224 432 238.3 432 256z\"><\/path><\/svg>\n\t\t\t\t\t\t\t<\/span>\n\t\t\t\t\t\t<span class=\"uagb-icon-active uagb-faq-icon-wrap\">\n\t\t\t\t\t\t\t\t<svg xmlns=\"https:\/\/www.w3.org\/2000\/svg\" viewBox= \"0 0 448 512\"><path d=\"M400 288h-352c-17.69 0-32-14.32-32-32.01s14.31-31.99 32-31.99h352c17.69 0 32 14.3 32 31.99S417.7 288 400 288z\"><\/path><\/svg>\n\t\t\t\t\t\t\t<\/span>\n\t\t\t<span class=\"uagb-question\">Existe um limite para o n\u00famero de v\u00eddeos que podemos carregar ou armazenar?<\/span><\/div><div class=\"uagb-faq-content\"><p>Dependendo do plano escolhido, existem limites de carregamento. Os nossos planos de pre\u00e7os fornecem detalhes sobre os limites espec\u00edficos. <\/p><\/div><\/div><div class=\"wp-block-uagb-faq-child uagb-faq-child__outer-wrap uagb-faq-item uagb-block-7dcf0e87 \" role=\"tab\" tabindex=\"0\"><div class=\"uagb-faq-questions-button uagb-faq-questions\">\t\t\t<span class=\"uagb-icon uagb-faq-icon-wrap\">\n\t\t\t\t\t\t\t\t<svg xmlns=\"https:\/\/www.w3.org\/2000\/svg\" viewBox= \"0 0 448 512\"><path d=\"M432 256c0 17.69-14.33 32.01-32 32.01H256v144c0 17.69-14.33 31.99-32 31.99s-32-14.3-32-31.99v-144H48c-17.67 0-32-14.32-32-32.01s14.33-31.99 32-31.99H192v-144c0-17.69 14.33-32.01 32-32.01s32 14.32 32 32.01v144h144C417.7 224 432 238.3 432 256z\"><\/path><\/svg>\n\t\t\t\t\t\t\t<\/span>\n\t\t\t\t\t\t<span class=\"uagb-icon-active uagb-faq-icon-wrap\">\n\t\t\t\t\t\t\t\t<svg xmlns=\"https:\/\/www.w3.org\/2000\/svg\" viewBox= \"0 0 448 512\"><path d=\"M400 288h-352c-17.69 0-32-14.32-32-32.01s14.31-31.99 32-31.99h352c17.69 0 32 14.3 32 31.99S417.7 288 400 288z\"><\/path><\/svg>\n\t\t\t\t\t\t\t<\/span>\n\t\t\t<span class=\"uagb-question\">Podemos cancelar a nossa subscri\u00e7\u00e3o a qualquer momento?<\/span><\/div><div class=\"uagb-faq-content\"><p>Sim, pode cancelar a sua subscri\u00e7\u00e3o a qualquer momento. No entanto, tenha em aten\u00e7\u00e3o que os reembolsos podem n\u00e3o estar dispon\u00edveis para a parte n\u00e3o utilizada do per\u00edodo de subscri\u00e7\u00e3o. <\/p><\/div><\/div><div class=\"wp-block-uagb-faq-child uagb-faq-child__outer-wrap uagb-faq-item uagb-block-655afdd7 \" role=\"tab\" tabindex=\"0\"><div class=\"uagb-faq-questions-button uagb-faq-questions\">\t\t\t<span class=\"uagb-icon uagb-faq-icon-wrap\">\n\t\t\t\t\t\t\t\t<svg xmlns=\"https:\/\/www.w3.org\/2000\/svg\" viewBox= \"0 0 448 512\"><path d=\"M432 256c0 17.69-14.33 32.01-32 32.01H256v144c0 17.69-14.33 31.99-32 31.99s-32-14.3-32-31.99v-144H48c-17.67 0-32-14.32-32-32.01s14.33-31.99 32-31.99H192v-144c0-17.69 14.33-32.01 32-32.01s32 14.32 32 32.01v144h144C417.7 224 432 238.3 432 256z\"><\/path><\/svg>\n\t\t\t\t\t\t\t<\/span>\n\t\t\t\t\t\t<span class=\"uagb-icon-active uagb-faq-icon-wrap\">\n\t\t\t\t\t\t\t\t<svg xmlns=\"https:\/\/www.w3.org\/2000\/svg\" viewBox= \"0 0 448 512\"><path d=\"M400 288h-352c-17.69 0-32-14.32-32-32.01s14.31-31.99 32-31.99h352c17.69 0 32 14.3 32 31.99S417.7 288 400 288z\"><\/path><\/svg>\n\t\t\t\t\t\t\t<\/span>\n\t\t\t<span class=\"uagb-question\">Existe um desconto para pagamento anual?<\/span><\/div><div class=\"uagb-faq-content\"><p>Sim, oferecemos um desconto especial de 60% para quem optar por pagar anualmente. Isto permite-lhe desfrutar de poupan\u00e7as significativas em compara\u00e7\u00e3o com a op\u00e7\u00e3o de pagamento mensal. <\/p><\/div><\/div><div class=\"wp-block-uagb-faq-child uagb-faq-child__outer-wrap uagb-faq-item uagb-block-03787b00 \" role=\"tab\" tabindex=\"0\"><div class=\"uagb-faq-questions-button uagb-faq-questions\">\t\t\t<span class=\"uagb-icon uagb-faq-icon-wrap\">\n\t\t\t\t\t\t\t\t<svg xmlns=\"https:\/\/www.w3.org\/2000\/svg\" viewBox= \"0 0 448 512\"><path d=\"M432 256c0 17.69-14.33 32.01-32 32.01H256v144c0 17.69-14.33 31.99-32 31.99s-32-14.3-32-31.99v-144H48c-17.67 0-32-14.32-32-32.01s14.33-31.99 32-31.99H192v-144c0-17.69 14.33-32.01 32-32.01s32 14.32 32 32.01v144h144C417.7 224 432 238.3 432 256z\"><\/path><\/svg>\n\t\t\t\t\t\t\t<\/span>\n\t\t\t\t\t\t<span class=\"uagb-icon-active uagb-faq-icon-wrap\">\n\t\t\t\t\t\t\t\t<svg xmlns=\"https:\/\/www.w3.org\/2000\/svg\" viewBox= \"0 0 448 512\"><path d=\"M400 288h-352c-17.69 0-32-14.32-32-32.01s14.31-31.99 32-31.99h352c17.69 0 32 14.3 32 31.99S417.7 288 400 288z\"><\/path><\/svg>\n\t\t\t\t\t\t\t<\/span>\n\t\t\t<span class=\"uagb-question\">O que significa &#8220;N\u00famero de utilizadores&#8221; no pacote de pre\u00e7os?<\/span><\/div><div class=\"uagb-faq-content\"><p>O &#8220;N\u00famero de utilizadores&#8221; refere-se \u00e0s diferentes fun\u00e7\u00f5es dentro do seu canal. Enquanto propriet\u00e1rio do canal, conta como um utilizador. Existem tr\u00eas tipos de utilizadores:  <br><strong>Propriet\u00e1rio<\/strong>: A pessoa que cria a conta e o canal.<br><strong>Editor<\/strong>: Convidado pelo propriet\u00e1rio, um editor tem permiss\u00e3o para criar, gerir, editar e filmar conte\u00fado dentro do canal.<br><strong>Cameraman<\/strong>: Convidado pelo propriet\u00e1rio, um cameraman tem permiss\u00e3o para editar apenas os jogos que filmou e para filmar novos conte\u00fados.<\/p><\/div><\/div><div class=\"wp-block-uagb-faq-child uagb-faq-child__outer-wrap uagb-faq-item uagb-block-3996824d \" role=\"tab\" tabindex=\"0\"><div class=\"uagb-faq-questions-button uagb-faq-questions\">\t\t\t<span class=\"uagb-icon uagb-faq-icon-wrap\">\n\t\t\t\t\t\t\t\t<svg xmlns=\"https:\/\/www.w3.org\/2000\/svg\" viewBox= \"0 0 448 512\"><path d=\"M432 256c0 17.69-14.33 32.01-32 32.01H256v144c0 17.69-14.33 31.99-32 31.99s-32-14.3-32-31.99v-144H48c-17.67 0-32-14.32-32-32.01s14.33-31.99 32-31.99H192v-144c0-17.69 14.33-32.01 32-32.01s32 14.32 32 32.01v144h144C417.7 224 432 238.3 432 256z\"><\/path><\/svg>\n\t\t\t\t\t\t\t<\/span>\n\t\t\t\t\t\t<span class=\"uagb-icon-active uagb-faq-icon-wrap\">\n\t\t\t\t\t\t\t\t<svg xmlns=\"https:\/\/www.w3.org\/2000\/svg\" viewBox= \"0 0 448 512\"><path d=\"M400 288h-352c-17.69 0-32-14.32-32-32.01s14.31-31.99 32-31.99h352c17.69 0 32 14.3 32 31.99S417.7 288 400 288z\"><\/path><\/svg>\n\t\t\t\t\t\t\t<\/span>\n\t\t\t<span class=\"uagb-question\">O que \u00e9 o pacote adicional de transmiss\u00e3o em direto e como funciona?<\/span><\/div><div class=\"uagb-faq-content\"><p>O pacote adicional de transmiss\u00e3o em direto permite-lhe transmitir os seus jogos diretamente para o seu canal Sport.Video. Pode adquirir um pacote adicional de transmiss\u00e3o em direto. Este pacote inclui 2 transmiss\u00f5es em direto adicionais e 200 horas de transmiss\u00e3o em direto. N\u00e3o h\u00e1 limite para o n\u00famero de pacotes adicionais que um utilizador pode comprar, independentemente do seu per\u00edodo de subscri\u00e7\u00e3o. Os pacotes de transmiss\u00e3o em direto n\u00e3o expiram depois de os comprar, estes podem ser usados a qualquer momento.    <\/p><\/div><\/div><div class=\"wp-block-uagb-faq-child uagb-faq-child__outer-wrap uagb-faq-item uagb-block-c2e04fdc \" role=\"tab\" tabindex=\"0\"><div class=\"uagb-faq-questions-button uagb-faq-questions\">\t\t\t<span class=\"uagb-icon uagb-faq-icon-wrap\">\n\t\t\t\t\t\t\t\t<svg xmlns=\"https:\/\/www.w3.org\/2000\/svg\" viewBox= \"0 0 448 512\"><path d=\"M432 256c0 17.69-14.33 32.01-32 32.01H256v144c0 17.69-14.33 31.99-32 31.99s-32-14.3-32-31.99v-144H48c-17.67 0-32-14.32-32-32.01s14.33-31.99 32-31.99H192v-144c0-17.69 14.33-32.01 32-32.01s32 14.32 32 32.01v144h144C417.7 224 432 238.3 432 256z\"><\/path><\/svg>\n\t\t\t\t\t\t\t<\/span>\n\t\t\t\t\t\t<span class=\"uagb-icon-active uagb-faq-icon-wrap\">\n\t\t\t\t\t\t\t\t<svg xmlns=\"https:\/\/www.w3.org\/2000\/svg\" viewBox= \"0 0 448 512\"><path d=\"M400 288h-352c-17.69 0-32-14.32-32-32.01s14.31-31.99 32-31.99h352c17.69 0 32 14.3 32 31.99S417.7 288 400 288z\"><\/path><\/svg>\n\t\t\t\t\t\t\t<\/span>\n\t\t\t<span class=\"uagb-question\">O que significa &#8220;Tempo de visualiza\u00e7\u00e3o da transmiss\u00e3o em direto&#8221; e como \u00e9 calculado?<\/span><\/div><div class=\"uagb-faq-content\"><p>O tempo de visualiza\u00e7\u00e3o da transmiss\u00e3o em direto n\u00e3o se refere \u00e0 dura\u00e7\u00e3o da pr\u00f3pria grava\u00e7\u00e3o em direto, mas sim \u00e0 dura\u00e7\u00e3o total das visualiza\u00e7\u00f5es. Para simplificar, imagine da seguinte forma: 1 hora de tempo de visualiza\u00e7\u00e3o significa 1 espetador a assistir a 1 jogo completo (uma vez que o jogo m\u00e9dio dura aproximadamente 1 hora). Por exemplo, 400 horas podem ser consumidas com 400 espetadores a assistir a um jogo completo ou 800 espetadores a assistir a metade do jogo. Recomendamos que fique de olho no seu tempo de visualiza\u00e7\u00e3o da transmiss\u00e3o em direto durante os eventos, para que este n\u00e3o se esgote, o que impediria os espetadores em direto de assistir. O tempo de visualiza\u00e7\u00e3o da transmiss\u00e3o em direto \u00e9 atualizado dinamicamente ao longo do evento, capturando o envolvimento dos espetadores desde o momento em que a transmiss\u00e3o come\u00e7a at\u00e9 \u00e0 sua conclus\u00e3o. Al\u00e9m da conclus\u00e3o da transmiss\u00e3o em direto, um per\u00edodo adicional de 48 horas \u00e9 frequentemente designado para refinar ainda mais o c\u00e1lculo do tempo de visualiza\u00e7\u00e3o. Este per\u00edodo de tempo alargado acomoda potenciais visualiza\u00e7\u00f5es atrasadas. Posteriormente, \u00e9 obtida uma medida abrangente e precisa dos dados fornecidos, englobando tanto a participa\u00e7\u00e3o em tempo real como qualquer envolvimento subsequente durante a janela p\u00f3s-transmiss\u00e3o em direto.       <\/p><\/div><\/div><div class=\"wp-block-uagb-faq-child uagb-faq-child__outer-wrap uagb-faq-item uagb-block-a7bb4788 \" role=\"tab\" tabindex=\"0\"><div class=\"uagb-faq-questions-button uagb-faq-questions\">\t\t\t<span class=\"uagb-icon uagb-faq-icon-wrap\">\n\t\t\t\t\t\t\t\t<svg xmlns=\"https:\/\/www.w3.org\/2000\/svg\" viewBox= \"0 0 448 512\"><path d=\"M432 256c0 17.69-14.33 32.01-32 32.01H256v144c0 17.69-14.33 31.99-32 31.99s-32-14.3-32-31.99v-144H48c-17.67 0-32-14.32-32-32.01s14.33-31.99 32-31.99H192v-144c0-17.69 14.33-32.01 32-32.01s32 14.32 32 32.01v144h144C417.7 224 432 238.3 432 256z\"><\/path><\/svg>\n\t\t\t\t\t\t\t<\/span>\n\t\t\t\t\t\t<span class=\"uagb-icon-active uagb-faq-icon-wrap\">\n\t\t\t\t\t\t\t\t<svg xmlns=\"https:\/\/www.w3.org\/2000\/svg\" viewBox= \"0 0 448 512\"><path d=\"M400 288h-352c-17.69 0-32-14.32-32-32.01s14.31-31.99 32-31.99h352c17.69 0 32 14.3 32 31.99S417.7 288 400 288z\"><\/path><\/svg>\n\t\t\t\t\t\t\t<\/span>\n\t\t\t<span class=\"uagb-question\">Por que raz\u00e3o estou limitado a um n\u00famero espec\u00edfico de jogos em direto para o canal Sport.Video?<\/span><\/div><div class=\"uagb-faq-content\"><p>A limita\u00e7\u00e3o do n\u00famero de jogos em direto existe devido ao processamento abrangente das grava\u00e7\u00f5es em direto. Cada grava\u00e7\u00e3o de jogo, com uma m\u00e9dia de 1 hora de dura\u00e7\u00e3o, requer codifica\u00e7\u00e3o e prepara\u00e7\u00e3o para transmiss\u00e3o global, colocando uma carga substancial nos nossos servidores. Os limites definidos garantem a melhor experi\u00eancia poss\u00edvel para os seus espetadores e garantem a entrega suave do seu conte\u00fado.  <\/p><\/div><\/div><div class=\"wp-block-uagb-faq-child uagb-faq-child__outer-wrap uagb-faq-item uagb-block-857d81c1 \" role=\"tab\" tabindex=\"0\"><div class=\"uagb-faq-questions-button uagb-faq-questions\">\t\t\t<span class=\"uagb-icon uagb-faq-icon-wrap\">\n\t\t\t\t\t\t\t\t<svg xmlns=\"https:\/\/www.w3.org\/2000\/svg\" viewBox= \"0 0 448 512\"><path d=\"M432 256c0 17.69-14.33 32.01-32 32.01H256v144c0 17.69-14.33 31.99-32 31.99s-32-14.3-32-31.99v-144H48c-17.67 0-32-14.32-32-32.01s14.33-31.99 32-31.99H192v-144c0-17.69 14.33-32.01 32-32.01s32 14.32 32 32.01v144h144C417.7 224 432 238.3 432 256z\"><\/path><\/svg>\n\t\t\t\t\t\t\t<\/span>\n\t\t\t\t\t\t<span class=\"uagb-icon-active uagb-faq-icon-wrap\">\n\t\t\t\t\t\t\t\t<svg xmlns=\"https:\/\/www.w3.org\/2000\/svg\" viewBox= \"0 0 448 512\"><path d=\"M400 288h-352c-17.69 0-32-14.32-32-32.01s14.31-31.99 32-31.99h352c17.69 0 32 14.3 32 31.99S417.7 288 400 288z\"><\/path><\/svg>\n\t\t\t\t\t\t\t<\/span>\n\t\t\t<span class=\"uagb-question\">O que \u00e9 multic\u00e2mara e como afeta a minha subscri\u00e7\u00e3o?<\/span><\/div><div class=\"uagb-faq-content\"><p>O MultiCam permite-lhe gravar um \u00fanico jogo utilizando v\u00e1rias c\u00e2maras, capturando destaques e transmiss\u00f5es em direto do Sport.Video a partir de diferentes \u00e2ngulos. No entanto, \u00e9 importante notar que cada grava\u00e7\u00e3o de c\u00e2mara consome um jogo do seu plano de subscri\u00e7\u00e3o. Al\u00e9m disso, no caso de transmiss\u00e3o em direto para o seu canal Sport.Video (por exemplo, n\u00e3o transmitir em direto para o Facebook, YouTube&#8230;), cada c\u00e2mara de transmiss\u00e3o em direto consome uma grava\u00e7\u00e3o de transmiss\u00e3o em direto. Por exemplo, gravar com 3 c\u00e2maras, 2 das quais est\u00e3o a transmitir em direto, consumiria um total de 3 jogos e 2 transmiss\u00f5es em direto do seu plano de subscri\u00e7\u00e3o. A transmiss\u00e3o em direto com MultiCam s\u00f3 est\u00e1 dispon\u00edvel atrav\u00e9s do pacote adicional de transmiss\u00e3o em direto do Sport.Video. Para a produ\u00e7\u00e3o de destaques com MultiCam, n\u00e3o existem limita\u00e7\u00f5es.     <\/p><\/div><\/div><\/div><\/div>\n\n<style>#footer-faq {\n    display: none;\n}\n<\/style>\n","protected":false},"excerpt":{"rendered":"<p>As suas perguntasRespondidas<\/p>\n","protected":false},"author":1,"featured_media":0,"parent":0,"menu_order":0,"comment_status":"closed","ping_status":"closed","template":"wp-custom-template-canvas","meta":{"_uag_custom_page_level_css":"","footnotes":""},"class_list":["post-42455","page","type-page","status-publish","hentry"],"yoast_head":"<!-- This site is optimized with the Yoast SEO Premium plugin v27.5 (Yoast SEO v27.5) - https:\/\/yoast.com\/product\/yoast-seo-premium-wordpress\/ -->\n<title>Pre\u00e7os - SPORT.VIDEO<\/title>\n<meta name=\"robots\" content=\"index, follow, max-snippet:-1, max-image-preview:large, max-video-preview:-1\" \/>\n<link rel=\"canonical\" href=\"https:\/\/product.sport.video\/pt-pt\/precos\/\" \/>\n<meta property=\"og:locale\" content=\"pt_PT\" \/>\n<meta property=\"og:type\" content=\"article\" \/>\n<meta property=\"og:title\" content=\"Pre\u00e7os\" \/>\n<meta property=\"og:description\" content=\"As suas perguntasRespondidas\" \/>\n<meta property=\"og:url\" content=\"https:\/\/product.sport.video\/pt-pt\/precos\/\" \/>\n<meta property=\"og:site_name\" content=\"SPORT.VIDEO\" \/>\n<meta property=\"article:modified_time\" content=\"2026-02-10T11:49:10+00:00\" \/>\n<meta name=\"twitter:card\" content=\"summary_large_image\" \/>\n<script type=\"application\/ld+json\" class=\"yoast-schema-graph\">{\"@context\":\"https:\\\/\\\/schema.org\",\"@graph\":[{\"@type\":\"WebPage\",\"@id\":\"https:\\\/\\\/product.sport.video\\\/pt-pt\\\/precos\\\/\",\"url\":\"https:\\\/\\\/product.sport.video\\\/pt-pt\\\/precos\\\/\",\"name\":\"Pre\u00e7os - SPORT.VIDEO\",\"isPartOf\":{\"@id\":\"https:\\\/\\\/product.sport.video\\\/pt-pt\\\/#website\"},\"datePublished\":\"2026-02-06T13:45:18+00:00\",\"dateModified\":\"2026-02-10T11:49:10+00:00\",\"breadcrumb\":{\"@id\":\"https:\\\/\\\/product.sport.video\\\/pt-pt\\\/precos\\\/#breadcrumb\"},\"inLanguage\":\"pt-PT\",\"potentialAction\":[{\"@type\":\"ReadAction\",\"target\":[\"https:\\\/\\\/product.sport.video\\\/pt-pt\\\/precos\\\/\"]}]},{\"@type\":\"BreadcrumbList\",\"@id\":\"https:\\\/\\\/product.sport.video\\\/pt-pt\\\/precos\\\/#breadcrumb\",\"itemListElement\":[{\"@type\":\"ListItem\",\"position\":1,\"name\":\"Home\",\"item\":\"https:\\\/\\\/product.sport.video\\\/pt-pt\\\/\"},{\"@type\":\"ListItem\",\"position\":2,\"name\":\"Pre\u00e7os\"}]},{\"@type\":\"WebSite\",\"@id\":\"https:\\\/\\\/product.sport.video\\\/pt-pt\\\/#website\",\"url\":\"https:\\\/\\\/product.sport.video\\\/pt-pt\\\/\",\"name\":\"Sport.Video\",\"description\":\"\",\"publisher\":{\"@id\":\"https:\\\/\\\/product.sport.video\\\/pt-pt\\\/#organization\"},\"potentialAction\":[{\"@type\":\"SearchAction\",\"target\":{\"@type\":\"EntryPoint\",\"urlTemplate\":\"https:\\\/\\\/product.sport.video\\\/pt-pt\\\/?s={search_term_string}\"},\"query-input\":{\"@type\":\"PropertyValueSpecification\",\"valueRequired\":true,\"valueName\":\"search_term_string\"}}],\"inLanguage\":\"pt-PT\"},{\"@type\":\"Organization\",\"@id\":\"https:\\\/\\\/product.sport.video\\\/pt-pt\\\/#organization\",\"name\":\"Sport.Video\",\"alternateName\":\"SV\",\"url\":\"https:\\\/\\\/product.sport.video\\\/pt-pt\\\/\",\"logo\":{\"@type\":\"ImageObject\",\"inLanguage\":\"pt-PT\",\"@id\":\"https:\\\/\\\/product.sport.video\\\/pt-pt\\\/#\\\/schema\\\/logo\\\/image\\\/\",\"url\":\"https:\\\/\\\/product.sport.video\\\/wp-content\\\/uploads\\\/2026\\\/02\\\/icon.png\",\"contentUrl\":\"https:\\\/\\\/product.sport.video\\\/wp-content\\\/uploads\\\/2026\\\/02\\\/icon.png\",\"width\":512,\"height\":512,\"caption\":\"Sport.Video\"},\"image\":{\"@id\":\"https:\\\/\\\/product.sport.video\\\/pt-pt\\\/#\\\/schema\\\/logo\\\/image\\\/\"}}]}<\/script>\n<!-- \/ Yoast SEO Premium plugin. -->","yoast_head_json":{"title":"Pre\u00e7os - SPORT.VIDEO","robots":{"index":"index","follow":"follow","max-snippet":"max-snippet:-1","max-image-preview":"max-image-preview:large","max-video-preview":"max-video-preview:-1"},"canonical":"https:\/\/product.sport.video\/pt-pt\/precos\/","og_locale":"pt_PT","og_type":"article","og_title":"Pre\u00e7os","og_description":"As suas perguntasRespondidas","og_url":"https:\/\/product.sport.video\/pt-pt\/precos\/","og_site_name":"SPORT.VIDEO","article_modified_time":"2026-02-10T11:49:10+00:00","twitter_card":"summary_large_image","schema":{"@context":"https:\/\/schema.org","@graph":[{"@type":"WebPage","@id":"https:\/\/product.sport.video\/pt-pt\/precos\/","url":"https:\/\/product.sport.video\/pt-pt\/precos\/","name":"Pre\u00e7os - SPORT.VIDEO","isPartOf":{"@id":"https:\/\/product.sport.video\/pt-pt\/#website"},"datePublished":"2026-02-06T13:45:18+00:00","dateModified":"2026-02-10T11:49:10+00:00","breadcrumb":{"@id":"https:\/\/product.sport.video\/pt-pt\/precos\/#breadcrumb"},"inLanguage":"pt-PT","potentialAction":[{"@type":"ReadAction","target":["https:\/\/product.sport.video\/pt-pt\/precos\/"]}]},{"@type":"BreadcrumbList","@id":"https:\/\/product.sport.video\/pt-pt\/precos\/#breadcrumb","itemListElement":[{"@type":"ListItem","position":1,"name":"Home","item":"https:\/\/product.sport.video\/pt-pt\/"},{"@type":"ListItem","position":2,"name":"Pre\u00e7os"}]},{"@type":"WebSite","@id":"https:\/\/product.sport.video\/pt-pt\/#website","url":"https:\/\/product.sport.video\/pt-pt\/","name":"Sport.Video","description":"","publisher":{"@id":"https:\/\/product.sport.video\/pt-pt\/#organization"},"potentialAction":[{"@type":"SearchAction","target":{"@type":"EntryPoint","urlTemplate":"https:\/\/product.sport.video\/pt-pt\/?s={search_term_string}"},"query-input":{"@type":"PropertyValueSpecification","valueRequired":true,"valueName":"search_term_string"}}],"inLanguage":"pt-PT"},{"@type":"Organization","@id":"https:\/\/product.sport.video\/pt-pt\/#organization","name":"Sport.Video","alternateName":"SV","url":"https:\/\/product.sport.video\/pt-pt\/","logo":{"@type":"ImageObject","inLanguage":"pt-PT","@id":"https:\/\/product.sport.video\/pt-pt\/#\/schema\/logo\/image\/","url":"https:\/\/product.sport.video\/wp-content\/uploads\/2026\/02\/icon.png","contentUrl":"https:\/\/product.sport.video\/wp-content\/uploads\/2026\/02\/icon.png","width":512,"height":512,"caption":"Sport.Video"},"image":{"@id":"https:\/\/product.sport.video\/pt-pt\/#\/schema\/logo\/image\/"}}]}},"uagb_featured_image_src":{"full":false,"thumbnail":false,"medium":false,"medium_large":false,"large":false,"1536x1536":false,"2048x2048":false},"uagb_author_info":{"display_name":"devadmin","author_link":"https:\/\/product.sport.video\/pt-pt\/author\/devadmin\/"},"uagb_comment_info":0,"uagb_excerpt":"As suas perguntasRespondidas","_links":{"self":[{"href":"https:\/\/product.sport.video\/pt-pt\/wp-json\/wp\/v2\/pages\/42455","targetHints":{"allow":["GET"]}}],"collection":[{"href":"https:\/\/product.sport.video\/pt-pt\/wp-json\/wp\/v2\/pages"}],"about":[{"href":"https:\/\/product.sport.video\/pt-pt\/wp-json\/wp\/v2\/types\/page"}],"author":[{"embeddable":true,"href":"https:\/\/product.sport.video\/pt-pt\/wp-json\/wp\/v2\/users\/1"}],"replies":[{"embeddable":true,"href":"https:\/\/product.sport.video\/pt-pt\/wp-json\/wp\/v2\/comments?post=42455"}],"version-history":[{"count":0,"href":"https:\/\/product.sport.video\/pt-pt\/wp-json\/wp\/v2\/pages\/42455\/revisions"}],"wp:attachment":[{"href":"https:\/\/product.sport.video\/pt-pt\/wp-json\/wp\/v2\/media?parent=42455"}],"curies":[{"name":"wp","href":"https:\/\/api.w.org\/{rel}","templated":true}]}}