{"id":42260,"date":"2026-02-03T19:54:07","date_gmt":"2026-02-03T18:54:07","guid":{"rendered":"https:\/\/product.sport.video\/pricing\/"},"modified":"2026-02-10T12:43:26","modified_gmt":"2026-02-10T11:43:26","slug":"cennik","status":"publish","type":"page","link":"https:\/\/product.sport.video\/sk\/cennik\/","title":{"rendered":"Cenn\u00edk"},"content":{"rendered":"\n<div class=\"wp-block-group alignfull is-layout-flow wp-block-group-is-layout-flow\">\n<iframe src=\"https:\/\/sport.video\/embed-pricing\" id=\"iframe-pricing\" width=\"100%\" height=\"800\" style=\"border:0;\" loading=\"lazy\" referrerpolicy=\"no-referrer-when-downgrade\"><\/iframe>\n\n<script type=\"text\/javascript\">\n    const iframe = document.getElementById(\"iframe-pricing\");\n\n    window.addEventListener(\"message\", function(event) {\n        if (typeof event.data === \"number\" || typeof event.data === \"string\") {\n            iframe.height = event.data;\n        }\n    }, false);\n<\/script>\n<\/div>\n\n<div class=\"wp-block-group has-global-padding is-layout-constrained wp-block-group-is-layout-constrained\" style=\"margin-bottom:var(--wp--preset--spacing--bbe-40);padding-bottom:var(--wp--preset--spacing--bbe-80)\">\n<h2 class=\"wp-block-heading has-text-align-center\" style=\"margin-bottom:var(--wp--preset--spacing--bbe-90);letter-spacing:-0.05em;line-height:1.15\">Your Questions<br\/><strong>Answered<\/strong><\/h2>\n\n\n<div class=\"wp-block-uagb-faq uagb-faq__outer-wrap uagb-block-330deb30 uagb-faq-icon-row-reverse uagb-faq-layout-accordion uagb-faq-expand-first-false uagb-faq-inactive-other-true uagb-faq__wrap uagb-buttons-layout-wrap uagb-faq-equal-height     \" data-faqtoggle=\"true\" role=\"tablist\"><div class=\"wp-block-uagb-faq-child uagb-faq-child__outer-wrap uagb-faq-item uagb-block-11064701 \" role=\"tab\" tabindex=\"0\"><div class=\"uagb-faq-questions-button uagb-faq-questions\">\t\t\t<span class=\"uagb-icon uagb-faq-icon-wrap\">\n\t\t\t\t\t\t\t\t<svg xmlns=\"https:\/\/www.w3.org\/2000\/svg\" viewBox= \"0 0 448 512\"><path d=\"M432 256c0 17.69-14.33 32.01-32 32.01H256v144c0 17.69-14.33 31.99-32 31.99s-32-14.3-32-31.99v-144H48c-17.67 0-32-14.32-32-32.01s14.33-31.99 32-31.99H192v-144c0-17.69 14.33-32.01 32-32.01s32 14.32 32 32.01v144h144C417.7 224 432 238.3 432 256z\"><\/path><\/svg>\n\t\t\t\t\t\t\t<\/span>\n\t\t\t\t\t\t<span class=\"uagb-icon-active uagb-faq-icon-wrap\">\n\t\t\t\t\t\t\t\t<svg xmlns=\"https:\/\/www.w3.org\/2000\/svg\" viewBox= \"0 0 448 512\"><path d=\"M400 288h-352c-17.69 0-32-14.32-32-32.01s14.31-31.99 32-31.99h352c17.69 0 32 14.3 32 31.99S417.7 288 400 288z\"><\/path><\/svg>\n\t\t\t\t\t\t\t<\/span>\n\t\t\t<span class=\"uagb-question\">M\u00f4\u017eeme n\u00e1\u0161 pl\u00e1n kedyko\u013evek vylep\u0161i\u0165 alebo zn\u00ed\u017ei\u0165?<\/span><\/div><div class=\"uagb-faq-content\"><p>M\u00e1te mo\u017enos\u0165 vylep\u0161i\u0165 si predplatn\u00e9 prechodom na vy\u0161\u0161iu \u00farove\u0148 a zmenou z mesa\u010dn\u00e9ho faktura\u010dn\u00e9ho pl\u00e1nu na ro\u010dn\u00fd. Zn\u00ed\u017eenie \u00farovne v\u0161ak nie je podporovan\u00e9. Ak si \u017eel\u00e1te prejs\u0165 na ni\u017e\u0161iu \u00farove\u0148, mus\u00edte najprv zru\u0161i\u0165 svoje aktu\u00e1lne predplatn\u00e9 a po\u010dka\u0165, k\u00fdm vypr\u0161\u00ed. Okrem toho, ak si \u017eel\u00e1te zmeni\u0165 frekvenciu faktur\u00e1cie z ro\u010dnej na mesa\u010dn\u00fa, aj to si vy\u017eaduje prechod na predplatn\u00e9 vy\u0161\u0161ej \u00farovne.   <\/p><\/div><\/div><div class=\"wp-block-uagb-faq-child uagb-faq-child__outer-wrap uagb-faq-item uagb-block-88cfe5f4 \" role=\"tab\" tabindex=\"0\"><div class=\"uagb-faq-questions-button uagb-faq-questions\">\t\t\t<span class=\"uagb-icon uagb-faq-icon-wrap\">\n\t\t\t\t\t\t\t\t<svg xmlns=\"https:\/\/www.w3.org\/2000\/svg\" viewBox= \"0 0 448 512\"><path d=\"M432 256c0 17.69-14.33 32.01-32 32.01H256v144c0 17.69-14.33 31.99-32 31.99s-32-14.3-32-31.99v-144H48c-17.67 0-32-14.32-32-32.01s14.33-31.99 32-31.99H192v-144c0-17.69 14.33-32.01 32-32.01s32 14.32 32 32.01v144h144C417.7 224 432 238.3 432 256z\"><\/path><\/svg>\n\t\t\t\t\t\t\t<\/span>\n\t\t\t\t\t\t<span class=\"uagb-icon-active uagb-faq-icon-wrap\">\n\t\t\t\t\t\t\t\t<svg xmlns=\"https:\/\/www.w3.org\/2000\/svg\" viewBox= \"0 0 448 512\"><path d=\"M400 288h-352c-17.69 0-32-14.32-32-32.01s14.31-31.99 32-31.99h352c17.69 0 32 14.3 32 31.99S417.7 288 400 288z\"><\/path><\/svg>\n\t\t\t\t\t\t\t<\/span>\n\t\t\t<span class=\"uagb-question\">M\u00f4\u017eeme vysk\u00fa\u0161a\u0165 Sport.Video predt\u00fdm, ako sa zavia\u017eeme k platen\u00e9mu pl\u00e1nu?<\/span><\/div><div class=\"uagb-faq-content\"><p>Ur\u010dite! Sport.Video pon\u00faka bezplatn\u00fd pl\u00e1n, ktor\u00fd v\u00e1m umo\u017en\u00ed vysk\u00fa\u0161a\u0165 si platformu a jej funkcie predt\u00fdm, ako sa rozhodnete. <\/p><\/div><\/div><div class=\"wp-block-uagb-faq-child uagb-faq-child__outer-wrap uagb-faq-item uagb-block-edc4eea3 \" role=\"tab\" tabindex=\"0\"><div class=\"uagb-faq-questions-button uagb-faq-questions\">\t\t\t<span class=\"uagb-icon uagb-faq-icon-wrap\">\n\t\t\t\t\t\t\t\t<svg xmlns=\"https:\/\/www.w3.org\/2000\/svg\" viewBox= \"0 0 448 512\"><path d=\"M432 256c0 17.69-14.33 32.01-32 32.01H256v144c0 17.69-14.33 31.99-32 31.99s-32-14.3-32-31.99v-144H48c-17.67 0-32-14.32-32-32.01s14.33-31.99 32-31.99H192v-144c0-17.69 14.33-32.01 32-32.01s32 14.32 32 32.01v144h144C417.7 224 432 238.3 432 256z\"><\/path><\/svg>\n\t\t\t\t\t\t\t<\/span>\n\t\t\t\t\t\t<span class=\"uagb-icon-active uagb-faq-icon-wrap\">\n\t\t\t\t\t\t\t\t<svg xmlns=\"https:\/\/www.w3.org\/2000\/svg\" viewBox= \"0 0 448 512\"><path d=\"M400 288h-352c-17.69 0-32-14.32-32-32.01s14.31-31.99 32-31.99h352c17.69 0 32 14.3 32 31.99S417.7 288 400 288z\"><\/path><\/svg>\n\t\t\t\t\t\t\t<\/span>\n\t\t\t<span class=\"uagb-question\">Existuje limit na po\u010det vide\u00ed, ktor\u00e9 m\u00f4\u017eeme nahra\u0165 alebo ulo\u017ei\u0165?<\/span><\/div><div class=\"uagb-faq-content\"><p>V z\u00e1vislosti od vami zvolen\u00e9ho pl\u00e1nu existuj\u00fa limity na nahr\u00e1vanie. Na\u0161e cenov\u00e9 pl\u00e1ny poskytuj\u00fa podrobnosti o konkr\u00e9tnych limitoch. <\/p><\/div><\/div><div class=\"wp-block-uagb-faq-child uagb-faq-child__outer-wrap uagb-faq-item uagb-block-7dcf0e87 \" role=\"tab\" tabindex=\"0\"><div class=\"uagb-faq-questions-button uagb-faq-questions\">\t\t\t<span class=\"uagb-icon uagb-faq-icon-wrap\">\n\t\t\t\t\t\t\t\t<svg xmlns=\"https:\/\/www.w3.org\/2000\/svg\" viewBox= \"0 0 448 512\"><path d=\"M432 256c0 17.69-14.33 32.01-32 32.01H256v144c0 17.69-14.33 31.99-32 31.99s-32-14.3-32-31.99v-144H48c-17.67 0-32-14.32-32-32.01s14.33-31.99 32-31.99H192v-144c0-17.69 14.33-32.01 32-32.01s32 14.32 32 32.01v144h144C417.7 224 432 238.3 432 256z\"><\/path><\/svg>\n\t\t\t\t\t\t\t<\/span>\n\t\t\t\t\t\t<span class=\"uagb-icon-active uagb-faq-icon-wrap\">\n\t\t\t\t\t\t\t\t<svg xmlns=\"https:\/\/www.w3.org\/2000\/svg\" viewBox= \"0 0 448 512\"><path d=\"M400 288h-352c-17.69 0-32-14.32-32-32.01s14.31-31.99 32-31.99h352c17.69 0 32 14.3 32 31.99S417.7 288 400 288z\"><\/path><\/svg>\n\t\t\t\t\t\t\t<\/span>\n\t\t\t<span class=\"uagb-question\">M\u00f4\u017eeme kedyko\u013evek zru\u0161i\u0165 na\u0161e predplatn\u00e9?<\/span><\/div><div class=\"uagb-faq-content\"><p>\u00c1no, svoje predplatn\u00e9 m\u00f4\u017eete kedyko\u013evek zru\u0161i\u0165. Upozor\u0148ujeme v\u0161ak, \u017ee za nevyu\u017eit\u00fa \u010das\u0165 predplatn\u00e9ho obdobia nemusia by\u0165 k dispoz\u00edcii \u017eiadne n\u00e1hrady. <\/p><\/div><\/div><div class=\"wp-block-uagb-faq-child uagb-faq-child__outer-wrap uagb-faq-item uagb-block-655afdd7 \" role=\"tab\" tabindex=\"0\"><div class=\"uagb-faq-questions-button uagb-faq-questions\">\t\t\t<span class=\"uagb-icon uagb-faq-icon-wrap\">\n\t\t\t\t\t\t\t\t<svg xmlns=\"https:\/\/www.w3.org\/2000\/svg\" viewBox= \"0 0 448 512\"><path d=\"M432 256c0 17.69-14.33 32.01-32 32.01H256v144c0 17.69-14.33 31.99-32 31.99s-32-14.3-32-31.99v-144H48c-17.67 0-32-14.32-32-32.01s14.33-31.99 32-31.99H192v-144c0-17.69 14.33-32.01 32-32.01s32 14.32 32 32.01v144h144C417.7 224 432 238.3 432 256z\"><\/path><\/svg>\n\t\t\t\t\t\t\t<\/span>\n\t\t\t\t\t\t<span class=\"uagb-icon-active uagb-faq-icon-wrap\">\n\t\t\t\t\t\t\t\t<svg xmlns=\"https:\/\/www.w3.org\/2000\/svg\" viewBox= \"0 0 448 512\"><path d=\"M400 288h-352c-17.69 0-32-14.32-32-32.01s14.31-31.99 32-31.99h352c17.69 0 32 14.3 32 31.99S417.7 288 400 288z\"><\/path><\/svg>\n\t\t\t\t\t\t\t<\/span>\n\t\t\t<span class=\"uagb-question\">Existuje z\u013eava za ro\u010dn\u00fa platbu?<\/span><\/div><div class=\"uagb-faq-content\"><p>\u00c1no, pon\u00fakame \u0161peci\u00e1lnu z\u013eavu 60 % pre t\u00fdch, ktor\u00ed sa rozhodn\u00fa plati\u0165 ro\u010dne. To v\u00e1m umo\u017en\u00ed v\u00fdrazne u\u0161etri\u0165 v porovnan\u00ed s mo\u017enos\u0165ou mesa\u010dnej platby. <\/p><\/div><\/div><div class=\"wp-block-uagb-faq-child uagb-faq-child__outer-wrap uagb-faq-item uagb-block-03787b00 \" role=\"tab\" tabindex=\"0\"><div class=\"uagb-faq-questions-button uagb-faq-questions\">\t\t\t<span class=\"uagb-icon uagb-faq-icon-wrap\">\n\t\t\t\t\t\t\t\t<svg xmlns=\"https:\/\/www.w3.org\/2000\/svg\" viewBox= \"0 0 448 512\"><path d=\"M432 256c0 17.69-14.33 32.01-32 32.01H256v144c0 17.69-14.33 31.99-32 31.99s-32-14.3-32-31.99v-144H48c-17.67 0-32-14.32-32-32.01s14.33-31.99 32-31.99H192v-144c0-17.69 14.33-32.01 32-32.01s32 14.32 32 32.01v144h144C417.7 224 432 238.3 432 256z\"><\/path><\/svg>\n\t\t\t\t\t\t\t<\/span>\n\t\t\t\t\t\t<span class=\"uagb-icon-active uagb-faq-icon-wrap\">\n\t\t\t\t\t\t\t\t<svg xmlns=\"https:\/\/www.w3.org\/2000\/svg\" viewBox= \"0 0 448 512\"><path d=\"M400 288h-352c-17.69 0-32-14.32-32-32.01s14.31-31.99 32-31.99h352c17.69 0 32 14.3 32 31.99S417.7 288 400 288z\"><\/path><\/svg>\n\t\t\t\t\t\t\t<\/span>\n\t\t\t<span class=\"uagb-question\">\u010co znamen\u00e1 \u201ePo\u010det pou\u017e\u00edvate\u013eov\u201c v cenovom bal\u00edku?<\/span><\/div><div class=\"uagb-faq-content\"><p>\u201ePo\u010det pou\u017e\u00edvate\u013eov\u201c sa vz\u0165ahuje na r\u00f4zne roly v r\u00e1mci v\u00e1\u0161ho kan\u00e1la. Ako vlastn\u00edk kan\u00e1la sa po\u010d\u00edtate ako jeden pou\u017e\u00edvate\u013e. Existuj\u00fa tri typy pou\u017e\u00edvate\u013eov:  <br><strong>Vlastn\u00edk<\/strong>: Osoba, ktor\u00e1 vytvor\u00ed \u00fa\u010det a kan\u00e1l.<br><strong>Editor<\/strong>: Editor, ktor\u00e9ho pozve vlastn\u00edk, m\u00e1 povolenie vytv\u00e1ra\u0165, spravova\u0165, upravova\u0165 a nat\u00e1\u010da\u0165 obsah v r\u00e1mci kan\u00e1la.<br><strong>Kameraman<\/strong>: Kameraman, ktor\u00e9ho pozve vlastn\u00edk, m\u00e1 povolenie upravova\u0165 iba hry, ktor\u00e9 nato\u010dil, a nat\u00e1\u010da\u0165 nov\u00fd obsah.<\/p><\/div><\/div><div class=\"wp-block-uagb-faq-child uagb-faq-child__outer-wrap uagb-faq-item uagb-block-3996824d \" role=\"tab\" tabindex=\"0\"><div class=\"uagb-faq-questions-button uagb-faq-questions\">\t\t\t<span class=\"uagb-icon uagb-faq-icon-wrap\">\n\t\t\t\t\t\t\t\t<svg xmlns=\"https:\/\/www.w3.org\/2000\/svg\" viewBox= \"0 0 448 512\"><path d=\"M432 256c0 17.69-14.33 32.01-32 32.01H256v144c0 17.69-14.33 31.99-32 31.99s-32-14.3-32-31.99v-144H48c-17.67 0-32-14.32-32-32.01s14.33-31.99 32-31.99H192v-144c0-17.69 14.33-32.01 32-32.01s32 14.32 32 32.01v144h144C417.7 224 432 238.3 432 256z\"><\/path><\/svg>\n\t\t\t\t\t\t\t<\/span>\n\t\t\t\t\t\t<span class=\"uagb-icon-active uagb-faq-icon-wrap\">\n\t\t\t\t\t\t\t\t<svg xmlns=\"https:\/\/www.w3.org\/2000\/svg\" viewBox= \"0 0 448 512\"><path d=\"M400 288h-352c-17.69 0-32-14.32-32-32.01s14.31-31.99 32-31.99h352c17.69 0 32 14.3 32 31.99S417.7 288 400 288z\"><\/path><\/svg>\n\t\t\t\t\t\t\t<\/span>\n\t\t\t<span class=\"uagb-question\">\u010co je dodato\u010dn\u00fd bal\u00edk pre \u017eiv\u00e9 vysielanie a ako funguje?<\/span><\/div><div class=\"uagb-faq-content\"><p>Dodato\u010dn\u00fd bal\u00edk pre \u017eiv\u00e9 vysielanie v\u00e1m umo\u017e\u0148uje streamova\u0165 va\u0161e hry priamo na v\u00e1\u0161 kan\u00e1l Sport.Video. M\u00f4\u017eete si zak\u00fapi\u0165 dodato\u010dn\u00fd bal\u00edk pre \u017eiv\u00e9 vysielanie. Tento bal\u00edk zah\u0155\u0148a 2 extra \u017eiv\u00e9 prenosy a 200 hod\u00edn \u017eiv\u00e9ho vysielania. Po\u010det dodato\u010dn\u00fdch bal\u00edkov, ktor\u00e9 si pou\u017e\u00edvate\u013e m\u00f4\u017ee k\u00fapi\u0165, nie je obmedzen\u00fd, bez oh\u013eadu na obdobie predplatn\u00e9ho. Bal\u00edky pre \u017eiv\u00e9 vysielanie po zak\u00fapen\u00ed nevypr\u0161ia, m\u00f4\u017eu by\u0165 pou\u017eit\u00e9 kedyko\u013evek.    <\/p><\/div><\/div><div class=\"wp-block-uagb-faq-child uagb-faq-child__outer-wrap uagb-faq-item uagb-block-c2e04fdc \" role=\"tab\" tabindex=\"0\"><div class=\"uagb-faq-questions-button uagb-faq-questions\">\t\t\t<span class=\"uagb-icon uagb-faq-icon-wrap\">\n\t\t\t\t\t\t\t\t<svg xmlns=\"https:\/\/www.w3.org\/2000\/svg\" viewBox= \"0 0 448 512\"><path d=\"M432 256c0 17.69-14.33 32.01-32 32.01H256v144c0 17.69-14.33 31.99-32 31.99s-32-14.3-32-31.99v-144H48c-17.67 0-32-14.32-32-32.01s14.33-31.99 32-31.99H192v-144c0-17.69 14.33-32.01 32-32.01s32 14.32 32 32.01v144h144C417.7 224 432 238.3 432 256z\"><\/path><\/svg>\n\t\t\t\t\t\t\t<\/span>\n\t\t\t\t\t\t<span class=\"uagb-icon-active uagb-faq-icon-wrap\">\n\t\t\t\t\t\t\t\t<svg xmlns=\"https:\/\/www.w3.org\/2000\/svg\" viewBox= \"0 0 448 512\"><path d=\"M400 288h-352c-17.69 0-32-14.32-32-32.01s14.31-31.99 32-31.99h352c17.69 0 32 14.3 32 31.99S417.7 288 400 288z\"><\/path><\/svg>\n\t\t\t\t\t\t\t<\/span>\n\t\t\t<span class=\"uagb-question\">\u010co znamen\u00e1 \u201e\u010cas sledovania \u017eiv\u00e9ho vysielania\u201c a ako sa vypo\u010d\u00edtava?<\/span><\/div><div class=\"uagb-faq-content\"><p>\u010cas sledovania \u017eiv\u00e9ho vysielania sa nevz\u0165ahuje na d\u013a\u017eku samotn\u00e9ho \u017eiv\u00e9ho z\u00e1znamu, ale sk\u00f4r na celkov\u00fa dobu zhliadnut\u00ed. Pre zjednodu\u0161enie si to predstavte takto: 1 hodina sledovania znamen\u00e1, \u017ee 1 div\u00e1k sleduje 1 cel\u00fa hru (preto\u017ee priemern\u00e1 hra trv\u00e1 pribli\u017ene 1 hodinu). Napr\u00edklad, 400 hod\u00edn m\u00f4\u017ee by\u0165 spotrebovan\u00fdch 400 div\u00e1kmi, ktor\u00ed sleduj\u00fa cel\u00fa hru, alebo 800 div\u00e1kmi, ktor\u00ed sleduj\u00fa polovicu hry. Odpor\u00fa\u010dame sledova\u0165 \u010das sledovania \u017eiv\u00e9ho vysielania po\u010das udalost\u00ed, aby sa nevy\u010derpal, \u010do by br\u00e1nilo \u017eiv\u00fdm div\u00e1kom v sledovan\u00ed. \u010cas sledovania \u017eiv\u00e9ho vysielania sa dynamicky aktualizuje po\u010das celej udalosti, zaznamen\u00e1vaj\u00fac anga\u017eovanos\u0165 div\u00e1kov od za\u010diatku streamu a\u017e po jeho z\u00e1ver. Po skon\u010den\u00ed \u017eiv\u00e9ho vysielania sa \u010dasto vy\u010dlen\u00ed \u010fal\u0161\u00edch 48 hod\u00edn na \u010fal\u0161ie spresnenie v\u00fdpo\u010dtu \u010dasu sledovania. Tento pred\u013a\u017een\u00fd \u010dasov\u00fd r\u00e1mec zoh\u013ead\u0148uje potenci\u00e1lne oneskoren\u00e9 zhliadnutia. N\u00e1sledne sa dosiahne komplexn\u00e9 a presn\u00e9 meranie dodan\u00fdch d\u00e1t, ktor\u00e9 zah\u0155\u0148a \u00fa\u010das\u0165 v re\u00e1lnom \u010dase aj ak\u00fako\u013evek n\u00e1sledn\u00fa anga\u017eovanos\u0165 po\u010das obdobia po \u017eivom vysielan\u00ed.       <\/p><\/div><\/div><div class=\"wp-block-uagb-faq-child uagb-faq-child__outer-wrap uagb-faq-item uagb-block-a7bb4788 \" role=\"tab\" tabindex=\"0\"><div class=\"uagb-faq-questions-button uagb-faq-questions\">\t\t\t<span class=\"uagb-icon uagb-faq-icon-wrap\">\n\t\t\t\t\t\t\t\t<svg xmlns=\"https:\/\/www.w3.org\/2000\/svg\" viewBox= \"0 0 448 512\"><path d=\"M432 256c0 17.69-14.33 32.01-32 32.01H256v144c0 17.69-14.33 31.99-32 31.99s-32-14.3-32-31.99v-144H48c-17.67 0-32-14.32-32-32.01s14.33-31.99 32-31.99H192v-144c0-17.69 14.33-32.01 32-32.01s32 14.32 32 32.01v144h144C417.7 224 432 238.3 432 256z\"><\/path><\/svg>\n\t\t\t\t\t\t\t<\/span>\n\t\t\t\t\t\t<span class=\"uagb-icon-active uagb-faq-icon-wrap\">\n\t\t\t\t\t\t\t\t<svg xmlns=\"https:\/\/www.w3.org\/2000\/svg\" viewBox= \"0 0 448 512\"><path d=\"M400 288h-352c-17.69 0-32-14.32-32-32.01s14.31-31.99 32-31.99h352c17.69 0 32 14.3 32 31.99S417.7 288 400 288z\"><\/path><\/svg>\n\t\t\t\t\t\t\t<\/span>\n\t\t\t<span class=\"uagb-question\">Pre\u010do som obmedzen\u00fd na konkr\u00e9tny po\u010det \u017eiv\u00fdch hier na kan\u00e1li Sport.Video?<\/span><\/div><div class=\"uagb-faq-content\"><p>Obmedzenie po\u010dtu \u017eiv\u00fdch hier je zaveden\u00e9 z d\u00f4vodu komplexn\u00e9ho spracovania \u017eiv\u00fdch z\u00e1znamov. Ka\u017ed\u00fd z\u00e1znam hry, v priemere trvaj\u00faci 1 hodinu, si vy\u017eaduje k\u00f3dovanie a pr\u00edpravu na glob\u00e1lne streamovanie, \u010do zna\u010dne za\u0165a\u017euje na\u0161e servery. Navrhnut\u00e9 limity zabezpe\u010duj\u00fa najlep\u0161\u00ed mo\u017en\u00fd z\u00e1\u017eitok pre va\u0161ich div\u00e1kov a zaru\u010duj\u00fa plynul\u00e9 doru\u010dovanie v\u00e1\u0161ho obsahu.  <\/p><\/div><\/div><div class=\"wp-block-uagb-faq-child uagb-faq-child__outer-wrap uagb-faq-item uagb-block-857d81c1 \" role=\"tab\" tabindex=\"0\"><div class=\"uagb-faq-questions-button uagb-faq-questions\">\t\t\t<span class=\"uagb-icon uagb-faq-icon-wrap\">\n\t\t\t\t\t\t\t\t<svg xmlns=\"https:\/\/www.w3.org\/2000\/svg\" viewBox= \"0 0 448 512\"><path d=\"M432 256c0 17.69-14.33 32.01-32 32.01H256v144c0 17.69-14.33 31.99-32 31.99s-32-14.3-32-31.99v-144H48c-17.67 0-32-14.32-32-32.01s14.33-31.99 32-31.99H192v-144c0-17.69 14.33-32.01 32-32.01s32 14.32 32 32.01v144h144C417.7 224 432 238.3 432 256z\"><\/path><\/svg>\n\t\t\t\t\t\t\t<\/span>\n\t\t\t\t\t\t<span class=\"uagb-icon-active uagb-faq-icon-wrap\">\n\t\t\t\t\t\t\t\t<svg xmlns=\"https:\/\/www.w3.org\/2000\/svg\" viewBox= \"0 0 448 512\"><path d=\"M400 288h-352c-17.69 0-32-14.32-32-32.01s14.31-31.99 32-31.99h352c17.69 0 32 14.3 32 31.99S417.7 288 400 288z\"><\/path><\/svg>\n\t\t\t\t\t\t\t<\/span>\n\t\t\t<span class=\"uagb-question\">\u010co je MultiCam a ako ovplyv\u0148uje moje predplatn\u00e9?<\/span><\/div><div class=\"uagb-faq-content\"><p>MultiCam v\u00e1m umo\u017e\u0148uje nahr\u00e1va\u0165 jednu hru pomocou viacer\u00fdch kamier, zachyt\u00e1va\u0165 najlep\u0161ie momenty a \u017eiv\u00e9 prenosy Sport.Video z r\u00f4znych uhlov. Je v\u0161ak d\u00f4le\u017eit\u00e9 poznamena\u0165, \u017ee ka\u017ed\u00fd z\u00e1znam z kamery spotrebuje jednu hru z v\u00e1\u0161ho predplatn\u00e9ho pl\u00e1nu. Okrem toho, v pr\u00edpade \u017eiv\u00e9ho vysielania na v\u00e1\u0161 kan\u00e1l Sport.Video (napr. nie \u017eiv\u00e9 vysielanie na Facebook, YouTube\u2026), ka\u017ed\u00e1 streamovacia kamera spotrebuje jeden z\u00e1znam \u017eiv\u00e9ho vysielania. Napr\u00edklad, nahr\u00e1vanie s 3 kamerami, z ktor\u00fdch 2 streamuj\u00fa na\u017eivo, by spotrebovalo celkovo 3 hry a 2 \u017eiv\u00e9 vysielania z v\u00e1\u0161ho predplatn\u00e9ho pl\u00e1nu. \u017div\u00e9 vysielanie s MultiCam je k dispoz\u00edcii iba prostredn\u00edctvom dodato\u010dn\u00e9ho bal\u00edka pre \u017eiv\u00e9 vysielanie Sport.Video. Pre produkciu najlep\u0161\u00edch momentov s MultiCam neexistuj\u00fa \u017eiadne obmedzenia.     <\/p><\/div><\/div><\/div><\/div>\n\n<style>#footer-faq {\n    display: none;\n}\n<\/style>\n","protected":false},"excerpt":{"rendered":"<p>Your QuestionsAnswered<\/p>\n","protected":false},"author":1,"featured_media":0,"parent":0,"menu_order":0,"comment_status":"closed","ping_status":"closed","template":"wp-custom-template-canvas","meta":{"_uag_custom_page_level_css":"","footnotes":""},"class_list":["post-42260","page","type-page","status-publish","hentry"],"yoast_head":"<!-- This site is optimized with the Yoast SEO Premium plugin v27.5 (Yoast SEO v27.5) - https:\/\/yoast.com\/product\/yoast-seo-premium-wordpress\/ -->\n<title>Cenn\u00edk - SPORT.VIDEO<\/title>\n<meta name=\"robots\" content=\"index, follow, max-snippet:-1, max-image-preview:large, max-video-preview:-1\" \/>\n<link rel=\"canonical\" href=\"https:\/\/product.sport.video\/sk\/cennik\/\" \/>\n<meta property=\"og:locale\" content=\"sk_SK\" \/>\n<meta property=\"og:type\" content=\"article\" \/>\n<meta property=\"og:title\" content=\"Cenn\u00edk\" \/>\n<meta property=\"og:description\" content=\"Your QuestionsAnswered\" \/>\n<meta property=\"og:url\" content=\"https:\/\/product.sport.video\/sk\/cennik\/\" \/>\n<meta property=\"og:site_name\" content=\"SPORT.VIDEO\" \/>\n<meta property=\"article:modified_time\" content=\"2026-02-10T11:43:26+00:00\" \/>\n<meta name=\"twitter:card\" content=\"summary_large_image\" \/>\n<meta name=\"twitter:label1\" content=\"Predpokladan\u00fd \u010das \u010d\u00edtania\" \/>\n\t<meta name=\"twitter:data1\" content=\"1 min\u00fata\" \/>\n<script type=\"application\/ld+json\" class=\"yoast-schema-graph\">{\"@context\":\"https:\\\/\\\/schema.org\",\"@graph\":[{\"@type\":\"WebPage\",\"@id\":\"https:\\\/\\\/product.sport.video\\\/sk\\\/cennik\\\/\",\"url\":\"https:\\\/\\\/product.sport.video\\\/sk\\\/cennik\\\/\",\"name\":\"Cenn\u00edk - SPORT.VIDEO\",\"isPartOf\":{\"@id\":\"https:\\\/\\\/product.sport.video\\\/sk\\\/#website\"},\"datePublished\":\"2026-02-03T18:54:07+00:00\",\"dateModified\":\"2026-02-10T11:43:26+00:00\",\"breadcrumb\":{\"@id\":\"https:\\\/\\\/product.sport.video\\\/sk\\\/cennik\\\/#breadcrumb\"},\"inLanguage\":\"sk-SK\",\"potentialAction\":[{\"@type\":\"ReadAction\",\"target\":[\"https:\\\/\\\/product.sport.video\\\/sk\\\/cennik\\\/\"]}]},{\"@type\":\"BreadcrumbList\",\"@id\":\"https:\\\/\\\/product.sport.video\\\/sk\\\/cennik\\\/#breadcrumb\",\"itemListElement\":[{\"@type\":\"ListItem\",\"position\":1,\"name\":\"Home\",\"item\":\"https:\\\/\\\/product.sport.video\\\/sk\\\/\"},{\"@type\":\"ListItem\",\"position\":2,\"name\":\"Cenn\u00edk\"}]},{\"@type\":\"WebSite\",\"@id\":\"https:\\\/\\\/product.sport.video\\\/sk\\\/#website\",\"url\":\"https:\\\/\\\/product.sport.video\\\/sk\\\/\",\"name\":\"Sport.Video\",\"description\":\"\",\"publisher\":{\"@id\":\"https:\\\/\\\/product.sport.video\\\/sk\\\/#organization\"},\"potentialAction\":[{\"@type\":\"SearchAction\",\"target\":{\"@type\":\"EntryPoint\",\"urlTemplate\":\"https:\\\/\\\/product.sport.video\\\/sk\\\/?s={search_term_string}\"},\"query-input\":{\"@type\":\"PropertyValueSpecification\",\"valueRequired\":true,\"valueName\":\"search_term_string\"}}],\"inLanguage\":\"sk-SK\"},{\"@type\":\"Organization\",\"@id\":\"https:\\\/\\\/product.sport.video\\\/sk\\\/#organization\",\"name\":\"Sport.Video\",\"alternateName\":\"SV\",\"url\":\"https:\\\/\\\/product.sport.video\\\/sk\\\/\",\"logo\":{\"@type\":\"ImageObject\",\"inLanguage\":\"sk-SK\",\"@id\":\"https:\\\/\\\/product.sport.video\\\/sk\\\/#\\\/schema\\\/logo\\\/image\\\/\",\"url\":\"https:\\\/\\\/product.sport.video\\\/wp-content\\\/uploads\\\/2026\\\/02\\\/icon.png\",\"contentUrl\":\"https:\\\/\\\/product.sport.video\\\/wp-content\\\/uploads\\\/2026\\\/02\\\/icon.png\",\"width\":512,\"height\":512,\"caption\":\"Sport.Video\"},\"image\":{\"@id\":\"https:\\\/\\\/product.sport.video\\\/sk\\\/#\\\/schema\\\/logo\\\/image\\\/\"}}]}<\/script>\n<!-- \/ Yoast SEO Premium plugin. -->","yoast_head_json":{"title":"Cenn\u00edk - SPORT.VIDEO","robots":{"index":"index","follow":"follow","max-snippet":"max-snippet:-1","max-image-preview":"max-image-preview:large","max-video-preview":"max-video-preview:-1"},"canonical":"https:\/\/product.sport.video\/sk\/cennik\/","og_locale":"sk_SK","og_type":"article","og_title":"Cenn\u00edk","og_description":"Your QuestionsAnswered","og_url":"https:\/\/product.sport.video\/sk\/cennik\/","og_site_name":"SPORT.VIDEO","article_modified_time":"2026-02-10T11:43:26+00:00","twitter_card":"summary_large_image","twitter_misc":{"Predpokladan\u00fd \u010das \u010d\u00edtania":"1 min\u00fata"},"schema":{"@context":"https:\/\/schema.org","@graph":[{"@type":"WebPage","@id":"https:\/\/product.sport.video\/sk\/cennik\/","url":"https:\/\/product.sport.video\/sk\/cennik\/","name":"Cenn\u00edk - SPORT.VIDEO","isPartOf":{"@id":"https:\/\/product.sport.video\/sk\/#website"},"datePublished":"2026-02-03T18:54:07+00:00","dateModified":"2026-02-10T11:43:26+00:00","breadcrumb":{"@id":"https:\/\/product.sport.video\/sk\/cennik\/#breadcrumb"},"inLanguage":"sk-SK","potentialAction":[{"@type":"ReadAction","target":["https:\/\/product.sport.video\/sk\/cennik\/"]}]},{"@type":"BreadcrumbList","@id":"https:\/\/product.sport.video\/sk\/cennik\/#breadcrumb","itemListElement":[{"@type":"ListItem","position":1,"name":"Home","item":"https:\/\/product.sport.video\/sk\/"},{"@type":"ListItem","position":2,"name":"Cenn\u00edk"}]},{"@type":"WebSite","@id":"https:\/\/product.sport.video\/sk\/#website","url":"https:\/\/product.sport.video\/sk\/","name":"Sport.Video","description":"","publisher":{"@id":"https:\/\/product.sport.video\/sk\/#organization"},"potentialAction":[{"@type":"SearchAction","target":{"@type":"EntryPoint","urlTemplate":"https:\/\/product.sport.video\/sk\/?s={search_term_string}"},"query-input":{"@type":"PropertyValueSpecification","valueRequired":true,"valueName":"search_term_string"}}],"inLanguage":"sk-SK"},{"@type":"Organization","@id":"https:\/\/product.sport.video\/sk\/#organization","name":"Sport.Video","alternateName":"SV","url":"https:\/\/product.sport.video\/sk\/","logo":{"@type":"ImageObject","inLanguage":"sk-SK","@id":"https:\/\/product.sport.video\/sk\/#\/schema\/logo\/image\/","url":"https:\/\/product.sport.video\/wp-content\/uploads\/2026\/02\/icon.png","contentUrl":"https:\/\/product.sport.video\/wp-content\/uploads\/2026\/02\/icon.png","width":512,"height":512,"caption":"Sport.Video"},"image":{"@id":"https:\/\/product.sport.video\/sk\/#\/schema\/logo\/image\/"}}]}},"uagb_featured_image_src":{"full":false,"thumbnail":false,"medium":false,"medium_large":false,"large":false,"1536x1536":false,"2048x2048":false},"uagb_author_info":{"display_name":"devadmin","author_link":"https:\/\/product.sport.video\/sk\/author\/devadmin\/"},"uagb_comment_info":0,"uagb_excerpt":"Your QuestionsAnswered","_links":{"self":[{"href":"https:\/\/product.sport.video\/sk\/wp-json\/wp\/v2\/pages\/42260","targetHints":{"allow":["GET"]}}],"collection":[{"href":"https:\/\/product.sport.video\/sk\/wp-json\/wp\/v2\/pages"}],"about":[{"href":"https:\/\/product.sport.video\/sk\/wp-json\/wp\/v2\/types\/page"}],"author":[{"embeddable":true,"href":"https:\/\/product.sport.video\/sk\/wp-json\/wp\/v2\/users\/1"}],"replies":[{"embeddable":true,"href":"https:\/\/product.sport.video\/sk\/wp-json\/wp\/v2\/comments?post=42260"}],"version-history":[{"count":0,"href":"https:\/\/product.sport.video\/sk\/wp-json\/wp\/v2\/pages\/42260\/revisions"}],"wp:attachment":[{"href":"https:\/\/product.sport.video\/sk\/wp-json\/wp\/v2\/media?parent=42260"}],"curies":[{"name":"wp","href":"https:\/\/api.w.org\/{rel}","templated":true}]}}